{"id":10,"date":"2024-05-27T16:47:17","date_gmt":"2024-05-27T13:47:17","guid":{"rendered":"https:\/\/luckyaviator-win.com\/?page_id=10"},"modified":"2024-05-28T04:20:26","modified_gmt":"2024-05-28T01:20:26","slug":"aviator-game-strategies-how-to-increase-your-chances-of-success","status":"publish","type":"page","link":"https:\/\/luckyaviator-win.com\/de\/aviator-game-strategies-how-to-increase-your-chances-of-success\/","title":{"rendered":"Strategien f\u00fcr das Spiel Aviator: Wie man seine Erfolgschancen erh\u00f6ht"},"content":{"rendered":"<p><span style=\"font-weight: 400;\">Aviator ist ein aufregendes Crash-Spiel, bei dem jede Entscheidung zu gro\u00dfen Gewinnen oder Verlusten f\u00fchren kann. Um Ihre Erfolgschancen zu erh\u00f6hen und Risiken zu minimieren, verwenden viele Spieler verschiedene Strategien. In diesem Artikel werden wir die drei beliebtesten Aviator-Strategien im Detail betrachten: Martingale, Fibonacci und feste Wetten.<\/span><\/p>\n<h2><b>Martingale-Strategie<\/b><\/h2>\n<p><b>Strategie-Grundlagen:<\/b><\/p>\n<p><span style=\"font-weight: 400;\">Die Martingale-Strategie ist eine der bekanntesten und am h\u00e4ufigsten verwendeten Strategien in Gl\u00fccksspielen. Sie basiert darauf, die Wette nach jedem Verlust zu verdoppeln, um alle vorherigen Verluste mit dem ersten Gewinn abzudecken und einen Gewinn zu erzielen.<\/span><\/p>\n<h3><b>Wie man sie anwendet:<\/b><\/h3>\n<ol>\n<li style=\"font-weight: 400;\" aria-level=\"1\"><b>Anfangswette<\/b><span style=\"font-weight: 400;\">: Bestimmen Sie den Betrag der Anfangswette. Angenommen, es sind 1 Dollar.<\/span><\/li>\n<li style=\"font-weight: 400;\" aria-level=\"1\"><b>Wettverdopplung<\/b><span style=\"font-weight: 400;\">: Nach jedem Verlust verdoppeln Sie die Wette (1, 2, 4, 8, 16, usw.).<\/span><\/li>\n<li style=\"font-weight: 400;\" aria-level=\"1\"><b>Wetter\u00fccksetzung<\/b><span style=\"font-weight: 400;\">: Nach dem ersten Gewinn kehren Sie zur Anfangswette zur\u00fcck und wiederholen den Vorgang.<\/span><\/li>\n<\/ol>\n<h3><b>Beispiel:<\/b><\/h3>\n<ul>\n<li style=\"font-weight: 400;\" aria-level=\"1\"><span style=\"font-weight: 400;\">1-Dollar-Wette \u2014 Verlust<\/span><\/li>\n<li style=\"font-weight: 400;\" aria-level=\"1\"><span style=\"font-weight: 400;\">2-Dollar-Wette \u2014 Verlust<\/span><\/li>\n<li style=\"font-weight: 400;\" aria-level=\"1\"><span style=\"font-weight: 400;\">4-Dollar-Wette \u2014 Verlust<\/span><\/li>\n<li style=\"font-weight: 400;\" aria-level=\"1\"><span style=\"font-weight: 400;\">8-Dollar-Wette \u2014 Gewinn (16 Dollar erhalten, alle vorherigen Verluste abdecken und 1 Dollar Gewinn erzielen)<\/span><\/li>\n<\/ul>\n<h3><b>Vorteile:<\/b><\/h3>\n<ul>\n<li style=\"font-weight: 400;\" aria-level=\"1\"><span style=\"font-weight: 400;\">Einfachheit und Benutzerfreundlichkeit<\/span><\/li>\n<li style=\"font-weight: 400;\" aria-level=\"1\"><span style=\"font-weight: 400;\">F\u00e4higkeit, Verluste schnell wieder hereinzuholen<\/span><\/li>\n<\/ul>\n<h3><b>Nachteile:<\/b><\/h3>\n<ul>\n<li style=\"font-weight: 400;\" aria-level=\"1\"><span style=\"font-weight: 400;\">Erfordert einen erheblichen Bankroll, um eine Verlustserie abzudecken<\/span><\/li>\n<li style=\"font-weight: 400;\" aria-level=\"1\"><span style=\"font-weight: 400;\">Einsatzlimits der Plattform k\u00f6nnen die Anwendung der Strategie behindern<\/span><\/li>\n<\/ul>\n<h2><b>Fibonacci-Strategie<\/b><\/h2>\n<h3><b>Strategie-Grundlagen:<\/b><\/h3>\n<p><span style=\"font-weight: 400;\">Die Fibonacci-Strategie basiert auf einer Zahlenfolge, bei der jede nachfolgende Zahl die Summe der beiden vorhergehenden ist (1, 1, 2, 3, 5, 8, usw.). Diese Strategie ist konservativer im Vergleich zur Martingale und erm\u00f6glicht eine sanftere Verwaltung des Bankrolls.<\/span><\/p>\n<h3><b>Wie man sie anwendet:<\/b><\/h3>\n<ol>\n<li style=\"font-weight: 400;\" aria-level=\"1\"><b>Anfangswette<\/b><span style=\"font-weight: 400;\">: Bestimmen Sie den Betrag der Anfangswette.<\/span><\/li>\n<li style=\"font-weight: 400;\" aria-level=\"1\"><b>Wettsequenz<\/b><span style=\"font-weight: 400;\">: Nach jedem Verlust gehen Sie zur n\u00e4chsten Zahl in der Sequenz \u00fcber.<\/span><\/li>\n<li style=\"font-weight: 400;\" aria-level=\"1\"><b>Zur\u00fcck zum Anfang<\/b><span style=\"font-weight: 400;\">: Nach einem Gewinn gehen Sie zwei Positionen in der Sequenz zur\u00fcck.<\/span><\/li>\n<\/ol>\n<h3><b>Beispiel:<\/b><\/h3>\n<ul>\n<li style=\"font-weight: 400;\" aria-level=\"1\"><span style=\"font-weight: 400;\">1-Dollar-Wette \u2014 Verlust<\/span><\/li>\n<li style=\"font-weight: 400;\" aria-level=\"1\"><span style=\"font-weight: 400;\">1-Dollar-Wette \u2014 Verlust<\/span><\/li>\n<li style=\"font-weight: 400;\" aria-level=\"1\"><span style=\"font-weight: 400;\">2-Dollar-Wette \u2014 Verlust<\/span><\/li>\n<li style=\"font-weight: 400;\" aria-level=\"1\"><span style=\"font-weight: 400;\">3-Dollar-Wette \u2014 Gewinn (gehen Sie zwei Positionen zur\u00fcck und setzen Sie wieder 1 Dollar)<\/span><\/li>\n<\/ul>\n<h3><b>Vorteile:<\/b><\/h3>\n<ul>\n<li style=\"font-weight: 400;\" aria-level=\"1\"><span style=\"font-weight: 400;\">Sanftere Wettprogression im Vergleich zur Martingale<\/span><\/li>\n<li style=\"font-weight: 400;\" aria-level=\"1\"><span style=\"font-weight: 400;\">Geringeres Risiko bei langen Verlustserien<\/span><\/li>\n<\/ul>\n<h3><b>Nachteile:<\/b><\/h3>\n<ul>\n<li style=\"font-weight: 400;\" aria-level=\"1\"><span style=\"font-weight: 400;\">Langsamere Erholung von Verlusten im Vergleich zur Martingale<\/span><\/li>\n<li style=\"font-weight: 400;\" aria-level=\"1\"><span style=\"font-weight: 400;\">Erfordert ein gutes Verst\u00e4ndnis der Sequenz und Disziplin<\/span><\/li>\n<\/ul>\n<h2><b>Feste Wettstrategie<\/b><\/h2>\n<h3><b>Strategie-Grundlagen:<\/b><\/h3>\n<p><span style=\"font-weight: 400;\">Die feste Wettstrategie geht davon aus, dass der Spieler bei jeder Runde denselben Betrag setzt, unabh\u00e4ngig davon, ob er gewinnt oder verliert. Diese Strategie ist einfach und eignet sich f\u00fcr Spieler, die Stabilit\u00e4t bevorzugen.<\/span><\/p>\n<h3><b>Wie man sie anwendet:<\/b><\/h3>\n<ol>\n<li style=\"font-weight: 400;\" aria-level=\"1\"><b>Bestimmen Sie den Einsatzbetrag<\/b><span style=\"font-weight: 400;\">: W\u00e4hlen Sie einen komfortablen Betrag, den Sie bei jeder Runde setzen werden.<\/span><\/li>\n<li style=\"font-weight: 400;\" aria-level=\"1\"><b>\u00c4ndern Sie den Einsatz nicht<\/b><span style=\"font-weight: 400;\">: Setzen Sie den gleichen Betrag w\u00e4hrend des gesamten Spiels.<\/span><\/li>\n<\/ol>\n<h3><b>Beispiel:<\/b><\/h3>\n<ul>\n<li style=\"font-weight: 400;\" aria-level=\"1\"><span style=\"font-weight: 400;\">Setzen Sie bei jeder Runde 2 Dollar, unabh\u00e4ngig vom Ergebnis der vorherigen Runde.<\/span><\/li>\n<\/ul>\n<h3><b>Vorteile:<\/b><\/h3>\n<ul>\n<li style=\"font-weight: 400;\" aria-level=\"1\"><span style=\"font-weight: 400;\">Einfachheit und Benutzerfreundlichkeit<\/span><\/li>\n<li style=\"font-weight: 400;\" aria-level=\"1\"><span style=\"font-weight: 400;\">Volle Kontrolle \u00fcber das Bankroll<\/span><\/li>\n<li style=\"font-weight: 400;\" aria-level=\"1\"><span style=\"font-weight: 400;\">Weniger emotionale Entscheidungen<\/span><\/li>\n<\/ul>\n<h3><b>Nachteile:<\/b><\/h3>\n<ul>\n<li style=\"font-weight: 400;\" aria-level=\"1\"><span style=\"font-weight: 400;\">Unf\u00e4higkeit, Verluste schnell wieder hereinzuholen<\/span><\/li>\n<li style=\"font-weight: 400;\" aria-level=\"1\"><span style=\"font-weight: 400;\">Weniger Adrenalin f\u00fcr Spieler, die hohe Risiken suchen<\/span><\/li>\n<\/ul>\n<h2><b>Wahl einer Strategie<\/b><\/h2>\n<p><span style=\"font-weight: 400;\">Die Wahl der Strategie im Aviator-Spiel h\u00e4ngt von Ihren pers\u00f6nlichen Vorlieben, Ihrer Risikotoleranz und der Gr\u00f6\u00dfe Ihres Bankrolls ab. Die Martingale-Strategie eignet sich f\u00fcr Spieler, die bereit sind, Risiken einzugehen, um Verluste schnell wieder hereinzuholen. Fibonacci bietet einen sanfteren Ansatz und reduziert das Risiko, erfordert jedoch Disziplin und Aufmerksamkeit. Feste Wetten sind perfekt f\u00fcr diejenigen, die Stabilit\u00e4t und Kontrolle \u00fcber ihre Finanzen sch\u00e4tzen.<\/span><\/p>\n<p><span style=\"font-weight: 400;\">Denken Sie daran, dass alle Strategien Risiken beinhalten und keine davon einen Gewinn garantiert. Spielen Sie verantwortungsbewusst, setzen Sie Grenzen und denken Sie daran, dass das Wichtigste bei Aviator ist, den Prozess zu genie\u00dfen. Viel Gl\u00fcck und gro\u00dfe Gewinne!<\/span><\/p>\n","protected":false},"excerpt":{"rendered":"<p>Aviator ist ein aufregendes Crash-Spiel, bei dem jede Entscheidung zu gro\u00dfen Gewinnen oder Verlusten f\u00fchren kann. Um Ihre Erfolgschancen zu erh\u00f6hen und<span class=\"more-button\"><a href=\"https:\/\/luckyaviator-win.com\/de\/aviator-game-strategies-how-to-increase-your-chances-of-success\/\" class=\"more-link more-icon\">Continue reading<span class=\"screen-reader-text\">Strategien f\u00fcr das Spiel Aviator: Wie man seine Erfolgschancen erh\u00f6ht<\/span><\/a><\/span><\/p>\n","protected":false},"author":1,"featured_media":0,"parent":0,"menu_order":0,"comment_status":"closed","ping_status":"closed","template":"","meta":{"footnotes":""},"class_list":["post-10","page","type-page","status-publish","hentry"],"yoast_head":"<!-- This site is optimized with the Yoast SEO plugin v27.2 - https:\/\/yoast.com\/product\/yoast-seo-wordpress\/ -->\n<title>Strat\u00e9gie de Jeu Aviator<\/title>\n<meta name=\"description\" content=\"Wie man Aviator spielt und gewinnt. Strategien und Taktiken f\u00fcr neue und erfahrene Spieler von Aviator. Spielen Sie Aviator um echtes Geld.\" \/>\n<meta name=\"robots\" content=\"index, follow, max-snippet:-1, max-image-preview:large, max-video-preview:-1\" \/>\n<link rel=\"canonical\" href=\"https:\/\/luckyaviator-win.com\/de\/aviator-game-strategies-how-to-increase-your-chances-of-success\/\" \/>\n<meta property=\"og:locale\" content=\"de_DE\" \/>\n<meta property=\"og:locale:alternate\" content=\"ru_RU\" \/>\n<meta property=\"og:locale:alternate\" content=\"en_US\" \/>\n<meta property=\"og:locale:alternate\" content=\"pt_PT\" \/>\n<meta property=\"og:locale:alternate\" content=\"es_ES\" \/>\n<meta property=\"og:locale:alternate\" content=\"fr_FR\" \/>\n<meta property=\"og:locale:alternate\" content=\"ro_RO\" \/>\n<meta property=\"og:locale:alternate\" content=\"sr_RS\" \/>\n<meta property=\"og:locale:alternate\" content=\"bg_BG\" \/>\n<meta property=\"og:locale:alternate\" content=\"it_IT\" \/>\n<meta property=\"og:type\" content=\"article\" \/>\n<meta property=\"og:title\" content=\"Strat\u00e9gie de Jeu Aviator\" \/>\n<meta property=\"og:description\" content=\"Comment jouer et gagner \u00e0 Aviator. Strat\u00e9gies et tactiques pour jouer \u00e0 Aviator pour les nouveaux et les joueurs exp\u00e9riment\u00e9s. Jouez \u00e0 Aviator pour de l&#039;argent r\u00e9el.\" \/>\n<meta property=\"og:url\" content=\"https:\/\/luckyaviator-win.com\/de\/aviator-game-strategies-how-to-increase-your-chances-of-success\/\" \/>\n<meta property=\"og:site_name\" content=\"Aviator\" \/>\n<meta property=\"article:modified_time\" content=\"2024-05-28T01:20:26+00:00\" \/>\n<meta name=\"twitter:card\" content=\"summary_large_image\" \/>\n<meta name=\"twitter:label1\" content=\"Gesch\u00e4tzte Lesezeit\" \/>\n\t<meta name=\"twitter:data1\" content=\"21\u00a0Minuten\" \/>\n<script type=\"application\/ld+json\" class=\"yoast-schema-graph\">{\"@context\":\"https:\/\/schema.org\",\"@graph\":[{\"@type\":\"WebPage\",\"@id\":\"https:\/\/luckyaviator-win.com\/fr\/aviator-game-strategies-how-to-increase-your-chances-of-success\/\",\"url\":\"https:\/\/luckyaviator-win.com\/fr\/aviator-game-strategies-how-to-increase-your-chances-of-success\/\",\"name\":\"Strat\u00e9gie de Jeu Aviator\",\"isPartOf\":{\"@id\":\"https:\/\/luckyaviator-win.com\/#website\"},\"datePublished\":\"2024-05-27T13:47:17+00:00\",\"dateModified\":\"2024-05-28T01:20:26+00:00\",\"description\":\"Comment jouer et gagner \u00e0 Aviator. Strat\u00e9gies et tactiques pour jouer \u00e0 Aviator pour les nouveaux et les joueurs exp\u00e9riment\u00e9s. Jouez \u00e0 Aviator pour de l'argent r\u00e9el.\",\"breadcrumb\":{\"@id\":\"https:\/\/luckyaviator-win.com\/fr\/aviator-game-strategies-how-to-increase-your-chances-of-success\/#breadcrumb\"},\"inLanguage\":\"de-DE\",\"potentialAction\":[{\"@type\":\"ReadAction\",\"target\":[\"https:\/\/luckyaviator-win.com\/fr\/aviator-game-strategies-how-to-increase-your-chances-of-success\/\"]}]},{\"@type\":\"BreadcrumbList\",\"@id\":\"https:\/\/luckyaviator-win.com\/fr\/aviator-game-strategies-how-to-increase-your-chances-of-success\/#breadcrumb\",\"itemListElement\":[{\"@type\":\"ListItem\",\"position\":1,\"name\":\"\u0413\u043b\u0430\u0432\u043d\u0430\u044f \u0441\u0442\u0440\u0430\u043d\u0438\u0446\u0430\",\"item\":\"https:\/\/luckyaviator-win.com\/\"},{\"@type\":\"ListItem\",\"position\":2,\"name\":\"Strat\u00e9gies du Jeu Aviator : Comment Augmenter vos Chances de Succ\u00e8s\"}]},{\"@type\":\"WebSite\",\"@id\":\"https:\/\/luckyaviator-win.com\/#website\",\"url\":\"https:\/\/luckyaviator-win.com\/\",\"name\":\"Aviator\",\"description\":\"\",\"potentialAction\":[{\"@type\":\"SearchAction\",\"target\":{\"@type\":\"EntryPoint\",\"urlTemplate\":\"https:\/\/luckyaviator-win.com\/?s={search_term_string}\"},\"query-input\":{\"@type\":\"PropertyValueSpecification\",\"valueRequired\":true,\"valueName\":\"search_term_string\"}}],\"inLanguage\":\"de-DE\"}]}<\/script>\n<!-- \/ Yoast SEO plugin. -->","yoast_head_json":{"title":"Strat\u00e9gie de Jeu Aviator","description":"Wie man Aviator spielt und gewinnt. Strategien und Taktiken f\u00fcr neue und erfahrene Spieler von Aviator. Spielen Sie Aviator um echtes Geld.","robots":{"index":"index","follow":"follow","max-snippet":"max-snippet:-1","max-image-preview":"max-image-preview:large","max-video-preview":"max-video-preview:-1"},"canonical":"https:\/\/luckyaviator-win.com\/de\/aviator-game-strategies-how-to-increase-your-chances-of-success\/","og_locale":"de_DE","og_type":"article","og_title":"Strat\u00e9gie de Jeu Aviator","og_description":"Comment jouer et gagner \u00e0 Aviator. Strat\u00e9gies et tactiques pour jouer \u00e0 Aviator pour les nouveaux et les joueurs exp\u00e9riment\u00e9s. Jouez \u00e0 Aviator pour de l'argent r\u00e9el.","og_url":"https:\/\/luckyaviator-win.com\/de\/aviator-game-strategies-how-to-increase-your-chances-of-success\/","og_site_name":"Aviator","article_modified_time":"2024-05-28T01:20:26+00:00","twitter_card":"summary_large_image","twitter_misc":{"Gesch\u00e4tzte Lesezeit":"21\u00a0Minuten"},"schema":{"@context":"https:\/\/schema.org","@graph":[{"@type":"WebPage","@id":"https:\/\/luckyaviator-win.com\/fr\/aviator-game-strategies-how-to-increase-your-chances-of-success\/","url":"https:\/\/luckyaviator-win.com\/fr\/aviator-game-strategies-how-to-increase-your-chances-of-success\/","name":"Strat\u00e9gie de Jeu Aviator","isPartOf":{"@id":"https:\/\/luckyaviator-win.com\/#website"},"datePublished":"2024-05-27T13:47:17+00:00","dateModified":"2024-05-28T01:20:26+00:00","description":"Comment jouer et gagner \u00e0 Aviator. Strat\u00e9gies et tactiques pour jouer \u00e0 Aviator pour les nouveaux et les joueurs exp\u00e9riment\u00e9s. Jouez \u00e0 Aviator pour de l'argent r\u00e9el.","breadcrumb":{"@id":"https:\/\/luckyaviator-win.com\/fr\/aviator-game-strategies-how-to-increase-your-chances-of-success\/#breadcrumb"},"inLanguage":"de-DE","potentialAction":[{"@type":"ReadAction","target":["https:\/\/luckyaviator-win.com\/fr\/aviator-game-strategies-how-to-increase-your-chances-of-success\/"]}]},{"@type":"BreadcrumbList","@id":"https:\/\/luckyaviator-win.com\/fr\/aviator-game-strategies-how-to-increase-your-chances-of-success\/#breadcrumb","itemListElement":[{"@type":"ListItem","position":1,"name":"\u0413\u043b\u0430\u0432\u043d\u0430\u044f \u0441\u0442\u0440\u0430\u043d\u0438\u0446\u0430","item":"https:\/\/luckyaviator-win.com\/"},{"@type":"ListItem","position":2,"name":"Strat\u00e9gies du Jeu Aviator : Comment Augmenter vos Chances de Succ\u00e8s"}]},{"@type":"WebSite","@id":"https:\/\/luckyaviator-win.com\/#website","url":"https:\/\/luckyaviator-win.com\/","name":"Aviator","description":"","potentialAction":[{"@type":"SearchAction","target":{"@type":"EntryPoint","urlTemplate":"https:\/\/luckyaviator-win.com\/?s={search_term_string}"},"query-input":{"@type":"PropertyValueSpecification","valueRequired":true,"valueName":"search_term_string"}}],"inLanguage":"de-DE"}]}},"_links":{"self":[{"href":"https:\/\/luckyaviator-win.com\/de\/wp-json\/wp\/v2\/pages\/10","targetHints":{"allow":["GET"]}}],"collection":[{"href":"https:\/\/luckyaviator-win.com\/de\/wp-json\/wp\/v2\/pages"}],"about":[{"href":"https:\/\/luckyaviator-win.com\/de\/wp-json\/wp\/v2\/types\/page"}],"author":[{"embeddable":true,"href":"https:\/\/luckyaviator-win.com\/de\/wp-json\/wp\/v2\/users\/1"}],"replies":[{"embeddable":true,"href":"https:\/\/luckyaviator-win.com\/de\/wp-json\/wp\/v2\/comments?post=10"}],"version-history":[{"count":22,"href":"https:\/\/luckyaviator-win.com\/de\/wp-json\/wp\/v2\/pages\/10\/revisions"}],"predecessor-version":[{"id":114,"href":"https:\/\/luckyaviator-win.com\/de\/wp-json\/wp\/v2\/pages\/10\/revisions\/114"}],"wp:attachment":[{"href":"https:\/\/luckyaviator-win.com\/de\/wp-json\/wp\/v2\/media?parent=10"}],"curies":[{"name":"wp","href":"https:\/\/api.w.org\/{rel}","templated":true}]}}