{"id":14,"date":"2024-05-27T17:01:17","date_gmt":"2024-05-27T14:01:17","guid":{"rendered":"https:\/\/luckyaviator-win.com\/?page_id=14"},"modified":"2024-05-28T04:02:13","modified_gmt":"2024-05-28T01:02:13","slug":"how-to-predict-the-outcome-in-the-crash-game-aviator","status":"publish","type":"page","link":"https:\/\/luckyaviator-win.com\/de\/how-to-predict-the-outcome-in-the-crash-game-aviator\/","title":{"rendered":"Wie man das Ergebnis im Crash-Spiel Aviator vorhersagt"},"content":{"rendered":"<p><span style=\"font-weight: 400;\">Das Aviator-Crash-Spiel ist bei Gl\u00fccksspielbegeisterten aufgrund seiner einfachen, aber aufregenden Mechanik unglaublich beliebt geworden. Die Hauptfrage, die die Spieler besch\u00e4ftigt, ist jedoch, ob es m\u00f6glich ist, den Ausgang des Spiels vorherzusagen und ihre Gewinnchancen zu erh\u00f6hen. In diesem Artikel werden wir untersuchen, wie Sie versuchen k\u00f6nnen, den Ausgang bei Aviator vorherzusagen und welche Strategien Ihnen zum Erfolg verhelfen k\u00f6nnen.<\/span><\/p>\n<h2><b>Die Spielmechanik verstehen<\/b><\/h2>\n<p><span style=\"font-weight: 400;\">Bevor Sie versuchen, Ergebnisse vorherzusagen, ist es wichtig zu verstehen, wie Aviator funktioniert. In jeder Runde startet das Flugzeug und der Wettmultiplikator beginnt zu wachsen. Jederzeit kann das Flugzeug abst\u00fcrzen, und wenn Sie nicht rechtzeitig auszahlen, verlieren Sie Ihr Geld. Das Spiel basiert auf Zufallszahlen, daher ist es unm\u00f6glich, den genauen Absturzzeitpunkt vorherzusagen. Es gibt jedoch Methoden, die Ihnen helfen k\u00f6nnen, fundiertere Entscheidungen zu treffen.<\/span><\/p>\n<h2><b>Analyse der Fluggeschichte<\/b><\/h2>\n<p><span style=\"font-weight: 400;\">Eine Methode, die bei der Vorhersage des Ergebnisses helfen kann, ist die Analyse der Fluggeschichte. Achten Sie auf fr\u00fchere Ergebnisse, um m\u00f6gliche Muster oder Trends zu identifizieren. Wenn das Flugzeug in den letzten Runden beispielsweise bei niedrigen Multiplikatoren abgest\u00fcrzt ist, k\u00f6nnte es in der n\u00e4chsten Runde h\u00f6her fliegen. Denken Sie jedoch daran, dass dies keinen Erfolg garantiert, da jede Runde unabh\u00e4ngig von den vorherigen ist.<\/span><\/p>\n<h2><b>Verwendung von Wettstrategien<\/b><\/h2>\n<p><span style=\"font-weight: 400;\">Es gibt mehrere Wettstrategien, die Ihnen helfen k\u00f6nnen, Risiken zu managen und Ihre Gewinnchancen zu maximieren:<\/span><\/p>\n<h3><b>Martingale-Strategie<\/b><\/h3>\n<p><span style=\"font-weight: 400;\">Die Martingale-Strategie beinhaltet das Verdoppeln Ihrer Wette nach jedem Verlust. Das Ziel ist es, alle vorherigen Verluste mit dem ersten Gewinn auszugleichen. Dies kann effektiv sein, wenn Sie \u00fcber ein ausreichend gro\u00dfes Guthaben verf\u00fcgen, um eine Serie von Verlusten zu \u00fcberstehen.<\/span><\/p>\n<h3><b>Fibonacci-Strategie<\/b><\/h3>\n<p><span style=\"font-weight: 400;\">Die Fibonacci-Strategie basiert auf einer Zahlenfolge, bei der jede Zahl die Summe der beiden vorhergehenden ist. Nach jedem Verlust gehen Sie zur n\u00e4chsten Zahl in der Sequenz \u00fcber und nach einem Gewinn gehen Sie zwei Positionen zur\u00fcck. Dies ist ein konservativerer Ansatz als die Martingale-Strategie.<\/span><\/p>\n<h3><b>Feste Wettstrategie<\/b><\/h3>\n<p><span style=\"font-weight: 400;\">Die feste Wettstrategie beinhaltet das Setzen desselben Betrags in jeder Runde. Dies erm\u00f6glicht es Ihnen, Ihre Ausgaben zu kontrollieren und gro\u00dfe Verluste zu vermeiden.<\/span><\/p>\n<h3><b>Testen von Strategien im Demomodus<\/b><\/h3>\n<p><span style=\"font-weight: 400;\">Bevor Sie Strategien mit echtem Geld anwenden, wird empfohlen, diese im Demomodus zu testen. Dadurch k\u00f6nnen Sie verstehen, wie die gew\u00e4hlte Strategie funktioniert und sie an Ihre Bed\u00fcrfnisse anpassen, ohne Geld zu riskieren. Viele Plattformen bieten diese M\u00f6glichkeit, wodurch der Lernprozess sicherer und komfortabler wird.<\/span><\/p>\n<h3><b>Psychologie und Bankroll-Management<\/b><\/h3>\n<p><span style=\"font-weight: 400;\">Erfolgreiches Spielen bei Aviator h\u00e4ngt nicht nur von Strategien ab, sondern auch von der Psychologie des Spielers. Es ist wichtig, ruhig zu bleiben und nicht den Emotionen zu erliegen. Setzen Sie Verlust- und Gewinnlimits, um erhebliche finanzielle Verluste zu vermeiden. Das Bankroll-Management hilft, Ihre Eins\u00e4tze zu kontrollieren und impulsive Entscheidungen zu vermeiden.<\/span><\/p>\n<h3><b>Realistische Erwartungen<\/b><\/h3>\n<p><span style=\"font-weight: 400;\">Unabh\u00e4ngig von der gew\u00e4hlten Strategie ist es wichtig, realistische Erwartungen zu haben. Aviator ist ein Gl\u00fccksspiel und das Ergebnis jeder Runde ist zuf\u00e4llig. Keine Strategie garantiert konstante Gewinne, spielen Sie daher verantwortungsvoll und genie\u00dfen Sie den Prozess.<\/span><\/p>\n<h2><b>Fazit<\/b><\/h2>\n<p><span style=\"font-weight: 400;\">Es ist unm\u00f6glich, das Ergebnis im Aviator-Crash-Spiel vorherzusagen, aber durch die Verwendung von Strategien und Analysemethoden k\u00f6nnen Sie fundiertere Entscheidungen treffen und Risiken managen. Die Analyse der Fluggeschichte, die Verwendung von Wettstrategien und das Management Ihrer Bankroll sind alles wichtige Aspekte eines erfolgreichen Spiels. Vergessen Sie nicht, Ihre Strategien im Demomodus zu testen und realistische Erwartungen zu setzen. Spielen Sie verantwortungsvoll und denken Sie daran, dass das Hauptziel darin besteht, das Spiel zu genie\u00dfen!<\/span><\/p>\n","protected":false},"excerpt":{"rendered":"<p>Das Aviator-Crash-Spiel ist bei Gl\u00fccksspielbegeisterten aufgrund seiner einfachen, aber aufregenden Mechanik unglaublich beliebt geworden. Die Hauptfrage, die die Spieler besch\u00e4ftigt, ist jedoch,<span class=\"more-button\"><a href=\"https:\/\/luckyaviator-win.com\/de\/how-to-predict-the-outcome-in-the-crash-game-aviator\/\" class=\"more-link more-icon\">Continue reading<span class=\"screen-reader-text\">Wie man das Ergebnis im Crash-Spiel Aviator vorhersagt<\/span><\/a><\/span><\/p>\n","protected":false},"author":1,"featured_media":0,"parent":0,"menu_order":0,"comment_status":"closed","ping_status":"closed","template":"","meta":{"footnotes":""},"class_list":["post-14","page","type-page","status-publish","hentry"],"yoast_head":"<!-- This site is optimized with the Yoast SEO plugin v27.2 - https:\/\/yoast.com\/product\/yoast-seo-wordpress\/ -->\n<title>\u041f\u0440\u0435\u0434\u0441\u043a\u0430\u0437\u0430\u0442\u044c \u0440\u0435\u0437\u0443\u043b\u044c\u0442\u0430\u0442 \u043a\u0440\u0430\u0448 \u0438\u0433\u0440\u044b \u0410\u0432\u0438\u0430\u0442\u043e\u0440<\/title>\n<meta name=\"description\" content=\"Vorhersagen und das Ergebnis im Crash-Spiel Aviator Vorhersagen. Prognosen im Online-Spiel Aviator. Spielen und das Ergebnis einer Runde im Aviator Vorhersagen.\" \/>\n<meta name=\"robots\" content=\"index, follow, max-snippet:-1, max-image-preview:large, max-video-preview:-1\" \/>\n<link rel=\"canonical\" href=\"https:\/\/luckyaviator-win.com\/de\/how-to-predict-the-outcome-in-the-crash-game-aviator\/\" \/>\n<meta property=\"og:locale\" content=\"de_DE\" \/>\n<meta property=\"og:locale:alternate\" content=\"ru_RU\" \/>\n<meta property=\"og:locale:alternate\" content=\"en_US\" \/>\n<meta property=\"og:locale:alternate\" content=\"pt_PT\" \/>\n<meta property=\"og:locale:alternate\" content=\"es_ES\" \/>\n<meta property=\"og:locale:alternate\" content=\"fr_FR\" \/>\n<meta property=\"og:locale:alternate\" content=\"ro_RO\" \/>\n<meta property=\"og:locale:alternate\" content=\"sr_RS\" \/>\n<meta property=\"og:locale:alternate\" content=\"bg_BG\" \/>\n<meta property=\"og:locale:alternate\" content=\"it_IT\" \/>\n<meta property=\"og:type\" content=\"article\" \/>\n<meta property=\"og:title\" content=\"\u041f\u0440\u0435\u0434\u0441\u043a\u0430\u0437\u0430\u0442\u044c \u0440\u0435\u0437\u0443\u043b\u044c\u0442\u0430\u0442 \u043a\u0440\u0430\u0448 \u0438\u0433\u0440\u044b \u0410\u0432\u0438\u0430\u0442\u043e\u0440\" \/>\n<meta property=\"og:description\" content=\"\u041f\u0440\u043e\u0433\u043d\u043e\u0437\u044b \u0438 \u043f\u0440\u0435\u0434\u0441\u043a\u0430\u0437\u0430\u0442\u044c \u0440\u0435\u0437\u0443\u043b\u044c\u0442\u0430\u0442 \u0432 \u043a\u0440\u0430\u0448 \u0438\u0433\u0440\u0435 \u0410\u0432\u0438\u0430\u0442\u043e\u0440. \u041f\u0440\u043e\u0433\u043d\u043e\u0437 \u0432 \u043e\u043d\u043b\u0430\u0439\u043d \u0438\u0433\u0440\u0435 \u0410\u0432\u0438\u0430\u0442\u043e\u0440. \u0418\u0433\u0440\u0430\u0442\u044c \u0438 \u043f\u0440\u0435\u0434\u0441\u043a\u0430\u0437\u0430\u0442\u044c \u0438\u0441\u0445\u043e\u0434 \u0440\u0430\u0443\u043d\u0434\u0430 \u0432 \u0410\u0432\u0438\u0430\u0442\u043e\u0440\u0435.\" \/>\n<meta property=\"og:url\" content=\"https:\/\/luckyaviator-win.com\/de\/how-to-predict-the-outcome-in-the-crash-game-aviator\/\" \/>\n<meta property=\"og:site_name\" content=\"Aviator\" \/>\n<meta property=\"article:modified_time\" content=\"2024-05-28T01:02:13+00:00\" \/>\n<meta name=\"twitter:card\" content=\"summary_large_image\" \/>\n<meta name=\"twitter:label1\" content=\"Gesch\u00e4tzte Lesezeit\" \/>\n\t<meta name=\"twitter:data1\" content=\"22\u00a0Minuten\" \/>\n<script type=\"application\/ld+json\" class=\"yoast-schema-graph\">{\"@context\":\"https:\/\/schema.org\",\"@graph\":[{\"@type\":\"WebPage\",\"@id\":\"https:\/\/luckyaviator-win.com\/how-to-predict-the-outcome-in-the-crash-game-aviator\/\",\"url\":\"https:\/\/luckyaviator-win.com\/how-to-predict-the-outcome-in-the-crash-game-aviator\/\",\"name\":\"\u041f\u0440\u0435\u0434\u0441\u043a\u0430\u0437\u0430\u0442\u044c \u0440\u0435\u0437\u0443\u043b\u044c\u0442\u0430\u0442 \u043a\u0440\u0430\u0448 \u0438\u0433\u0440\u044b \u0410\u0432\u0438\u0430\u0442\u043e\u0440\",\"isPartOf\":{\"@id\":\"https:\/\/luckyaviator-win.com\/#website\"},\"datePublished\":\"2024-05-27T14:01:17+00:00\",\"dateModified\":\"2024-05-28T01:02:13+00:00\",\"description\":\"\u041f\u0440\u043e\u0433\u043d\u043e\u0437\u044b \u0438 \u043f\u0440\u0435\u0434\u0441\u043a\u0430\u0437\u0430\u0442\u044c \u0440\u0435\u0437\u0443\u043b\u044c\u0442\u0430\u0442 \u0432 \u043a\u0440\u0430\u0448 \u0438\u0433\u0440\u0435 \u0410\u0432\u0438\u0430\u0442\u043e\u0440. \u041f\u0440\u043e\u0433\u043d\u043e\u0437 \u0432 \u043e\u043d\u043b\u0430\u0439\u043d \u0438\u0433\u0440\u0435 \u0410\u0432\u0438\u0430\u0442\u043e\u0440. \u0418\u0433\u0440\u0430\u0442\u044c \u0438 \u043f\u0440\u0435\u0434\u0441\u043a\u0430\u0437\u0430\u0442\u044c \u0438\u0441\u0445\u043e\u0434 \u0440\u0430\u0443\u043d\u0434\u0430 \u0432 \u0410\u0432\u0438\u0430\u0442\u043e\u0440\u0435.\",\"breadcrumb\":{\"@id\":\"https:\/\/luckyaviator-win.com\/how-to-predict-the-outcome-in-the-crash-game-aviator\/#breadcrumb\"},\"inLanguage\":\"de-DE\",\"potentialAction\":[{\"@type\":\"ReadAction\",\"target\":[\"https:\/\/luckyaviator-win.com\/how-to-predict-the-outcome-in-the-crash-game-aviator\/\"]}]},{\"@type\":\"BreadcrumbList\",\"@id\":\"https:\/\/luckyaviator-win.com\/how-to-predict-the-outcome-in-the-crash-game-aviator\/#breadcrumb\",\"itemListElement\":[{\"@type\":\"ListItem\",\"position\":1,\"name\":\"\u0413\u043b\u0430\u0432\u043d\u0430\u044f \u0441\u0442\u0440\u0430\u043d\u0438\u0446\u0430\",\"item\":\"https:\/\/luckyaviator-win.com\/\"},{\"@type\":\"ListItem\",\"position\":2,\"name\":\"\u041a\u0430\u043a \u043f\u0440\u0435\u0434\u0441\u043a\u0430\u0437\u0430\u0442\u044c \u0440\u0435\u0437\u0443\u043b\u044c\u0442\u0430\u0442 \u0432 \u043a\u0440\u0430\u0448 \u0438\u0433\u0440\u0435 \u0410\u0432\u0438\u0430\u0442\u043e\u0440\"}]},{\"@type\":\"WebSite\",\"@id\":\"https:\/\/luckyaviator-win.com\/#website\",\"url\":\"https:\/\/luckyaviator-win.com\/\",\"name\":\"Aviator\",\"description\":\"\",\"potentialAction\":[{\"@type\":\"SearchAction\",\"target\":{\"@type\":\"EntryPoint\",\"urlTemplate\":\"https:\/\/luckyaviator-win.com\/?s={search_term_string}\"},\"query-input\":{\"@type\":\"PropertyValueSpecification\",\"valueRequired\":true,\"valueName\":\"search_term_string\"}}],\"inLanguage\":\"de-DE\"}]}<\/script>\n<!-- \/ Yoast SEO plugin. -->","yoast_head_json":{"title":"\u041f\u0440\u0435\u0434\u0441\u043a\u0430\u0437\u0430\u0442\u044c \u0440\u0435\u0437\u0443\u043b\u044c\u0442\u0430\u0442 \u043a\u0440\u0430\u0448 \u0438\u0433\u0440\u044b \u0410\u0432\u0438\u0430\u0442\u043e\u0440","description":"Vorhersagen und das Ergebnis im Crash-Spiel Aviator Vorhersagen. Prognosen im Online-Spiel Aviator. Spielen und das Ergebnis einer Runde im Aviator Vorhersagen.","robots":{"index":"index","follow":"follow","max-snippet":"max-snippet:-1","max-image-preview":"max-image-preview:large","max-video-preview":"max-video-preview:-1"},"canonical":"https:\/\/luckyaviator-win.com\/de\/how-to-predict-the-outcome-in-the-crash-game-aviator\/","og_locale":"de_DE","og_type":"article","og_title":"\u041f\u0440\u0435\u0434\u0441\u043a\u0430\u0437\u0430\u0442\u044c \u0440\u0435\u0437\u0443\u043b\u044c\u0442\u0430\u0442 \u043a\u0440\u0430\u0448 \u0438\u0433\u0440\u044b \u0410\u0432\u0438\u0430\u0442\u043e\u0440","og_description":"\u041f\u0440\u043e\u0433\u043d\u043e\u0437\u044b \u0438 \u043f\u0440\u0435\u0434\u0441\u043a\u0430\u0437\u0430\u0442\u044c \u0440\u0435\u0437\u0443\u043b\u044c\u0442\u0430\u0442 \u0432 \u043a\u0440\u0430\u0448 \u0438\u0433\u0440\u0435 \u0410\u0432\u0438\u0430\u0442\u043e\u0440. \u041f\u0440\u043e\u0433\u043d\u043e\u0437 \u0432 \u043e\u043d\u043b\u0430\u0439\u043d \u0438\u0433\u0440\u0435 \u0410\u0432\u0438\u0430\u0442\u043e\u0440. \u0418\u0433\u0440\u0430\u0442\u044c \u0438 \u043f\u0440\u0435\u0434\u0441\u043a\u0430\u0437\u0430\u0442\u044c \u0438\u0441\u0445\u043e\u0434 \u0440\u0430\u0443\u043d\u0434\u0430 \u0432 \u0410\u0432\u0438\u0430\u0442\u043e\u0440\u0435.","og_url":"https:\/\/luckyaviator-win.com\/de\/how-to-predict-the-outcome-in-the-crash-game-aviator\/","og_site_name":"Aviator","article_modified_time":"2024-05-28T01:02:13+00:00","twitter_card":"summary_large_image","twitter_misc":{"Gesch\u00e4tzte Lesezeit":"22\u00a0Minuten"},"schema":{"@context":"https:\/\/schema.org","@graph":[{"@type":"WebPage","@id":"https:\/\/luckyaviator-win.com\/how-to-predict-the-outcome-in-the-crash-game-aviator\/","url":"https:\/\/luckyaviator-win.com\/how-to-predict-the-outcome-in-the-crash-game-aviator\/","name":"\u041f\u0440\u0435\u0434\u0441\u043a\u0430\u0437\u0430\u0442\u044c \u0440\u0435\u0437\u0443\u043b\u044c\u0442\u0430\u0442 \u043a\u0440\u0430\u0448 \u0438\u0433\u0440\u044b \u0410\u0432\u0438\u0430\u0442\u043e\u0440","isPartOf":{"@id":"https:\/\/luckyaviator-win.com\/#website"},"datePublished":"2024-05-27T14:01:17+00:00","dateModified":"2024-05-28T01:02:13+00:00","description":"\u041f\u0440\u043e\u0433\u043d\u043e\u0437\u044b \u0438 \u043f\u0440\u0435\u0434\u0441\u043a\u0430\u0437\u0430\u0442\u044c \u0440\u0435\u0437\u0443\u043b\u044c\u0442\u0430\u0442 \u0432 \u043a\u0440\u0430\u0448 \u0438\u0433\u0440\u0435 \u0410\u0432\u0438\u0430\u0442\u043e\u0440. \u041f\u0440\u043e\u0433\u043d\u043e\u0437 \u0432 \u043e\u043d\u043b\u0430\u0439\u043d \u0438\u0433\u0440\u0435 \u0410\u0432\u0438\u0430\u0442\u043e\u0440. \u0418\u0433\u0440\u0430\u0442\u044c \u0438 \u043f\u0440\u0435\u0434\u0441\u043a\u0430\u0437\u0430\u0442\u044c \u0438\u0441\u0445\u043e\u0434 \u0440\u0430\u0443\u043d\u0434\u0430 \u0432 \u0410\u0432\u0438\u0430\u0442\u043e\u0440\u0435.","breadcrumb":{"@id":"https:\/\/luckyaviator-win.com\/how-to-predict-the-outcome-in-the-crash-game-aviator\/#breadcrumb"},"inLanguage":"de-DE","potentialAction":[{"@type":"ReadAction","target":["https:\/\/luckyaviator-win.com\/how-to-predict-the-outcome-in-the-crash-game-aviator\/"]}]},{"@type":"BreadcrumbList","@id":"https:\/\/luckyaviator-win.com\/how-to-predict-the-outcome-in-the-crash-game-aviator\/#breadcrumb","itemListElement":[{"@type":"ListItem","position":1,"name":"\u0413\u043b\u0430\u0432\u043d\u0430\u044f \u0441\u0442\u0440\u0430\u043d\u0438\u0446\u0430","item":"https:\/\/luckyaviator-win.com\/"},{"@type":"ListItem","position":2,"name":"\u041a\u0430\u043a \u043f\u0440\u0435\u0434\u0441\u043a\u0430\u0437\u0430\u0442\u044c \u0440\u0435\u0437\u0443\u043b\u044c\u0442\u0430\u0442 \u0432 \u043a\u0440\u0430\u0448 \u0438\u0433\u0440\u0435 \u0410\u0432\u0438\u0430\u0442\u043e\u0440"}]},{"@type":"WebSite","@id":"https:\/\/luckyaviator-win.com\/#website","url":"https:\/\/luckyaviator-win.com\/","name":"Aviator","description":"","potentialAction":[{"@type":"SearchAction","target":{"@type":"EntryPoint","urlTemplate":"https:\/\/luckyaviator-win.com\/?s={search_term_string}"},"query-input":{"@type":"PropertyValueSpecification","valueRequired":true,"valueName":"search_term_string"}}],"inLanguage":"de-DE"}]}},"_links":{"self":[{"href":"https:\/\/luckyaviator-win.com\/de\/wp-json\/wp\/v2\/pages\/14","targetHints":{"allow":["GET"]}}],"collection":[{"href":"https:\/\/luckyaviator-win.com\/de\/wp-json\/wp\/v2\/pages"}],"about":[{"href":"https:\/\/luckyaviator-win.com\/de\/wp-json\/wp\/v2\/types\/page"}],"author":[{"embeddable":true,"href":"https:\/\/luckyaviator-win.com\/de\/wp-json\/wp\/v2\/users\/1"}],"replies":[{"embeddable":true,"href":"https:\/\/luckyaviator-win.com\/de\/wp-json\/wp\/v2\/comments?post=14"}],"version-history":[{"count":20,"href":"https:\/\/luckyaviator-win.com\/de\/wp-json\/wp\/v2\/pages\/14\/revisions"}],"predecessor-version":[{"id":112,"href":"https:\/\/luckyaviator-win.com\/de\/wp-json\/wp\/v2\/pages\/14\/revisions\/112"}],"wp:attachment":[{"href":"https:\/\/luckyaviator-win.com\/de\/wp-json\/wp\/v2\/media?parent=14"}],"curies":[{"name":"wp","href":"https:\/\/api.w.org\/{rel}","templated":true}]}}