{"id":7,"date":"2024-05-27T16:44:08","date_gmt":"2024-05-27T13:44:08","guid":{"rendered":"https:\/\/luckyaviator-win.com\/?page_id=7"},"modified":"2024-05-28T04:30:36","modified_gmt":"2024-05-28T01:30:36","slug":"what-is-the-game-aviator","status":"publish","type":"page","link":"https:\/\/luckyaviator-win.com\/de\/","title":{"rendered":"Was ist das Spiel Aviator?"},"content":{"rendered":"<p><span style=\"font-weight: 400;\">Aviator ist ein innovatives Online-Crash-Spiel, das einem von der ersten Sekunde an den Atem raubt. Das Hauptziel des Spielers ist es, vorherzusagen, wann das Flugzeug seine maximale H\u00f6he erreicht, und rechtzeitig auszuzahlen, um zu gewinnen. Jede Runde beginnt mit dem Start des Flugzeugs, das h\u00f6her steigt und der Wettmultiplikator steigt. Aber seien Sie vorsichtig: Das Flugzeug kann jederzeit abst\u00fcrzen, und wenn Sie nicht rechtzeitig auszahlen, verlieren Sie alles.<\/span><\/p>\n<h2><b>Wie spielt man und gewinnt in Aviator?<\/b><\/h2>\n<h3><b>Wie man spielt:<\/b><\/h3>\n<ol>\n<li style=\"font-weight: 400;\" aria-level=\"1\"><b>Setzen Sie eine Wette<\/b><span style=\"font-weight: 400;\">: W\u00e4hlen Sie Ihren Wettbetrag und klicken Sie auf die Schaltfl\u00e4che &#8222;Wette platzieren&#8220;.<\/span><\/li>\n<li style=\"font-weight: 400;\" aria-level=\"1\"><b>Beobachten Sie den Flug<\/b><span style=\"font-weight: 400;\">: Beobachten Sie, wie das Flugzeug h\u00f6her steigt und der Multiplikator f\u00fcr Ihre Wette w\u00e4chst.<\/span><\/li>\n<li style=\"font-weight: 400;\" aria-level=\"1\"><b>Zahlen Sie aus<\/b><span style=\"font-weight: 400;\">: Klicken Sie auf die Schaltfl\u00e4che &#8222;Auszahlen&#8220;, bevor das Flugzeug abst\u00fcrzt, um Ihren Gewinn zu sichern.<\/span><\/li>\n<\/ol>\n<h3><b>Tipps zum Gewinnen:<\/b><\/h3>\n<ul>\n<li style=\"font-weight: 400;\" aria-level=\"1\"><b>Analysieren Sie vorherige Runden<\/b><span style=\"font-weight: 400;\">: Achten Sie auf die Fluggeschichte, um zu versuchen, vorherzusagen, wann das Flugzeug abst\u00fcrzt.<\/span><\/li>\n<li style=\"font-weight: 400;\" aria-level=\"1\"><b>Verwenden Sie eine Wettstrategie<\/b><span style=\"font-weight: 400;\">: Erw\u00e4gen Sie die Verwendung von Strategien wie Martingale, um Ihre Wetten zu verwalten.<\/span><\/li>\n<li style=\"font-weight: 400;\" aria-level=\"1\"><b>Spielen Sie verantwortungsvoll<\/b><span style=\"font-weight: 400;\">: Setzen Sie sich Grenzen f\u00fcr Ihre Verluste und Gewinne, um Ihre Ausgaben zu kontrollieren und nicht dem Reiz des Gl\u00fccksspiels zu erliegen.<\/span><\/li>\n<\/ul>\n<h2><b>Wetten in Aviator<\/b><\/h2>\n<p><span style=\"font-weight: 400;\">Das Wetten in Aviator ist unglaublich einfach und flexibel. Sie k\u00f6nnen den Betrag, den Sie setzen m\u00f6chten, ausw\u00e4hlen und vor jeder Runde \u00e4ndern. Je h\u00f6her die Wette, desto h\u00f6her der potenzielle Gewinn, aber auch das Risiko steigt. Das Spiel bietet die M\u00f6glichkeit, zwei Wetten gleichzeitig zu platzieren, wodurch Sie Risiken diversifizieren und Ihre Gewinnchancen erh\u00f6hen k\u00f6nnen.<\/span><\/p>\n<h2><b>Spielen Sie Aviator kostenlos<\/b><\/h2>\n<p><span style=\"font-weight: 400;\">F\u00fcr neue Spieler und diejenigen, die das Spiel ohne finanzielles Risiko testen m\u00f6chten, steht ein kostenloser Demomodus zur Verf\u00fcgung. Sie k\u00f6nnen Aviator ausprobieren, ohne echtes Geld zu riskieren. Dies ist eine gro\u00dfartige Gelegenheit, die Spielmechanik zu verstehen, Ihre Strategie zu entwickeln und das Spiel ohne Kosten zu genie\u00dfen.<\/span><\/p>\n<h2><b>H\u00e4ufig gestellte Fragen zu Aviator<\/b><\/h2>\n<ol>\n<li><b>Wie stehen die Gewinnchancen in Aviator?<\/b><\/li>\n<\/ol>\n<p><span style=\"font-weight: 400;\">Die Gewinnchancen h\u00e4ngen davon ab, ob Sie rechtzeitig auszahlen k\u00f6nnen. Je l\u00e4nger das Flugzeug fliegt, desto h\u00f6her ist der Multiplikator, aber auch das Risiko steigt.<\/span><\/p>\n<ol start=\"2\">\n<li><b>K\u00f6nnen Sie vorhersagen, wann das Flugzeug abst\u00fcrzt?<\/b><\/li>\n<\/ol>\n<p><span style=\"font-weight: 400;\">Obwohl es unm\u00f6glich ist, den genauen Moment des Absturzes vorherzusagen, k\u00f6nnen Sie die Geschichte der vorherigen Fl\u00fcge analysieren und Wettstrategien verwenden, um Ihre Erfolgschancen zu erh\u00f6hen.<\/span><\/p>\n<ol start=\"3\">\n<li><b>Welche Strategien sind in Aviator am effektivsten?<\/b><\/li>\n<\/ol>\n<p><span style=\"font-weight: 400;\">Beliebte Strategien umfassen Martingale, Fibonacci und feste Wetten. Jede hat ihre Vor- und Nachteile, und die Wahl h\u00e4ngt von Ihrem Spielstil und Ihrer Risikotoleranz ab.<\/span><\/p>\n<ol start=\"4\">\n<li><b>K\u00f6nnen Sie Aviator auf mobilen Ger\u00e4ten spielen?<\/b><\/li>\n<\/ol>\n<p><span style=\"font-weight: 400;\">Ja, das Spiel ist vollst\u00e4ndig f\u00fcr mobile Ger\u00e4te optimiert. Sie k\u00f6nnen das Spiel jederzeit und \u00fcberall auf Smartphones und Tablets genie\u00dfen.<\/span><\/p>\n<ol start=\"5\">\n<li><b>Wie kann ich Boni und Aktionen in Aviator erhalten?<\/b><\/li>\n<\/ol>\n<p><span style=\"font-weight: 400;\">Bleiben Sie auf unserer Website auf dem Laufenden und abonnieren Sie unseren Newsletter, um als Erster \u00fcber spezielle Angebote, Boni und Aktionen f\u00fcr Aviator-Spieler informiert zu werden.<\/span><\/p>\n<p><span style=\"font-weight: 400;\">Schlie\u00dfen Sie sich Tausenden von Spielern an, die bereits die aufregende Welt von Aviator entdeckt haben. Beginnen Sie jetzt zu spielen und erleben Sie die Magie dieses aufregenden Crash-Spiels!<\/span><\/p>\n","protected":false},"excerpt":{"rendered":"<p>Aviator ist ein innovatives Online-Crash-Spiel, das einem von der ersten Sekunde an den Atem raubt. Das Hauptziel des Spielers ist es, vorherzusagen,<span class=\"more-button\"><a href=\"https:\/\/luckyaviator-win.com\/de\/\" class=\"more-link more-icon\">Continue reading<span class=\"screen-reader-text\">Was ist das Spiel Aviator?<\/span><\/a><\/span><\/p>\n","protected":false},"author":1,"featured_media":0,"parent":0,"menu_order":0,"comment_status":"closed","ping_status":"closed","template":"","meta":{"footnotes":""},"class_list":["post-7","page","type-page","status-publish","hentry"],"yoast_head":"<!-- This site is optimized with the Yoast SEO plugin v27.2 - https:\/\/yoast.com\/product\/yoast-seo-wordpress\/ -->\n<title>\u041a\u0440\u0430\u0448 \u0438\u0433\u0440\u0430 \u0410\u0432\u0438\u0430\u0442\u043e\u0440<\/title>\n<meta name=\"description\" content=\"Spielen Sie das Crash-Spiel Aviator. Online-Spiel Aviator in Online-Casinos. Spielen Sie kostenlos und um echtes Geld. Fragen und Antworten zum Spiel Aviator. Spielen und gewinnen.\" \/>\n<meta name=\"robots\" content=\"index, follow, max-snippet:-1, max-image-preview:large, max-video-preview:-1\" \/>\n<link rel=\"canonical\" href=\"https:\/\/luckyaviator-win.com\/de\/\" \/>\n<meta property=\"og:locale\" content=\"de_DE\" \/>\n<meta property=\"og:locale:alternate\" content=\"ru_RU\" \/>\n<meta property=\"og:locale:alternate\" content=\"en_US\" \/>\n<meta property=\"og:locale:alternate\" content=\"pt_PT\" \/>\n<meta property=\"og:locale:alternate\" content=\"es_ES\" \/>\n<meta property=\"og:locale:alternate\" content=\"fr_FR\" \/>\n<meta property=\"og:locale:alternate\" content=\"ro_RO\" \/>\n<meta property=\"og:locale:alternate\" content=\"sr_RS\" \/>\n<meta property=\"og:locale:alternate\" content=\"bg_BG\" \/>\n<meta property=\"og:locale:alternate\" content=\"it_IT\" \/>\n<meta property=\"og:type\" content=\"article\" \/>\n<meta property=\"og:title\" content=\"\u041a\u0440\u0430\u0448 \u0438\u0433\u0440\u0430 \u0410\u0432\u0438\u0430\u0442\u043e\u0440\" \/>\n<meta property=\"og:description\" content=\"\u0418\u0433\u0440\u0430\u0442\u044c \u0432 \u043a\u0440\u0430\u0448 \u0438\u0433\u0440\u0443 \u0410\u0432\u0438\u0430\u0442\u043e\u0440. \u041e\u043d\u043b\u0430\u0439\u043d \u0438\u0433\u0440\u0430 Aviator \u0432 \u043e\u043d\u043b\u0430\u0439\u043d \u043a\u0430\u0437\u0438\u043d\u043e. \u0418\u0433\u0440\u0430\u0442\u044c \u0431\u0435\u0441\u043f\u043b\u0430\u0442\u043d\u043e \u0438 \u043d\u0430 \u0440\u0435\u0430\u043b\u044c\u043d\u044b\u0435 \u0434\u0435\u043d\u044c\u0433\u0438. \u0412\u043e\u043f\u0440\u043e\u0441\u044b \u0438 \u043e\u0442\u0432\u0435\u0442\u044b \u043e\u0431 \u0438\u0433\u0440\u0435 \u0410\u0432\u0438\u0430\u0442\u043e\u0440. \u0418\u0433\u0440\u0430\u0442\u044c \u0438 \u043f\u043e\u0431\u0435\u0436\u0434\u0430\u0442\u044c\" \/>\n<meta property=\"og:url\" content=\"https:\/\/luckyaviator-win.com\/de\/\" \/>\n<meta property=\"og:site_name\" content=\"Aviator\" \/>\n<meta property=\"article:modified_time\" content=\"2024-05-28T01:30:36+00:00\" \/>\n<meta name=\"twitter:card\" content=\"summary_large_image\" \/>\n<meta name=\"twitter:label1\" content=\"Gesch\u00e4tzte Lesezeit\" \/>\n\t<meta name=\"twitter:data1\" content=\"19\u00a0Minuten\" \/>\n<script type=\"application\/ld+json\" class=\"yoast-schema-graph\">{\"@context\":\"https:\/\/schema.org\",\"@graph\":[{\"@type\":\"WebPage\",\"@id\":\"https:\/\/luckyaviator-win.com\/\",\"url\":\"https:\/\/luckyaviator-win.com\/\",\"name\":\"\u041a\u0440\u0430\u0448 \u0438\u0433\u0440\u0430 \u0410\u0432\u0438\u0430\u0442\u043e\u0440\",\"isPartOf\":{\"@id\":\"https:\/\/luckyaviator-win.com\/#website\"},\"datePublished\":\"2024-05-27T13:44:08+00:00\",\"dateModified\":\"2024-05-28T01:30:36+00:00\",\"description\":\"\u0418\u0433\u0440\u0430\u0442\u044c \u0432 \u043a\u0440\u0430\u0448 \u0438\u0433\u0440\u0443 \u0410\u0432\u0438\u0430\u0442\u043e\u0440. \u041e\u043d\u043b\u0430\u0439\u043d \u0438\u0433\u0440\u0430 Aviator \u0432 \u043e\u043d\u043b\u0430\u0439\u043d \u043a\u0430\u0437\u0438\u043d\u043e. \u0418\u0433\u0440\u0430\u0442\u044c \u0431\u0435\u0441\u043f\u043b\u0430\u0442\u043d\u043e \u0438 \u043d\u0430 \u0440\u0435\u0430\u043b\u044c\u043d\u044b\u0435 \u0434\u0435\u043d\u044c\u0433\u0438. \u0412\u043e\u043f\u0440\u043e\u0441\u044b \u0438 \u043e\u0442\u0432\u0435\u0442\u044b \u043e\u0431 \u0438\u0433\u0440\u0435 \u0410\u0432\u0438\u0430\u0442\u043e\u0440. \u0418\u0433\u0440\u0430\u0442\u044c \u0438 \u043f\u043e\u0431\u0435\u0436\u0434\u0430\u0442\u044c\",\"breadcrumb\":{\"@id\":\"https:\/\/luckyaviator-win.com\/#breadcrumb\"},\"inLanguage\":\"de-DE\",\"potentialAction\":[{\"@type\":\"ReadAction\",\"target\":[\"https:\/\/luckyaviator-win.com\/\"]}]},{\"@type\":\"BreadcrumbList\",\"@id\":\"https:\/\/luckyaviator-win.com\/#breadcrumb\",\"itemListElement\":[{\"@type\":\"ListItem\",\"position\":1,\"name\":\"\u0413\u043b\u0430\u0432\u043d\u0430\u044f \u0441\u0442\u0440\u0430\u043d\u0438\u0446\u0430\",\"item\":\"https:\/\/luckyaviator-win.com\/\"},{\"@type\":\"ListItem\",\"position\":2,\"name\":\"\u0427\u0442\u043e \u0442\u0430\u043a\u043e\u0435 \u0438\u0433\u0440\u0430 \u0410\u0432\u0438\u0430\u0442\u043e\u0440?\"}]},{\"@type\":\"WebSite\",\"@id\":\"https:\/\/luckyaviator-win.com\/#website\",\"url\":\"https:\/\/luckyaviator-win.com\/\",\"name\":\"Aviator\",\"description\":\"\",\"potentialAction\":[{\"@type\":\"SearchAction\",\"target\":{\"@type\":\"EntryPoint\",\"urlTemplate\":\"https:\/\/luckyaviator-win.com\/?s={search_term_string}\"},\"query-input\":{\"@type\":\"PropertyValueSpecification\",\"valueRequired\":true,\"valueName\":\"search_term_string\"}}],\"inLanguage\":\"de-DE\"}]}<\/script>\n<!-- \/ Yoast SEO plugin. -->","yoast_head_json":{"title":"\u041a\u0440\u0430\u0448 \u0438\u0433\u0440\u0430 \u0410\u0432\u0438\u0430\u0442\u043e\u0440","description":"Spielen Sie das Crash-Spiel Aviator. Online-Spiel Aviator in Online-Casinos. Spielen Sie kostenlos und um echtes Geld. Fragen und Antworten zum Spiel Aviator. Spielen und gewinnen.","robots":{"index":"index","follow":"follow","max-snippet":"max-snippet:-1","max-image-preview":"max-image-preview:large","max-video-preview":"max-video-preview:-1"},"canonical":"https:\/\/luckyaviator-win.com\/de\/","og_locale":"de_DE","og_type":"article","og_title":"\u041a\u0440\u0430\u0448 \u0438\u0433\u0440\u0430 \u0410\u0432\u0438\u0430\u0442\u043e\u0440","og_description":"\u0418\u0433\u0440\u0430\u0442\u044c \u0432 \u043a\u0440\u0430\u0448 \u0438\u0433\u0440\u0443 \u0410\u0432\u0438\u0430\u0442\u043e\u0440. \u041e\u043d\u043b\u0430\u0439\u043d \u0438\u0433\u0440\u0430 Aviator \u0432 \u043e\u043d\u043b\u0430\u0439\u043d \u043a\u0430\u0437\u0438\u043d\u043e. \u0418\u0433\u0440\u0430\u0442\u044c \u0431\u0435\u0441\u043f\u043b\u0430\u0442\u043d\u043e \u0438 \u043d\u0430 \u0440\u0435\u0430\u043b\u044c\u043d\u044b\u0435 \u0434\u0435\u043d\u044c\u0433\u0438. \u0412\u043e\u043f\u0440\u043e\u0441\u044b \u0438 \u043e\u0442\u0432\u0435\u0442\u044b \u043e\u0431 \u0438\u0433\u0440\u0435 \u0410\u0432\u0438\u0430\u0442\u043e\u0440. \u0418\u0433\u0440\u0430\u0442\u044c \u0438 \u043f\u043e\u0431\u0435\u0436\u0434\u0430\u0442\u044c","og_url":"https:\/\/luckyaviator-win.com\/de\/","og_site_name":"Aviator","article_modified_time":"2024-05-28T01:30:36+00:00","twitter_card":"summary_large_image","twitter_misc":{"Gesch\u00e4tzte Lesezeit":"19\u00a0Minuten"},"schema":{"@context":"https:\/\/schema.org","@graph":[{"@type":"WebPage","@id":"https:\/\/luckyaviator-win.com\/","url":"https:\/\/luckyaviator-win.com\/","name":"\u041a\u0440\u0430\u0448 \u0438\u0433\u0440\u0430 \u0410\u0432\u0438\u0430\u0442\u043e\u0440","isPartOf":{"@id":"https:\/\/luckyaviator-win.com\/#website"},"datePublished":"2024-05-27T13:44:08+00:00","dateModified":"2024-05-28T01:30:36+00:00","description":"\u0418\u0433\u0440\u0430\u0442\u044c \u0432 \u043a\u0440\u0430\u0448 \u0438\u0433\u0440\u0443 \u0410\u0432\u0438\u0430\u0442\u043e\u0440. \u041e\u043d\u043b\u0430\u0439\u043d \u0438\u0433\u0440\u0430 Aviator \u0432 \u043e\u043d\u043b\u0430\u0439\u043d \u043a\u0430\u0437\u0438\u043d\u043e. \u0418\u0433\u0440\u0430\u0442\u044c \u0431\u0435\u0441\u043f\u043b\u0430\u0442\u043d\u043e \u0438 \u043d\u0430 \u0440\u0435\u0430\u043b\u044c\u043d\u044b\u0435 \u0434\u0435\u043d\u044c\u0433\u0438. \u0412\u043e\u043f\u0440\u043e\u0441\u044b \u0438 \u043e\u0442\u0432\u0435\u0442\u044b \u043e\u0431 \u0438\u0433\u0440\u0435 \u0410\u0432\u0438\u0430\u0442\u043e\u0440. \u0418\u0433\u0440\u0430\u0442\u044c \u0438 \u043f\u043e\u0431\u0435\u0436\u0434\u0430\u0442\u044c","breadcrumb":{"@id":"https:\/\/luckyaviator-win.com\/#breadcrumb"},"inLanguage":"de-DE","potentialAction":[{"@type":"ReadAction","target":["https:\/\/luckyaviator-win.com\/"]}]},{"@type":"BreadcrumbList","@id":"https:\/\/luckyaviator-win.com\/#breadcrumb","itemListElement":[{"@type":"ListItem","position":1,"name":"\u0413\u043b\u0430\u0432\u043d\u0430\u044f \u0441\u0442\u0440\u0430\u043d\u0438\u0446\u0430","item":"https:\/\/luckyaviator-win.com\/"},{"@type":"ListItem","position":2,"name":"\u0427\u0442\u043e \u0442\u0430\u043a\u043e\u0435 \u0438\u0433\u0440\u0430 \u0410\u0432\u0438\u0430\u0442\u043e\u0440?"}]},{"@type":"WebSite","@id":"https:\/\/luckyaviator-win.com\/#website","url":"https:\/\/luckyaviator-win.com\/","name":"Aviator","description":"","potentialAction":[{"@type":"SearchAction","target":{"@type":"EntryPoint","urlTemplate":"https:\/\/luckyaviator-win.com\/?s={search_term_string}"},"query-input":{"@type":"PropertyValueSpecification","valueRequired":true,"valueName":"search_term_string"}}],"inLanguage":"de-DE"}]}},"_links":{"self":[{"href":"https:\/\/luckyaviator-win.com\/de\/wp-json\/wp\/v2\/pages\/7","targetHints":{"allow":["GET"]}}],"collection":[{"href":"https:\/\/luckyaviator-win.com\/de\/wp-json\/wp\/v2\/pages"}],"about":[{"href":"https:\/\/luckyaviator-win.com\/de\/wp-json\/wp\/v2\/types\/page"}],"author":[{"embeddable":true,"href":"https:\/\/luckyaviator-win.com\/de\/wp-json\/wp\/v2\/users\/1"}],"replies":[{"embeddable":true,"href":"https:\/\/luckyaviator-win.com\/de\/wp-json\/wp\/v2\/comments?post=7"}],"version-history":[{"count":19,"href":"https:\/\/luckyaviator-win.com\/de\/wp-json\/wp\/v2\/pages\/7\/revisions"}],"predecessor-version":[{"id":116,"href":"https:\/\/luckyaviator-win.com\/de\/wp-json\/wp\/v2\/pages\/7\/revisions\/116"}],"wp:attachment":[{"href":"https:\/\/luckyaviator-win.com\/de\/wp-json\/wp\/v2\/media?parent=7"}],"curies":[{"name":"wp","href":"https:\/\/api.w.org\/{rel}","templated":true}]}}