{"id":10,"date":"2024-05-27T16:47:17","date_gmt":"2024-05-27T13:47:17","guid":{"rendered":"https:\/\/luckyaviator-win.com\/?page_id=10"},"modified":"2024-05-28T04:20:26","modified_gmt":"2024-05-28T01:20:26","slug":"aviator-game-strategies-how-to-increase-your-chances-of-success","status":"publish","type":"page","link":"https:\/\/luckyaviator-win.com\/en\/aviator-game-strategies-how-to-increase-your-chances-of-success\/","title":{"rendered":"Aviator Game Strategies: How to Increase Your Chances of Success"},"content":{"rendered":"<p><span style=\"font-weight: 400;\">Aviator is an exciting crash game where every decision can lead to big wins or losses. To increase your chances of success and minimize risks, many players use various strategies. In this article, we will take a detailed look at the three most popular Aviator game strategies: Martingale, Fibonacci, and fixed bets.<\/span><\/p>\n<h2><b>Martingale Strategy<\/b><\/h2>\n<p><b>Strategy Basics:<\/b><\/p>\n<p><span style=\"font-weight: 400;\">The Martingale strategy is one of the most well-known and commonly used in gambling games. It is based on doubling the bet after each loss to cover all previous losses with the first win and make a profit.<\/span><\/p>\n<h3><b>How to Apply:<\/b><\/h3>\n<ol>\n<li style=\"font-weight: 400;\" aria-level=\"1\"><b>Initial Bet<\/b><span style=\"font-weight: 400;\">: Determine the initial bet amount. Let&#8217;s say it&#8217;s 1 dollar.<\/span><\/li>\n<li style=\"font-weight: 400;\" aria-level=\"1\"><b>Bet Doubling<\/b><span style=\"font-weight: 400;\">: After each loss, double the bet (1, 2, 4, 8, 16, etc.).<\/span><\/li>\n<li style=\"font-weight: 400;\" aria-level=\"1\"><b>Bet Reset<\/b><span style=\"font-weight: 400;\">: After the first win, return to the initial bet and repeat the process.<\/span><\/li>\n<\/ol>\n<h3><b>Example:<\/b><\/h3>\n<ul>\n<li style=\"font-weight: 400;\" aria-level=\"1\"><span style=\"font-weight: 400;\">1-dollar bet \u2014 loss<\/span><\/li>\n<li style=\"font-weight: 400;\" aria-level=\"1\"><span style=\"font-weight: 400;\">2-dollar bet \u2014 loss<\/span><\/li>\n<li style=\"font-weight: 400;\" aria-level=\"1\"><span style=\"font-weight: 400;\">4-dollar bet \u2014 loss<\/span><\/li>\n<li style=\"font-weight: 400;\" aria-level=\"1\"><span style=\"font-weight: 400;\">8-dollar bet \u2014 win (get 16 dollars, covering all previous losses and gaining 1 dollar profit)<\/span><\/li>\n<\/ul>\n<h3><b>Advantages:<\/b><\/h3>\n<ul>\n<li style=\"font-weight: 400;\" aria-level=\"1\"><span style=\"font-weight: 400;\">Simplicity and ease of use<\/span><\/li>\n<li style=\"font-weight: 400;\" aria-level=\"1\"><span style=\"font-weight: 400;\">Ability to quickly recover losses<\/span><\/li>\n<\/ul>\n<h3><b>Disadvantages:<\/b><\/h3>\n<ul>\n<li style=\"font-weight: 400;\" aria-level=\"1\"><span style=\"font-weight: 400;\">Requires a significant bankroll to cover a losing streak<\/span><\/li>\n<li style=\"font-weight: 400;\" aria-level=\"1\"><span style=\"font-weight: 400;\">Platform betting limits may hinder strategy application<\/span><\/li>\n<\/ul>\n<h2><b>Fibonacci Strategy<\/b><\/h2>\n<h3><b>Strategy Basics:<\/b><\/h3>\n<p><span style=\"font-weight: 400;\">The Fibonacci strategy is based on a numerical sequence where each subsequent number is the sum of the two preceding ones (1, 1, 2, 3, 5, 8, etc.). This strategy is more conservative compared to Martingale and allows for smoother bankroll management.<\/span><\/p>\n<h3><b>How to Apply:<\/b><\/h3>\n<ol>\n<li style=\"font-weight: 400;\" aria-level=\"1\"><b>Initial Bet<\/b><span style=\"font-weight: 400;\">: Determine the initial bet amount.<\/span><\/li>\n<li style=\"font-weight: 400;\" aria-level=\"1\"><b>Betting Sequence<\/b><span style=\"font-weight: 400;\">: After each loss, move to the next number in the sequence.<\/span><\/li>\n<li style=\"font-weight: 400;\" aria-level=\"1\"><b>Return to Start<\/b><span style=\"font-weight: 400;\">: After a win, go back two positions in the sequence.<\/span><\/li>\n<\/ol>\n<h3><b>Example:<\/b><\/h3>\n<ul>\n<li style=\"font-weight: 400;\" aria-level=\"1\"><span style=\"font-weight: 400;\">1-dollar bet \u2014 loss<\/span><\/li>\n<li style=\"font-weight: 400;\" aria-level=\"1\"><span style=\"font-weight: 400;\">1-dollar bet \u2014 loss<\/span><\/li>\n<li style=\"font-weight: 400;\" aria-level=\"1\"><span style=\"font-weight: 400;\">2-dollar bet \u2014 loss<\/span><\/li>\n<li style=\"font-weight: 400;\" aria-level=\"1\"><span style=\"font-weight: 400;\">3-dollar bet \u2014 win (go back two positions and bet 1 dollar again)<\/span><\/li>\n<\/ul>\n<h3><b>Advantages:<\/b><\/h3>\n<ul>\n<li style=\"font-weight: 400;\" aria-level=\"1\"><span style=\"font-weight: 400;\">Smoother bet progression compared to Martingale<\/span><\/li>\n<li style=\"font-weight: 400;\" aria-level=\"1\"><span style=\"font-weight: 400;\">Lower risk during long losing streaks<\/span><\/li>\n<\/ul>\n<h3><b>Disadvantages:<\/b><\/h3>\n<ul>\n<li style=\"font-weight: 400;\" aria-level=\"1\"><span style=\"font-weight: 400;\">Slower recovery from losses compared to Martingale<\/span><\/li>\n<li style=\"font-weight: 400;\" aria-level=\"1\"><span style=\"font-weight: 400;\">Requires a good understanding of the sequence and discipline<\/span><\/li>\n<\/ul>\n<h2><b>Fixed Betting Strategy<\/b><\/h2>\n<h3><b>Strategy Basics:<\/b><\/h3>\n<p><span style=\"font-weight: 400;\">The fixed betting strategy assumes that the player places the same amount on each round, regardless of whether they win or lose. This strategy is simple and suitable for players who prefer stability.<\/span><\/p>\n<h3><b>How to Apply:<\/b><\/h3>\n<ol>\n<li style=\"font-weight: 400;\" aria-level=\"1\"><b>Determine the Bet Amount<\/b><span style=\"font-weight: 400;\">: Choose a comfortable amount that you will bet on each round.<\/span><\/li>\n<li style=\"font-weight: 400;\" aria-level=\"1\"><b>Do Not Change the Bet<\/b><span style=\"font-weight: 400;\">: Place the same amount throughout the entire game.<\/span><\/li>\n<\/ol>\n<h3><b>Example:<\/b><\/h3>\n<ul>\n<li style=\"font-weight: 400;\" aria-level=\"1\"><span style=\"font-weight: 400;\">Bet 2 dollars every round, regardless of the outcome of the previous round.<\/span><\/li>\n<\/ul>\n<h3><b>Advantages:<\/b><\/h3>\n<ul>\n<li style=\"font-weight: 400;\" aria-level=\"1\"><span style=\"font-weight: 400;\">Simplicity and ease of use<\/span><\/li>\n<li style=\"font-weight: 400;\" aria-level=\"1\"><span style=\"font-weight: 400;\">Complete control over the bankroll<\/span><\/li>\n<li style=\"font-weight: 400;\" aria-level=\"1\"><span style=\"font-weight: 400;\">Fewer emotional decisions<\/span><\/li>\n<\/ul>\n<h3><b>Disadvantages:<\/b><\/h3>\n<ul>\n<li style=\"font-weight: 400;\" aria-level=\"1\"><span style=\"font-weight: 400;\">Inability to quickly recover losses<\/span><\/li>\n<li style=\"font-weight: 400;\" aria-level=\"1\"><span style=\"font-weight: 400;\">Less adrenaline for players seeking high risks<\/span><\/li>\n<\/ul>\n<h2><b>Choosing a Strategy<\/b><\/h2>\n<p><span style=\"font-weight: 400;\">The choice of strategy in Aviator game depends on your personal preferences, risk tolerance, and bankroll size. The Martingale strategy is suitable for players willing to take risks for quick loss recovery. Fibonacci offers a smoother approach and reduces risk but requires discipline and attention. Fixed bets are perfect for those who value stability and control over their finances.<\/span><\/p>\n<p><span style=\"font-weight: 400;\">Remember that all strategies involve risks, and none of them guarantee a win. Play responsibly, set limits, and remember that the main thing in Aviator is to enjoy the process. Good luck and big wins!<\/span><\/p>\n","protected":false},"excerpt":{"rendered":"<p>Aviator is an exciting crash game where every decision can lead to big wins or losses. To increase your chances of success<span class=\"more-button\"><a href=\"https:\/\/luckyaviator-win.com\/en\/aviator-game-strategies-how-to-increase-your-chances-of-success\/\" class=\"more-link more-icon\">Continue reading<span class=\"screen-reader-text\">Aviator Game Strategies: How to Increase Your Chances of Success<\/span><\/a><\/span><\/p>\n","protected":false},"author":1,"featured_media":0,"parent":0,"menu_order":0,"comment_status":"closed","ping_status":"closed","template":"","meta":{"footnotes":""},"class_list":["post-10","page","type-page","status-publish","hentry"],"yoast_head":"<!-- This site is optimized with the Yoast SEO plugin v27.2 - https:\/\/yoast.com\/product\/yoast-seo-wordpress\/ -->\n<title>Strat\u00e9gie de Jeu Aviator<\/title>\n<meta name=\"description\" content=\"How to play and win in Aviator. Strategies and tactics for playing Aviator for new and experienced players. Play Aviator for real money.\" \/>\n<meta name=\"robots\" content=\"index, follow, max-snippet:-1, max-image-preview:large, max-video-preview:-1\" \/>\n<link rel=\"canonical\" href=\"https:\/\/luckyaviator-win.com\/en\/aviator-game-strategies-how-to-increase-your-chances-of-success\/\" \/>\n<meta property=\"og:locale\" content=\"en_US\" \/>\n<meta property=\"og:locale:alternate\" content=\"ru_RU\" \/>\n<meta property=\"og:locale:alternate\" content=\"pt_PT\" \/>\n<meta property=\"og:locale:alternate\" content=\"es_ES\" \/>\n<meta property=\"og:locale:alternate\" content=\"fr_FR\" \/>\n<meta property=\"og:locale:alternate\" content=\"de_DE\" \/>\n<meta property=\"og:locale:alternate\" content=\"ro_RO\" \/>\n<meta property=\"og:locale:alternate\" content=\"sr_RS\" \/>\n<meta property=\"og:locale:alternate\" content=\"bg_BG\" \/>\n<meta property=\"og:locale:alternate\" content=\"it_IT\" \/>\n<meta property=\"og:type\" content=\"article\" \/>\n<meta property=\"og:title\" content=\"Strat\u00e9gie de Jeu Aviator\" \/>\n<meta property=\"og:description\" content=\"Comment jouer et gagner \u00e0 Aviator. Strat\u00e9gies et tactiques pour jouer \u00e0 Aviator pour les nouveaux et les joueurs exp\u00e9riment\u00e9s. Jouez \u00e0 Aviator pour de l&#039;argent r\u00e9el.\" \/>\n<meta property=\"og:url\" content=\"https:\/\/luckyaviator-win.com\/en\/aviator-game-strategies-how-to-increase-your-chances-of-success\/\" \/>\n<meta property=\"og:site_name\" content=\"Aviator\" \/>\n<meta property=\"article:modified_time\" content=\"2024-05-28T01:20:26+00:00\" \/>\n<meta name=\"twitter:card\" content=\"summary_large_image\" \/>\n<meta name=\"twitter:label1\" content=\"Est. reading time\" \/>\n\t<meta name=\"twitter:data1\" content=\"21 minutes\" \/>\n<script type=\"application\/ld+json\" class=\"yoast-schema-graph\">{\"@context\":\"https:\/\/schema.org\",\"@graph\":[{\"@type\":\"WebPage\",\"@id\":\"https:\/\/luckyaviator-win.com\/fr\/aviator-game-strategies-how-to-increase-your-chances-of-success\/\",\"url\":\"https:\/\/luckyaviator-win.com\/fr\/aviator-game-strategies-how-to-increase-your-chances-of-success\/\",\"name\":\"Strat\u00e9gie de Jeu Aviator\",\"isPartOf\":{\"@id\":\"https:\/\/luckyaviator-win.com\/#website\"},\"datePublished\":\"2024-05-27T13:47:17+00:00\",\"dateModified\":\"2024-05-28T01:20:26+00:00\",\"description\":\"Comment jouer et gagner \u00e0 Aviator. Strat\u00e9gies et tactiques pour jouer \u00e0 Aviator pour les nouveaux et les joueurs exp\u00e9riment\u00e9s. Jouez \u00e0 Aviator pour de l'argent r\u00e9el.\",\"breadcrumb\":{\"@id\":\"https:\/\/luckyaviator-win.com\/fr\/aviator-game-strategies-how-to-increase-your-chances-of-success\/#breadcrumb\"},\"inLanguage\":\"en-US\",\"potentialAction\":[{\"@type\":\"ReadAction\",\"target\":[\"https:\/\/luckyaviator-win.com\/fr\/aviator-game-strategies-how-to-increase-your-chances-of-success\/\"]}]},{\"@type\":\"BreadcrumbList\",\"@id\":\"https:\/\/luckyaviator-win.com\/fr\/aviator-game-strategies-how-to-increase-your-chances-of-success\/#breadcrumb\",\"itemListElement\":[{\"@type\":\"ListItem\",\"position\":1,\"name\":\"\u0413\u043b\u0430\u0432\u043d\u0430\u044f \u0441\u0442\u0440\u0430\u043d\u0438\u0446\u0430\",\"item\":\"https:\/\/luckyaviator-win.com\/\"},{\"@type\":\"ListItem\",\"position\":2,\"name\":\"Strat\u00e9gies du Jeu Aviator : Comment Augmenter vos Chances de Succ\u00e8s\"}]},{\"@type\":\"WebSite\",\"@id\":\"https:\/\/luckyaviator-win.com\/#website\",\"url\":\"https:\/\/luckyaviator-win.com\/\",\"name\":\"Aviator\",\"description\":\"\",\"potentialAction\":[{\"@type\":\"SearchAction\",\"target\":{\"@type\":\"EntryPoint\",\"urlTemplate\":\"https:\/\/luckyaviator-win.com\/?s={search_term_string}\"},\"query-input\":{\"@type\":\"PropertyValueSpecification\",\"valueRequired\":true,\"valueName\":\"search_term_string\"}}],\"inLanguage\":\"en-US\"}]}<\/script>\n<!-- \/ Yoast SEO plugin. -->","yoast_head_json":{"title":"Strat\u00e9gie de Jeu Aviator","description":"How to play and win in Aviator. Strategies and tactics for playing Aviator for new and experienced players. Play Aviator for real money.","robots":{"index":"index","follow":"follow","max-snippet":"max-snippet:-1","max-image-preview":"max-image-preview:large","max-video-preview":"max-video-preview:-1"},"canonical":"https:\/\/luckyaviator-win.com\/en\/aviator-game-strategies-how-to-increase-your-chances-of-success\/","og_locale":"en_US","og_type":"article","og_title":"Strat\u00e9gie de Jeu Aviator","og_description":"Comment jouer et gagner \u00e0 Aviator. Strat\u00e9gies et tactiques pour jouer \u00e0 Aviator pour les nouveaux et les joueurs exp\u00e9riment\u00e9s. Jouez \u00e0 Aviator pour de l'argent r\u00e9el.","og_url":"https:\/\/luckyaviator-win.com\/en\/aviator-game-strategies-how-to-increase-your-chances-of-success\/","og_site_name":"Aviator","article_modified_time":"2024-05-28T01:20:26+00:00","twitter_card":"summary_large_image","twitter_misc":{"Est. reading time":"21 minutes"},"schema":{"@context":"https:\/\/schema.org","@graph":[{"@type":"WebPage","@id":"https:\/\/luckyaviator-win.com\/fr\/aviator-game-strategies-how-to-increase-your-chances-of-success\/","url":"https:\/\/luckyaviator-win.com\/fr\/aviator-game-strategies-how-to-increase-your-chances-of-success\/","name":"Strat\u00e9gie de Jeu Aviator","isPartOf":{"@id":"https:\/\/luckyaviator-win.com\/#website"},"datePublished":"2024-05-27T13:47:17+00:00","dateModified":"2024-05-28T01:20:26+00:00","description":"Comment jouer et gagner \u00e0 Aviator. Strat\u00e9gies et tactiques pour jouer \u00e0 Aviator pour les nouveaux et les joueurs exp\u00e9riment\u00e9s. Jouez \u00e0 Aviator pour de l'argent r\u00e9el.","breadcrumb":{"@id":"https:\/\/luckyaviator-win.com\/fr\/aviator-game-strategies-how-to-increase-your-chances-of-success\/#breadcrumb"},"inLanguage":"en-US","potentialAction":[{"@type":"ReadAction","target":["https:\/\/luckyaviator-win.com\/fr\/aviator-game-strategies-how-to-increase-your-chances-of-success\/"]}]},{"@type":"BreadcrumbList","@id":"https:\/\/luckyaviator-win.com\/fr\/aviator-game-strategies-how-to-increase-your-chances-of-success\/#breadcrumb","itemListElement":[{"@type":"ListItem","position":1,"name":"\u0413\u043b\u0430\u0432\u043d\u0430\u044f \u0441\u0442\u0440\u0430\u043d\u0438\u0446\u0430","item":"https:\/\/luckyaviator-win.com\/"},{"@type":"ListItem","position":2,"name":"Strat\u00e9gies du Jeu Aviator : Comment Augmenter vos Chances de Succ\u00e8s"}]},{"@type":"WebSite","@id":"https:\/\/luckyaviator-win.com\/#website","url":"https:\/\/luckyaviator-win.com\/","name":"Aviator","description":"","potentialAction":[{"@type":"SearchAction","target":{"@type":"EntryPoint","urlTemplate":"https:\/\/luckyaviator-win.com\/?s={search_term_string}"},"query-input":{"@type":"PropertyValueSpecification","valueRequired":true,"valueName":"search_term_string"}}],"inLanguage":"en-US"}]}},"_links":{"self":[{"href":"https:\/\/luckyaviator-win.com\/en\/wp-json\/wp\/v2\/pages\/10","targetHints":{"allow":["GET"]}}],"collection":[{"href":"https:\/\/luckyaviator-win.com\/en\/wp-json\/wp\/v2\/pages"}],"about":[{"href":"https:\/\/luckyaviator-win.com\/en\/wp-json\/wp\/v2\/types\/page"}],"author":[{"embeddable":true,"href":"https:\/\/luckyaviator-win.com\/en\/wp-json\/wp\/v2\/users\/1"}],"replies":[{"embeddable":true,"href":"https:\/\/luckyaviator-win.com\/en\/wp-json\/wp\/v2\/comments?post=10"}],"version-history":[{"count":22,"href":"https:\/\/luckyaviator-win.com\/en\/wp-json\/wp\/v2\/pages\/10\/revisions"}],"predecessor-version":[{"id":114,"href":"https:\/\/luckyaviator-win.com\/en\/wp-json\/wp\/v2\/pages\/10\/revisions\/114"}],"wp:attachment":[{"href":"https:\/\/luckyaviator-win.com\/en\/wp-json\/wp\/v2\/media?parent=10"}],"curies":[{"name":"wp","href":"https:\/\/api.w.org\/{rel}","templated":true}]}}