{"id":7,"date":"2024-05-27T16:44:08","date_gmt":"2024-05-27T13:44:08","guid":{"rendered":"https:\/\/luckyaviator-win.com\/?page_id=7"},"modified":"2024-05-28T04:30:36","modified_gmt":"2024-05-28T01:30:36","slug":"what-is-the-game-aviator","status":"publish","type":"page","link":"https:\/\/luckyaviator-win.com\/es\/","title":{"rendered":"\u00bfQu\u00e9 es el Juego Aviator?"},"content":{"rendered":"<p><span style=\"font-weight: 400;\">Aviator es un innovador juego de colisi\u00f3n en l\u00ednea que te deja sin aliento desde los primeros segundos. El objetivo principal para el jugador es predecir cu\u00e1ndo el avi\u00f3n alcanzar\u00e1 su altura m\u00e1xima y retirar la apuesta a tiempo para ganar. Cada ronda comienza con el despegue del avi\u00f3n, que sube m\u00e1s alto y el multiplicador de la apuesta aumenta. Pero ten cuidado: el avi\u00f3n puede estrellarse en cualquier momento, y si no retiras tu apuesta a tiempo, perder\u00e1s todo.<\/span><\/p>\n<h2><b>\u00bfC\u00f3mo jugar y ganar en Aviator?<\/b><\/h2>\n<h3><b>C\u00f3mo jugar:<\/b><\/h3>\n<ol>\n<li style=\"font-weight: 400;\" aria-level=\"1\"><b>Realiza una apuesta<\/b><span style=\"font-weight: 400;\">: Elige la cantidad de tu apuesta y haz clic en el bot\u00f3n \u00abRealizar apuesta\u00bb.<\/span><\/li>\n<li style=\"font-weight: 400;\" aria-level=\"1\"><b>Observa el vuelo<\/b><span style=\"font-weight: 400;\">: Observa c\u00f3mo el avi\u00f3n sube m\u00e1s alto y el multiplicador de tu apuesta crece.<\/span><\/li>\n<li style=\"font-weight: 400;\" aria-level=\"1\"><b>Retira tu apuesta<\/b><span style=\"font-weight: 400;\">: Haz clic en el bot\u00f3n \u00abRetirar apuesta\u00bb antes de que el avi\u00f3n se estrelle para asegurar tus ganancias.<\/span><\/li>\n<\/ol>\n<h3><b>Consejos para ganar:<\/b><\/h3>\n<ul>\n<li style=\"font-weight: 400;\" aria-level=\"1\"><b>Analiza las rondas anteriores<\/b><span style=\"font-weight: 400;\">: Presta atenci\u00f3n a la historia de los vuelos para intentar predecir cu\u00e1ndo se estrellar\u00e1 el avi\u00f3n.<\/span><\/li>\n<li style=\"font-weight: 400;\" aria-level=\"1\"><b>Usa una estrategia de apuestas<\/b><span style=\"font-weight: 400;\">: Considera usar estrategias como Martingale para gestionar tus apuestas.<\/span><\/li>\n<li style=\"font-weight: 400;\" aria-level=\"1\"><b>Juega de manera responsable<\/b><span style=\"font-weight: 400;\">: Establece l\u00edmites para tus p\u00e9rdidas y ganancias para controlar tus gastos y evitar dejarte llevar.<\/span><\/li>\n<\/ul>\n<h2><b>Apuestas en Aviator<\/b><\/h2>\n<p><span style=\"font-weight: 400;\">Apostar en Aviator es incre\u00edblemente simple y flexible. Puedes elegir la cantidad que deseas apostar y cambiarla antes de cada ronda. Cuanto mayor sea la apuesta, mayor ser\u00e1 la ganancia potencial, pero el riesgo tambi\u00e9n es mayor. El juego ofrece la posibilidad de realizar dos apuestas simult\u00e1neamente, lo que te permite diversificar los riesgos y aumentar tus posibilidades de ganar.<\/span><\/p>\n<h2><b>Jugar gratis a Aviator<\/b><\/h2>\n<p><span style=\"font-weight: 400;\">Para los nuevos jugadores y aquellos que quieren probar el juego sin riesgo financiero, hay disponible un modo de demostraci\u00f3n gratuito. Puedes probar tu habilidad en Aviator sin arriesgar dinero real. Esta es una excelente oportunidad para comprender la mec\u00e1nica del juego, desarrollar tu estrategia y disfrutar del juego sin ning\u00fan costo.<\/span><\/p>\n<h2><b>Preguntas frecuentes sobre Aviator<\/b><\/h2>\n<ol>\n<li><b>\u00bfCu\u00e1les son las probabilidades de ganar en Aviator?<\/b><\/li>\n<\/ol>\n<p><span style=\"font-weight: 400;\">Las probabilidades de ganar dependen de tu capacidad para retirar la apuesta a tiempo. Cuanto m\u00e1s tiempo vuele el avi\u00f3n, mayor ser\u00e1 el multiplicador, pero el riesgo tambi\u00e9n aumentar\u00e1.<\/span><\/p>\n<ol start=\"2\">\n<li><b>\u00bfSe puede predecir cu\u00e1ndo se estrellar\u00e1 el avi\u00f3n?<\/b><\/li>\n<\/ol>\n<p><span style=\"font-weight: 400;\">Aunque es imposible predecir el momento exacto del choque, puedes analizar la historia de los vuelos anteriores y utilizar estrategias de apuestas para aumentar tus posibilidades de \u00e9xito.<\/span><\/p>\n<ol start=\"3\">\n<li><b>\u00bfQu\u00e9 estrategias son m\u00e1s efectivas en Aviator?<\/b><\/li>\n<\/ol>\n<p><span style=\"font-weight: 400;\">Las estrategias populares incluyen Martingale, Fibonacci y apuestas fijas. Cada una tiene sus pros y contras, y la elecci\u00f3n depende de tu estilo de juego y tolerancia al riesgo.<\/span><\/p>\n<ol start=\"4\">\n<li><b>\u00bfSe puede jugar a Aviator en dispositivos m\u00f3viles?<\/b><\/li>\n<\/ol>\n<p><span style=\"font-weight: 400;\">S\u00ed, el juego est\u00e1 completamente optimizado para dispositivos m\u00f3viles. Puedes disfrutar del juego en smartphones y tabletas en cualquier momento y lugar.<\/span><\/p>\n<ol start=\"5\">\n<li><b>\u00bfC\u00f3mo puedo obtener bonos y promociones en Aviator?<\/b><\/li>\n<\/ol>\n<p><span style=\"font-weight: 400;\">Mantente atento a nuestro sitio web y suscr\u00edbete a nuestro bolet\u00edn para ser el primero en conocer las ofertas especiales, bonos y promociones para los jugadores de Aviator.<\/span><\/p>\n<p><span style=\"font-weight: 400;\">\u00danete a miles de jugadores que ya han descubierto el emocionante mundo de Aviator. \u00a1Empieza a jugar ahora y experimenta toda la magia de este emocionante juego de colisi\u00f3n!<\/span><\/p>\n","protected":false},"excerpt":{"rendered":"<p>Aviator es un innovador juego de colisi\u00f3n en l\u00ednea que te deja sin aliento desde los primeros segundos. El objetivo principal para<span class=\"more-button\"><a href=\"https:\/\/luckyaviator-win.com\/es\/\" class=\"more-link more-icon\">Continue reading<span class=\"screen-reader-text\">\u00bfQu\u00e9 es el Juego Aviator?<\/span><\/a><\/span><\/p>\n","protected":false},"author":1,"featured_media":0,"parent":0,"menu_order":0,"comment_status":"closed","ping_status":"closed","template":"","meta":{"footnotes":""},"class_list":["post-7","page","type-page","status-publish","hentry"],"yoast_head":"<!-- This site is optimized with the Yoast SEO plugin v27.2 - https:\/\/yoast.com\/product\/yoast-seo-wordpress\/ -->\n<title>\u041a\u0440\u0430\u0448 \u0438\u0433\u0440\u0430 \u0410\u0432\u0438\u0430\u0442\u043e\u0440<\/title>\n<meta name=\"description\" content=\"Juega al Juego Crash Aviator. Juego en l\u00ednea Aviator en casinos en l\u00ednea. Juega gratis y por dinero real. Preguntas y respuestas sobre el juego Aviator. Juega y gana.\" \/>\n<meta name=\"robots\" content=\"index, follow, max-snippet:-1, max-image-preview:large, max-video-preview:-1\" \/>\n<link rel=\"canonical\" href=\"https:\/\/luckyaviator-win.com\/es\/\" \/>\n<meta property=\"og:locale\" content=\"es_ES\" \/>\n<meta property=\"og:locale:alternate\" content=\"ru_RU\" \/>\n<meta property=\"og:locale:alternate\" content=\"en_US\" \/>\n<meta property=\"og:locale:alternate\" content=\"pt_PT\" \/>\n<meta property=\"og:locale:alternate\" content=\"fr_FR\" \/>\n<meta property=\"og:locale:alternate\" content=\"de_DE\" \/>\n<meta property=\"og:locale:alternate\" content=\"ro_RO\" \/>\n<meta property=\"og:locale:alternate\" content=\"sr_RS\" \/>\n<meta property=\"og:locale:alternate\" content=\"bg_BG\" \/>\n<meta property=\"og:locale:alternate\" content=\"it_IT\" \/>\n<meta property=\"og:type\" content=\"article\" \/>\n<meta property=\"og:title\" content=\"\u041a\u0440\u0430\u0448 \u0438\u0433\u0440\u0430 \u0410\u0432\u0438\u0430\u0442\u043e\u0440\" \/>\n<meta property=\"og:description\" content=\"\u0418\u0433\u0440\u0430\u0442\u044c \u0432 \u043a\u0440\u0430\u0448 \u0438\u0433\u0440\u0443 \u0410\u0432\u0438\u0430\u0442\u043e\u0440. \u041e\u043d\u043b\u0430\u0439\u043d \u0438\u0433\u0440\u0430 Aviator \u0432 \u043e\u043d\u043b\u0430\u0439\u043d \u043a\u0430\u0437\u0438\u043d\u043e. \u0418\u0433\u0440\u0430\u0442\u044c \u0431\u0435\u0441\u043f\u043b\u0430\u0442\u043d\u043e \u0438 \u043d\u0430 \u0440\u0435\u0430\u043b\u044c\u043d\u044b\u0435 \u0434\u0435\u043d\u044c\u0433\u0438. \u0412\u043e\u043f\u0440\u043e\u0441\u044b \u0438 \u043e\u0442\u0432\u0435\u0442\u044b \u043e\u0431 \u0438\u0433\u0440\u0435 \u0410\u0432\u0438\u0430\u0442\u043e\u0440. \u0418\u0433\u0440\u0430\u0442\u044c \u0438 \u043f\u043e\u0431\u0435\u0436\u0434\u0430\u0442\u044c\" \/>\n<meta property=\"og:url\" content=\"https:\/\/luckyaviator-win.com\/es\/\" \/>\n<meta property=\"og:site_name\" content=\"Aviator\" \/>\n<meta property=\"article:modified_time\" content=\"2024-05-28T01:30:36+00:00\" \/>\n<meta name=\"twitter:card\" content=\"summary_large_image\" \/>\n<meta name=\"twitter:label1\" content=\"Tiempo de lectura\" \/>\n\t<meta name=\"twitter:data1\" content=\"19 minutos\" \/>\n<script type=\"application\/ld+json\" class=\"yoast-schema-graph\">{\"@context\":\"https:\/\/schema.org\",\"@graph\":[{\"@type\":\"WebPage\",\"@id\":\"https:\/\/luckyaviator-win.com\/\",\"url\":\"https:\/\/luckyaviator-win.com\/\",\"name\":\"\u041a\u0440\u0430\u0448 \u0438\u0433\u0440\u0430 \u0410\u0432\u0438\u0430\u0442\u043e\u0440\",\"isPartOf\":{\"@id\":\"https:\/\/luckyaviator-win.com\/#website\"},\"datePublished\":\"2024-05-27T13:44:08+00:00\",\"dateModified\":\"2024-05-28T01:30:36+00:00\",\"description\":\"\u0418\u0433\u0440\u0430\u0442\u044c \u0432 \u043a\u0440\u0430\u0448 \u0438\u0433\u0440\u0443 \u0410\u0432\u0438\u0430\u0442\u043e\u0440. \u041e\u043d\u043b\u0430\u0439\u043d \u0438\u0433\u0440\u0430 Aviator \u0432 \u043e\u043d\u043b\u0430\u0439\u043d \u043a\u0430\u0437\u0438\u043d\u043e. \u0418\u0433\u0440\u0430\u0442\u044c \u0431\u0435\u0441\u043f\u043b\u0430\u0442\u043d\u043e \u0438 \u043d\u0430 \u0440\u0435\u0430\u043b\u044c\u043d\u044b\u0435 \u0434\u0435\u043d\u044c\u0433\u0438. \u0412\u043e\u043f\u0440\u043e\u0441\u044b \u0438 \u043e\u0442\u0432\u0435\u0442\u044b \u043e\u0431 \u0438\u0433\u0440\u0435 \u0410\u0432\u0438\u0430\u0442\u043e\u0440. \u0418\u0433\u0440\u0430\u0442\u044c \u0438 \u043f\u043e\u0431\u0435\u0436\u0434\u0430\u0442\u044c\",\"breadcrumb\":{\"@id\":\"https:\/\/luckyaviator-win.com\/#breadcrumb\"},\"inLanguage\":\"es-ES\",\"potentialAction\":[{\"@type\":\"ReadAction\",\"target\":[\"https:\/\/luckyaviator-win.com\/\"]}]},{\"@type\":\"BreadcrumbList\",\"@id\":\"https:\/\/luckyaviator-win.com\/#breadcrumb\",\"itemListElement\":[{\"@type\":\"ListItem\",\"position\":1,\"name\":\"\u0413\u043b\u0430\u0432\u043d\u0430\u044f \u0441\u0442\u0440\u0430\u043d\u0438\u0446\u0430\",\"item\":\"https:\/\/luckyaviator-win.com\/\"},{\"@type\":\"ListItem\",\"position\":2,\"name\":\"\u0427\u0442\u043e \u0442\u0430\u043a\u043e\u0435 \u0438\u0433\u0440\u0430 \u0410\u0432\u0438\u0430\u0442\u043e\u0440?\"}]},{\"@type\":\"WebSite\",\"@id\":\"https:\/\/luckyaviator-win.com\/#website\",\"url\":\"https:\/\/luckyaviator-win.com\/\",\"name\":\"Aviator\",\"description\":\"\",\"potentialAction\":[{\"@type\":\"SearchAction\",\"target\":{\"@type\":\"EntryPoint\",\"urlTemplate\":\"https:\/\/luckyaviator-win.com\/?s={search_term_string}\"},\"query-input\":{\"@type\":\"PropertyValueSpecification\",\"valueRequired\":true,\"valueName\":\"search_term_string\"}}],\"inLanguage\":\"es-ES\"}]}<\/script>\n<!-- \/ Yoast SEO plugin. -->","yoast_head_json":{"title":"\u041a\u0440\u0430\u0448 \u0438\u0433\u0440\u0430 \u0410\u0432\u0438\u0430\u0442\u043e\u0440","description":"Juega al Juego Crash Aviator. Juego en l\u00ednea Aviator en casinos en l\u00ednea. Juega gratis y por dinero real. Preguntas y respuestas sobre el juego Aviator. Juega y gana.","robots":{"index":"index","follow":"follow","max-snippet":"max-snippet:-1","max-image-preview":"max-image-preview:large","max-video-preview":"max-video-preview:-1"},"canonical":"https:\/\/luckyaviator-win.com\/es\/","og_locale":"es_ES","og_type":"article","og_title":"\u041a\u0440\u0430\u0448 \u0438\u0433\u0440\u0430 \u0410\u0432\u0438\u0430\u0442\u043e\u0440","og_description":"\u0418\u0433\u0440\u0430\u0442\u044c \u0432 \u043a\u0440\u0430\u0448 \u0438\u0433\u0440\u0443 \u0410\u0432\u0438\u0430\u0442\u043e\u0440. \u041e\u043d\u043b\u0430\u0439\u043d \u0438\u0433\u0440\u0430 Aviator \u0432 \u043e\u043d\u043b\u0430\u0439\u043d \u043a\u0430\u0437\u0438\u043d\u043e. \u0418\u0433\u0440\u0430\u0442\u044c \u0431\u0435\u0441\u043f\u043b\u0430\u0442\u043d\u043e \u0438 \u043d\u0430 \u0440\u0435\u0430\u043b\u044c\u043d\u044b\u0435 \u0434\u0435\u043d\u044c\u0433\u0438. \u0412\u043e\u043f\u0440\u043e\u0441\u044b \u0438 \u043e\u0442\u0432\u0435\u0442\u044b \u043e\u0431 \u0438\u0433\u0440\u0435 \u0410\u0432\u0438\u0430\u0442\u043e\u0440. \u0418\u0433\u0440\u0430\u0442\u044c \u0438 \u043f\u043e\u0431\u0435\u0436\u0434\u0430\u0442\u044c","og_url":"https:\/\/luckyaviator-win.com\/es\/","og_site_name":"Aviator","article_modified_time":"2024-05-28T01:30:36+00:00","twitter_card":"summary_large_image","twitter_misc":{"Tiempo de lectura":"19 minutos"},"schema":{"@context":"https:\/\/schema.org","@graph":[{"@type":"WebPage","@id":"https:\/\/luckyaviator-win.com\/","url":"https:\/\/luckyaviator-win.com\/","name":"\u041a\u0440\u0430\u0448 \u0438\u0433\u0440\u0430 \u0410\u0432\u0438\u0430\u0442\u043e\u0440","isPartOf":{"@id":"https:\/\/luckyaviator-win.com\/#website"},"datePublished":"2024-05-27T13:44:08+00:00","dateModified":"2024-05-28T01:30:36+00:00","description":"\u0418\u0433\u0440\u0430\u0442\u044c \u0432 \u043a\u0440\u0430\u0448 \u0438\u0433\u0440\u0443 \u0410\u0432\u0438\u0430\u0442\u043e\u0440. \u041e\u043d\u043b\u0430\u0439\u043d \u0438\u0433\u0440\u0430 Aviator \u0432 \u043e\u043d\u043b\u0430\u0439\u043d \u043a\u0430\u0437\u0438\u043d\u043e. \u0418\u0433\u0440\u0430\u0442\u044c \u0431\u0435\u0441\u043f\u043b\u0430\u0442\u043d\u043e \u0438 \u043d\u0430 \u0440\u0435\u0430\u043b\u044c\u043d\u044b\u0435 \u0434\u0435\u043d\u044c\u0433\u0438. \u0412\u043e\u043f\u0440\u043e\u0441\u044b \u0438 \u043e\u0442\u0432\u0435\u0442\u044b \u043e\u0431 \u0438\u0433\u0440\u0435 \u0410\u0432\u0438\u0430\u0442\u043e\u0440. \u0418\u0433\u0440\u0430\u0442\u044c \u0438 \u043f\u043e\u0431\u0435\u0436\u0434\u0430\u0442\u044c","breadcrumb":{"@id":"https:\/\/luckyaviator-win.com\/#breadcrumb"},"inLanguage":"es-ES","potentialAction":[{"@type":"ReadAction","target":["https:\/\/luckyaviator-win.com\/"]}]},{"@type":"BreadcrumbList","@id":"https:\/\/luckyaviator-win.com\/#breadcrumb","itemListElement":[{"@type":"ListItem","position":1,"name":"\u0413\u043b\u0430\u0432\u043d\u0430\u044f \u0441\u0442\u0440\u0430\u043d\u0438\u0446\u0430","item":"https:\/\/luckyaviator-win.com\/"},{"@type":"ListItem","position":2,"name":"\u0427\u0442\u043e \u0442\u0430\u043a\u043e\u0435 \u0438\u0433\u0440\u0430 \u0410\u0432\u0438\u0430\u0442\u043e\u0440?"}]},{"@type":"WebSite","@id":"https:\/\/luckyaviator-win.com\/#website","url":"https:\/\/luckyaviator-win.com\/","name":"Aviator","description":"","potentialAction":[{"@type":"SearchAction","target":{"@type":"EntryPoint","urlTemplate":"https:\/\/luckyaviator-win.com\/?s={search_term_string}"},"query-input":{"@type":"PropertyValueSpecification","valueRequired":true,"valueName":"search_term_string"}}],"inLanguage":"es-ES"}]}},"_links":{"self":[{"href":"https:\/\/luckyaviator-win.com\/es\/wp-json\/wp\/v2\/pages\/7","targetHints":{"allow":["GET"]}}],"collection":[{"href":"https:\/\/luckyaviator-win.com\/es\/wp-json\/wp\/v2\/pages"}],"about":[{"href":"https:\/\/luckyaviator-win.com\/es\/wp-json\/wp\/v2\/types\/page"}],"author":[{"embeddable":true,"href":"https:\/\/luckyaviator-win.com\/es\/wp-json\/wp\/v2\/users\/1"}],"replies":[{"embeddable":true,"href":"https:\/\/luckyaviator-win.com\/es\/wp-json\/wp\/v2\/comments?post=7"}],"version-history":[{"count":19,"href":"https:\/\/luckyaviator-win.com\/es\/wp-json\/wp\/v2\/pages\/7\/revisions"}],"predecessor-version":[{"id":116,"href":"https:\/\/luckyaviator-win.com\/es\/wp-json\/wp\/v2\/pages\/7\/revisions\/116"}],"wp:attachment":[{"href":"https:\/\/luckyaviator-win.com\/es\/wp-json\/wp\/v2\/media?parent=7"}],"curies":[{"name":"wp","href":"https:\/\/api.w.org\/{rel}","templated":true}]}}