{"id":12,"date":"2024-05-27T16:48:50","date_gmt":"2024-05-27T13:48:50","guid":{"rendered":"https:\/\/luckyaviator-win.com\/?page_id=12"},"modified":"2024-05-28T04:07:53","modified_gmt":"2024-05-28T01:07:53","slug":"real-player-reviews-about-the-game-aviator","status":"publish","type":"page","link":"https:\/\/luckyaviator-win.com\/fr\/real-player-reviews-about-the-game-aviator\/","title":{"rendered":"Avis de Joueurs R\u00e9els sur le Jeu Aviator"},"content":{"rendered":"<h3><b>Th\u00e8me : Excitation et adr\u00e9naline \u00e0 chaque vol !<\/b><\/h3>\n<p><b>Avis :<\/b><span style=\"font-weight: 400;\"> \u00ab\u00a0Aviator est une vraie trouvaille pour les amateurs d&rsquo;adr\u00e9naline. Chaque vol vous maintient en haleine, et le moment o\u00f9 vous devez d\u00e9cider de retirer votre mise est incroyablement excitant. Je joue tous les soirs et je ne sais jamais comment se terminera chaque vol !\u00a0\u00bb <\/span><br \/>\n<span style=\"font-weight: 400;\">Alexey, 29 ans<\/span><\/p>\n<h3><b>Th\u00e8me : Facilit\u00e9 et simplicit\u00e9 du jeu<\/b><\/h3>\n<p><b>Avis :<\/b><span style=\"font-weight: 400;\"> \u00ab\u00a0J&rsquo;aime le fait qu&rsquo;Aviator soit tr\u00e8s facile \u00e0 comprendre. Il n&rsquo;y a pas de r\u00e8gles compliqu\u00e9es, et n&rsquo;importe qui peut commencer \u00e0 jouer presque imm\u00e9diatement. C&rsquo;est un excellent passe-temps, surtout lorsque vous voulez faire une pause dans les soucis quotidiens.\u00a0\u00bb <\/span><br \/>\n<span style=\"font-weight: 400;\">Maria, 34 ans<\/span><\/p>\n<h3><b>Th\u00e8me : Excellents graphismes et interface<\/b><\/h3>\n<p><b>Avis :<\/b><span style=\"font-weight: 400;\"> \u00ab\u00a0Le jeu est incroyable ! Les graphismes sont de haute qualit\u00e9, et l&rsquo;interface est intuitive. J&rsquo;ai rapidement pris l&rsquo;habitude des commandes et je profite maintenant de chaque partie. Merci aux d\u00e9veloppeurs pour un jeu de si grande qualit\u00e9 !\u00a0\u00bb <\/span><br \/>\n<span style=\"font-weight: 400;\">Dmitry, 26 ans<\/span><\/p>\n<h3><b>Th\u00e8me : Opportunit\u00e9 de gagner gros<\/b><\/h3>\n<p><b>Avis :<\/b><span style=\"font-weight: 400;\"> \u00ab\u00a0Aviator n&rsquo;est pas juste un jeu mais aussi une chance de gagner de l&rsquo;argent r\u00e9el. J&rsquo;ai doubl\u00e9 mes mises plusieurs fois et j&rsquo;ai encaiss\u00e9 mes gains. Le principal est de s&rsquo;arr\u00eater \u00e0 temps et de ne pas \u00eatre trop avide. Je le recommande \u00e0 tous ceux qui aiment le risque !\u00a0\u00bb <\/span><br \/>\n<span style=\"font-weight: 400;\">Igor, 31 ans<\/span><\/p>\n<h3><b>Th\u00e8me : Processus engageant et frisson<\/b><\/h3>\n<p><b>Avis :<\/b><span style=\"font-weight: 400;\"> \u00ab\u00a0Chaque manche dans Aviator est une histoire \u00e0 part enti\u00e8re. Le frisson est intense lorsque vous regardez l&rsquo;avion d\u00e9coller et attendez le moment de retirer votre mise. Le jeu captive vraiment et vous divertit.\u00a0\u00bb <\/span><br \/>\n<span style=\"font-weight: 400;\">Olga, 28 ans<\/span><\/p>\n<h3><b>Th\u00e8me : Jeu parfait pour de courtes pauses<\/b><\/h3>\n<p><b>Avis :<\/b><span style=\"font-weight: 400;\"> \u00ab\u00a0Je joue \u00e0 Aviator pendant les pauses au travail. Les manches sont courtes, et vous pouvez rapidement vous d\u00e9tendre et ressentir une mont\u00e9e d&rsquo;adr\u00e9naline. C&rsquo;est un excellent moyen de se d\u00e9tendre et de se ressourcer pour le reste de la journ\u00e9e.\u00a0\u00bb <\/span><br \/>\n<span style=\"font-weight: 400;\">Maxim, 35 ans<\/span><\/p>\n<h3><b>Th\u00e8me : Support pour les appareils mobiles<\/b><\/h3>\n<p><b>Avis :<\/b><span style=\"font-weight: 400;\"> \u00ab\u00a0Il est tr\u00e8s pratique de jouer \u00e0 Aviator sur votre t\u00e9l\u00e9phone. Je joue souvent en voyageant ou en me promenant. La version mobile fonctionne tr\u00e8s bien, sans aucun retard ni probl\u00e8me. Merci pour cette opportunit\u00e9 !\u00a0\u00bb <\/span><br \/>\n<span style=\"font-weight: 400;\">Anastasia, 24 ans<\/span><\/p>\n<h3><b>Th\u00e8me : Plateforme de jeu fiable<\/b><\/h3>\n<p><b>Avis :<\/b><span style=\"font-weight: 400;\"> \u00ab\u00a0Je joue \u00e0 Aviator depuis plusieurs mois maintenant. Pendant ce temps, il n&rsquo;y a pas eu le moindre retard de paiement ni de probl\u00e8me avec le jeu. La plateforme est fiable, et je suis s\u00fbr que mon argent est en s\u00e9curit\u00e9.\u00a0\u00bb <\/span><br \/>\n<span style=\"font-weight: 400;\">Vladimir, 32 ans<\/span><\/p>\n<h3><b>Th\u00e8me : Bonus et promotions agr\u00e9ables<\/b><\/h3>\n<p><b>Avis :<\/b><span style=\"font-weight: 400;\"> \u00ab\u00a0Je suis tr\u00e8s satisfait des bonus et des promotions r\u00e9guli\u00e8res. Cela me permet de jouer plus longtemps et d&rsquo;obtenir des opportunit\u00e9s suppl\u00e9mentaires de gagner. J&rsquo;utilise les bonus au maximum et je suis content du r\u00e9sultat.\u00a0\u00bb <\/span><br \/>\n<span style=\"font-weight: 400;\">Svetlana, <\/span><span style=\"font-weight: 400;\">27 ans<\/span><\/p>\n<h3><b>Th\u00e8me : Excellent moyen de se d\u00e9tendre<\/b><\/h3>\n<p><b>Avis :<\/b><span style=\"font-weight: 400;\"> \u00ab\u00a0Aviator est devenu mon moyen pr\u00e9f\u00e9r\u00e9 de me d\u00e9tendre apr\u00e8s une dure journ\u00e9e. Que je gagne ou que je perde, le gameplay lui-m\u00eame apporte un plaisir immense. Merci pour un jeu si merveilleux !\u00a0\u00bb <\/span><br \/>\n<span style=\"font-weight: 400;\">Evgeny, 30 ans<\/span><\/p>\n<p><span style=\"font-weight: 400;\">Ces avis d\u00e9montrent \u00e0 quel point les exp\u00e9riences des joueurs peuvent \u00eatre diverses avec le jeu Aviator. Peu importe l&rsquo;\u00e2ge et les pr\u00e9f\u00e9rences, chacun trouve quelque chose pour lui-m\u00eame dans ce jeu, que ce soit de l&rsquo;adr\u00e9naline, la simplicit\u00e9 du jeu ou l&rsquo;opportunit\u00e9 de gagner.<\/span><\/p>\n","protected":false},"excerpt":{"rendered":"<p>Th\u00e8me : Excitation et adr\u00e9naline \u00e0 chaque vol ! Avis : \u00ab\u00a0Aviator est une vraie trouvaille pour les amateurs d&rsquo;adr\u00e9naline. Chaque vol<span class=\"more-button\"><a href=\"https:\/\/luckyaviator-win.com\/fr\/real-player-reviews-about-the-game-aviator\/\" class=\"more-link more-icon\">Continue reading<span class=\"screen-reader-text\">Avis de Joueurs R\u00e9els sur le Jeu Aviator<\/span><\/a><\/span><\/p>\n","protected":false},"author":1,"featured_media":0,"parent":0,"menu_order":0,"comment_status":"closed","ping_status":"closed","template":"","meta":{"footnotes":""},"class_list":["post-12","page","type-page","status-publish","hentry"],"yoast_head":"<!-- This site is optimized with the Yoast SEO plugin v27.2 - https:\/\/yoast.com\/product\/yoast-seo-wordpress\/ -->\n<title>Avis des Joueurs R\u00e9els sur le Jeu Aviator<\/title>\n<meta name=\"description\" content=\"Avis v\u00e9rifi\u00e9s de joueurs r\u00e9els de casinos en ligne sur le jeu crash Aviator. Aper\u00e7u du jeu Aviator dans les casinos en ligne. Avis des joueurs sur Aviator.\" \/>\n<meta name=\"robots\" content=\"index, follow, max-snippet:-1, max-image-preview:large, max-video-preview:-1\" \/>\n<link rel=\"canonical\" href=\"https:\/\/luckyaviator-win.com\/fr\/real-player-reviews-about-the-game-aviator\/\" \/>\n<meta property=\"og:locale\" content=\"fr_FR\" \/>\n<meta property=\"og:locale:alternate\" content=\"ru_RU\" \/>\n<meta property=\"og:locale:alternate\" content=\"en_US\" \/>\n<meta property=\"og:locale:alternate\" content=\"pt_PT\" \/>\n<meta property=\"og:locale:alternate\" content=\"es_ES\" \/>\n<meta property=\"og:locale:alternate\" content=\"de_DE\" \/>\n<meta property=\"og:locale:alternate\" content=\"ro_RO\" \/>\n<meta property=\"og:locale:alternate\" content=\"sr_RS\" \/>\n<meta property=\"og:locale:alternate\" content=\"bg_BG\" \/>\n<meta property=\"og:locale:alternate\" content=\"it_IT\" \/>\n<meta property=\"og:type\" content=\"article\" \/>\n<meta property=\"og:title\" content=\"Avis des Joueurs R\u00e9els sur le Jeu Aviator\" \/>\n<meta property=\"og:description\" content=\"Avis v\u00e9rifi\u00e9s de joueurs r\u00e9els de casinos en ligne sur le jeu crash Aviator. Aper\u00e7u du jeu Aviator dans les casinos en ligne. Avis des joueurs sur Aviator.\" \/>\n<meta property=\"og:url\" content=\"https:\/\/luckyaviator-win.com\/fr\/real-player-reviews-about-the-game-aviator\/\" \/>\n<meta property=\"og:site_name\" content=\"Aviator\" \/>\n<meta property=\"article:modified_time\" content=\"2024-05-28T01:07:53+00:00\" \/>\n<meta name=\"twitter:card\" content=\"summary_large_image\" \/>\n<meta name=\"twitter:label1\" content=\"Dur\u00e9e de lecture estim\u00e9e\" \/>\n\t<meta name=\"twitter:data1\" content=\"18 minutes\" \/>\n<script type=\"application\/ld+json\" class=\"yoast-schema-graph\">{\"@context\":\"https:\/\/schema.org\",\"@graph\":[{\"@type\":\"WebPage\",\"@id\":\"https:\/\/luckyaviator-win.com\/fr\/real-player-reviews-about-the-game-aviator\/\",\"url\":\"https:\/\/luckyaviator-win.com\/fr\/real-player-reviews-about-the-game-aviator\/\",\"name\":\"Avis des Joueurs R\u00e9els sur le Jeu Aviator\",\"isPartOf\":{\"@id\":\"https:\/\/luckyaviator-win.com\/#website\"},\"datePublished\":\"2024-05-27T13:48:50+00:00\",\"dateModified\":\"2024-05-28T01:07:53+00:00\",\"description\":\"Avis v\u00e9rifi\u00e9s de joueurs r\u00e9els de casinos en ligne sur le jeu crash Aviator. Aper\u00e7u du jeu Aviator dans les casinos en ligne. Avis des joueurs sur Aviator.\",\"breadcrumb\":{\"@id\":\"https:\/\/luckyaviator-win.com\/fr\/real-player-reviews-about-the-game-aviator\/#breadcrumb\"},\"inLanguage\":\"fr-FR\",\"potentialAction\":[{\"@type\":\"ReadAction\",\"target\":[\"https:\/\/luckyaviator-win.com\/fr\/real-player-reviews-about-the-game-aviator\/\"]}]},{\"@type\":\"BreadcrumbList\",\"@id\":\"https:\/\/luckyaviator-win.com\/fr\/real-player-reviews-about-the-game-aviator\/#breadcrumb\",\"itemListElement\":[{\"@type\":\"ListItem\",\"position\":1,\"name\":\"\u0413\u043b\u0430\u0432\u043d\u0430\u044f \u0441\u0442\u0440\u0430\u043d\u0438\u0446\u0430\",\"item\":\"https:\/\/luckyaviator-win.com\/\"},{\"@type\":\"ListItem\",\"position\":2,\"name\":\"Avis de Joueurs R\u00e9els sur le Jeu Aviator\"}]},{\"@type\":\"WebSite\",\"@id\":\"https:\/\/luckyaviator-win.com\/#website\",\"url\":\"https:\/\/luckyaviator-win.com\/\",\"name\":\"Aviator\",\"description\":\"\",\"potentialAction\":[{\"@type\":\"SearchAction\",\"target\":{\"@type\":\"EntryPoint\",\"urlTemplate\":\"https:\/\/luckyaviator-win.com\/?s={search_term_string}\"},\"query-input\":{\"@type\":\"PropertyValueSpecification\",\"valueRequired\":true,\"valueName\":\"search_term_string\"}}],\"inLanguage\":\"fr-FR\"}]}<\/script>\n<!-- \/ Yoast SEO plugin. -->","yoast_head_json":{"title":"Avis des Joueurs R\u00e9els sur le Jeu Aviator","description":"Avis v\u00e9rifi\u00e9s de joueurs r\u00e9els de casinos en ligne sur le jeu crash Aviator. Aper\u00e7u du jeu Aviator dans les casinos en ligne. Avis des joueurs sur Aviator.","robots":{"index":"index","follow":"follow","max-snippet":"max-snippet:-1","max-image-preview":"max-image-preview:large","max-video-preview":"max-video-preview:-1"},"canonical":"https:\/\/luckyaviator-win.com\/fr\/real-player-reviews-about-the-game-aviator\/","og_locale":"fr_FR","og_type":"article","og_title":"Avis des Joueurs R\u00e9els sur le Jeu Aviator","og_description":"Avis v\u00e9rifi\u00e9s de joueurs r\u00e9els de casinos en ligne sur le jeu crash Aviator. Aper\u00e7u du jeu Aviator dans les casinos en ligne. Avis des joueurs sur Aviator.","og_url":"https:\/\/luckyaviator-win.com\/fr\/real-player-reviews-about-the-game-aviator\/","og_site_name":"Aviator","article_modified_time":"2024-05-28T01:07:53+00:00","twitter_card":"summary_large_image","twitter_misc":{"Dur\u00e9e de lecture estim\u00e9e":"18 minutes"},"schema":{"@context":"https:\/\/schema.org","@graph":[{"@type":"WebPage","@id":"https:\/\/luckyaviator-win.com\/fr\/real-player-reviews-about-the-game-aviator\/","url":"https:\/\/luckyaviator-win.com\/fr\/real-player-reviews-about-the-game-aviator\/","name":"Avis des Joueurs R\u00e9els sur le Jeu Aviator","isPartOf":{"@id":"https:\/\/luckyaviator-win.com\/#website"},"datePublished":"2024-05-27T13:48:50+00:00","dateModified":"2024-05-28T01:07:53+00:00","description":"Avis v\u00e9rifi\u00e9s de joueurs r\u00e9els de casinos en ligne sur le jeu crash Aviator. Aper\u00e7u du jeu Aviator dans les casinos en ligne. Avis des joueurs sur Aviator.","breadcrumb":{"@id":"https:\/\/luckyaviator-win.com\/fr\/real-player-reviews-about-the-game-aviator\/#breadcrumb"},"inLanguage":"fr-FR","potentialAction":[{"@type":"ReadAction","target":["https:\/\/luckyaviator-win.com\/fr\/real-player-reviews-about-the-game-aviator\/"]}]},{"@type":"BreadcrumbList","@id":"https:\/\/luckyaviator-win.com\/fr\/real-player-reviews-about-the-game-aviator\/#breadcrumb","itemListElement":[{"@type":"ListItem","position":1,"name":"\u0413\u043b\u0430\u0432\u043d\u0430\u044f \u0441\u0442\u0440\u0430\u043d\u0438\u0446\u0430","item":"https:\/\/luckyaviator-win.com\/"},{"@type":"ListItem","position":2,"name":"Avis de Joueurs R\u00e9els sur le Jeu Aviator"}]},{"@type":"WebSite","@id":"https:\/\/luckyaviator-win.com\/#website","url":"https:\/\/luckyaviator-win.com\/","name":"Aviator","description":"","potentialAction":[{"@type":"SearchAction","target":{"@type":"EntryPoint","urlTemplate":"https:\/\/luckyaviator-win.com\/?s={search_term_string}"},"query-input":{"@type":"PropertyValueSpecification","valueRequired":true,"valueName":"search_term_string"}}],"inLanguage":"fr-FR"}]}},"_links":{"self":[{"href":"https:\/\/luckyaviator-win.com\/fr\/wp-json\/wp\/v2\/pages\/12","targetHints":{"allow":["GET"]}}],"collection":[{"href":"https:\/\/luckyaviator-win.com\/fr\/wp-json\/wp\/v2\/pages"}],"about":[{"href":"https:\/\/luckyaviator-win.com\/fr\/wp-json\/wp\/v2\/types\/page"}],"author":[{"embeddable":true,"href":"https:\/\/luckyaviator-win.com\/fr\/wp-json\/wp\/v2\/users\/1"}],"replies":[{"embeddable":true,"href":"https:\/\/luckyaviator-win.com\/fr\/wp-json\/wp\/v2\/comments?post=12"}],"version-history":[{"count":22,"href":"https:\/\/luckyaviator-win.com\/fr\/wp-json\/wp\/v2\/pages\/12\/revisions"}],"predecessor-version":[{"id":117,"href":"https:\/\/luckyaviator-win.com\/fr\/wp-json\/wp\/v2\/pages\/12\/revisions\/117"}],"wp:attachment":[{"href":"https:\/\/luckyaviator-win.com\/fr\/wp-json\/wp\/v2\/media?parent=12"}],"curies":[{"name":"wp","href":"https:\/\/api.w.org\/{rel}","templated":true}]}}