{"id":12,"date":"2024-05-27T16:48:50","date_gmt":"2024-05-27T13:48:50","guid":{"rendered":"https:\/\/luckyaviator-win.com\/?page_id=12"},"modified":"2024-05-28T04:07:53","modified_gmt":"2024-05-28T01:07:53","slug":"real-player-reviews-about-the-game-aviator","status":"publish","type":"page","link":"https:\/\/luckyaviator-win.com\/it\/real-player-reviews-about-the-game-aviator\/","title":{"rendered":"Recensioni dei Giocatori Reali sul Gioco Aviator"},"content":{"rendered":"<h3><b>Argomento: Eccitazione e adrenalina ad ogni volo!<\/b><\/h3>\n<p><b>Recensione:<\/b><span style=\"font-weight: 400;\"> &#8220;Aviator \u00e8 una vera scoperta per gli amanti dell&#8217;adrenalina. Ogni volo ti tiene sul filo del rasoio, e il momento in cui devi decidere di incassare \u00e8 incredibilmente emozionante. Gioco ogni sera e non so mai come finir\u00e0 ogni volo!&#8221; <\/span><br \/>\n<span style=\"font-weight: 400;\">Alexey, 29 anni<\/span><\/p>\n<h3><b>Argomento: Facilit\u00e0 e semplicit\u00e0 del gioco<\/b><\/h3>\n<p><b>Recensione:<\/b><span style=\"font-weight: 400;\"> &#8220;Mi piace che Aviator sia molto facile da capire. Non ci sono regole complicate, e chiunque pu\u00f2 iniziare a giocare quasi immediatamente. \u00c8 un ottimo passatempo, specialmente quando vuoi fare una pausa dalle preoccupazioni quotidiane.&#8221; <\/span><br \/>\n<span style=\"font-weight: 400;\">Maria, 34 anni<\/span><\/p>\n<h3><b>Argomento: Grafica eccellente e interfaccia<\/b><\/h3>\n<p><b>Recensione:<\/b><span style=\"font-weight: 400;\"> &#8220;Il gioco \u00e8 incredibile! La grafica \u00e8 di prima classe, e l&#8217;interfaccia \u00e8 intuitiva. Mi sono rapidamente abituato ai controlli e ora mi godo ogni round. Grazie agli sviluppatori per un gioco di alta qualit\u00e0!&#8221;<\/span><br \/>\n<span style=\"font-weight: 400;\">Dmitry, 26 anni<\/span><\/p>\n<h3><b>Argomento: Opportunit\u00e0 di vincere grosso<\/b><\/h3>\n<p><b>Recensione:<\/b><span style=\"font-weight: 400;\"> &#8220;Aviator non \u00e8 solo un gioco ma anche una possibilit\u00e0 di vincere soldi veri. Ho raddoppiato le mie scommesse diverse volte e incassato le mie vincite. La cosa principale \u00e8 fermarsi in tempo e non essere avidi. Lo raccomando a chiunque ami il rischio!&#8221; <\/span><br \/>\n<span style=\"font-weight: 400;\">Igor, 31 anni<\/span><\/p>\n<h3><b>Argomento: Processo coinvolgente ed emozionante<\/b><\/h3>\n<p><b>Recensione:<\/b><span style=\"font-weight: 400;\"> &#8220;Ogni turno in Aviator \u00e8 una storia a s\u00e9. L&#8217;emozione travolge quando guardi il decollo dell&#8217;aereo e aspetti il momento di incassare. Il gioco realmente cattura e ti tiene intrattenuto.&#8221;<\/span><br \/>\n<span style=\"font-weight: 400;\">Olga, 28 anni<\/span><\/p>\n<h3><b>Argomento: Gioco perfetto per brevi pause<\/b><\/h3>\n<p><b>Recensione:<\/b><span style=\"font-weight: 400;\"> &#8220;Gioco ad Aviator durante le pause al lavoro. I round sono brevi, e puoi rilassarti e ottenere rapidamente un&#8217;impennata di adrenalina. \u00c8 un ottimo modo per rilassarsi e ricaricarsi per il resto della giornata.&#8221;<\/span><br \/>\n<span style=\"font-weight: 400;\">Maxim, 35 anni<\/span><\/p>\n<h3><b>Argomento: Supporto per dispositivi mobili<\/b><\/h3>\n<p><b>Recensione:<\/b><span style=\"font-weight: 400;\"> &#8220;\u00c8 molto comodo giocare ad Aviator sul tuo telefono. Gioco spesso mentre viaggio o faccio una passeggiata. La versione mobile funziona alla grande, senza ritardi o problemi. Grazie per questa opportunit\u00e0!&#8221; <\/span><br \/>\n<span style=\"font-weight: 400;\">Anastasia, 24 anni<\/span><\/p>\n<h3><b>Argomento: Piattaforma di gioco affidabile<\/b><\/h3>\n<p><b>Recensione:<\/b><span style=\"font-weight: 400;\"> &#8220;Gioco ad Aviator da diversi mesi. Durante questo tempo, non c&#8217;\u00e8 stato alcun ritardo nei pagamenti o problemi con il gioco. La piattaforma \u00e8 affidabile, e sono sicuro che i miei soldi siano al sicuro.&#8221; Vladimir, 32 anni<\/span><\/p>\n<h3><b>Argomento: Bonus e promozioni piacevoli<\/b><\/h3>\n<p><b>Recensione:<\/b><span style=\"font-weight: 400;\"> &#8220;Sono molto soddisfatto dei bonus e delle promozioni regolari. Questo mi permette di giocare pi\u00f9 a lungo e ottenere ulteriori opportunit\u00e0 di vincita. Utilizzo i bonus al massimo e sono felice del risultato.&#8221; <\/span><br \/>\n<span style=\"font-weight: 400;\">Svetlana, <\/span><span style=\"font-weight: 400;\">27 anni<\/span><\/p>\n<h3><b>Argomento: Ottimo modo per rilassarsi<\/b><\/h3>\n<p><b>Recensione:<\/b><span style=\"font-weight: 400;\"> &#8220;Aviator \u00e8 diventato il mio modo preferito per rilassarmi dopo una giornata intensa. Che io vinca o perda, il gameplay stesso porta un piacere immenso. Grazie per un gioco cos\u00ec meraviglioso!&#8221; <\/span><br \/>\n<span style=\"font-weight: 400;\">Evgeny, 30 anni<\/span><br \/>\n<span style=\"font-weight: 400;\">Queste recensioni dimostrano quanto possano essere diverse le esperienze dei giocatori con il gioco Aviator. Indipendentemente dall&#8217;et\u00e0 e dalle preferenze, ognuno trova qualcosa per s\u00e9 in questo gioco, che sia l&#8217;adrenalina, la semplicit\u00e0 di gioco o l&#8217;opportunit\u00e0 di vincere.<\/span><\/p>\n","protected":false},"excerpt":{"rendered":"<p>Argomento: Eccitazione e adrenalina ad ogni volo! Recensione: &#8220;Aviator \u00e8 una vera scoperta per gli amanti dell&#8217;adrenalina. Ogni volo ti tiene sul<span class=\"more-button\"><a href=\"https:\/\/luckyaviator-win.com\/it\/real-player-reviews-about-the-game-aviator\/\" class=\"more-link more-icon\">Continue reading<span class=\"screen-reader-text\">Recensioni dei Giocatori Reali sul Gioco Aviator<\/span><\/a><\/span><\/p>\n","protected":false},"author":1,"featured_media":0,"parent":0,"menu_order":0,"comment_status":"closed","ping_status":"closed","template":"","meta":{"footnotes":""},"class_list":["post-12","page","type-page","status-publish","hentry"],"yoast_head":"<!-- This site is optimized with the Yoast SEO plugin v27.2 - https:\/\/yoast.com\/product\/yoast-seo-wordpress\/ -->\n<title>Avis des Joueurs R\u00e9els sur le Jeu Aviator<\/title>\n<meta name=\"description\" content=\"Recensioni verificate dai giocatori reali dei casin\u00f2 online sul gioco crash Aviator. Panoramica del gioco Aviator nei casin\u00f2 online. Opinioni dei giocatori su Aviator.\" \/>\n<meta name=\"robots\" content=\"index, follow, max-snippet:-1, max-image-preview:large, max-video-preview:-1\" \/>\n<link rel=\"canonical\" href=\"https:\/\/luckyaviator-win.com\/it\/real-player-reviews-about-the-game-aviator\/\" \/>\n<meta property=\"og:locale\" content=\"it_IT\" \/>\n<meta property=\"og:locale:alternate\" content=\"ru_RU\" \/>\n<meta property=\"og:locale:alternate\" content=\"en_US\" \/>\n<meta property=\"og:locale:alternate\" content=\"pt_PT\" \/>\n<meta property=\"og:locale:alternate\" content=\"es_ES\" \/>\n<meta property=\"og:locale:alternate\" content=\"fr_FR\" \/>\n<meta property=\"og:locale:alternate\" content=\"de_DE\" \/>\n<meta property=\"og:locale:alternate\" content=\"ro_RO\" \/>\n<meta property=\"og:locale:alternate\" content=\"sr_RS\" \/>\n<meta property=\"og:locale:alternate\" content=\"bg_BG\" \/>\n<meta property=\"og:type\" content=\"article\" \/>\n<meta property=\"og:title\" content=\"Avis des Joueurs R\u00e9els sur le Jeu Aviator\" \/>\n<meta property=\"og:description\" content=\"Avis v\u00e9rifi\u00e9s de joueurs r\u00e9els de casinos en ligne sur le jeu crash Aviator. Aper\u00e7u du jeu Aviator dans les casinos en ligne. Avis des joueurs sur Aviator.\" \/>\n<meta property=\"og:url\" content=\"https:\/\/luckyaviator-win.com\/it\/real-player-reviews-about-the-game-aviator\/\" \/>\n<meta property=\"og:site_name\" content=\"Aviator\" \/>\n<meta property=\"article:modified_time\" content=\"2024-05-28T01:07:53+00:00\" \/>\n<meta name=\"twitter:card\" content=\"summary_large_image\" \/>\n<meta name=\"twitter:label1\" content=\"Tempo di lettura stimato\" \/>\n\t<meta name=\"twitter:data1\" content=\"18 minuti\" \/>\n<script type=\"application\/ld+json\" class=\"yoast-schema-graph\">{\"@context\":\"https:\/\/schema.org\",\"@graph\":[{\"@type\":\"WebPage\",\"@id\":\"https:\/\/luckyaviator-win.com\/fr\/real-player-reviews-about-the-game-aviator\/\",\"url\":\"https:\/\/luckyaviator-win.com\/fr\/real-player-reviews-about-the-game-aviator\/\",\"name\":\"Avis des Joueurs R\u00e9els sur le Jeu Aviator\",\"isPartOf\":{\"@id\":\"https:\/\/luckyaviator-win.com\/#website\"},\"datePublished\":\"2024-05-27T13:48:50+00:00\",\"dateModified\":\"2024-05-28T01:07:53+00:00\",\"description\":\"Avis v\u00e9rifi\u00e9s de joueurs r\u00e9els de casinos en ligne sur le jeu crash Aviator. Aper\u00e7u du jeu Aviator dans les casinos en ligne. Avis des joueurs sur Aviator.\",\"breadcrumb\":{\"@id\":\"https:\/\/luckyaviator-win.com\/fr\/real-player-reviews-about-the-game-aviator\/#breadcrumb\"},\"inLanguage\":\"it-IT\",\"potentialAction\":[{\"@type\":\"ReadAction\",\"target\":[\"https:\/\/luckyaviator-win.com\/fr\/real-player-reviews-about-the-game-aviator\/\"]}]},{\"@type\":\"BreadcrumbList\",\"@id\":\"https:\/\/luckyaviator-win.com\/fr\/real-player-reviews-about-the-game-aviator\/#breadcrumb\",\"itemListElement\":[{\"@type\":\"ListItem\",\"position\":1,\"name\":\"\u0413\u043b\u0430\u0432\u043d\u0430\u044f \u0441\u0442\u0440\u0430\u043d\u0438\u0446\u0430\",\"item\":\"https:\/\/luckyaviator-win.com\/\"},{\"@type\":\"ListItem\",\"position\":2,\"name\":\"Avis de Joueurs R\u00e9els sur le Jeu Aviator\"}]},{\"@type\":\"WebSite\",\"@id\":\"https:\/\/luckyaviator-win.com\/#website\",\"url\":\"https:\/\/luckyaviator-win.com\/\",\"name\":\"Aviator\",\"description\":\"\",\"potentialAction\":[{\"@type\":\"SearchAction\",\"target\":{\"@type\":\"EntryPoint\",\"urlTemplate\":\"https:\/\/luckyaviator-win.com\/?s={search_term_string}\"},\"query-input\":{\"@type\":\"PropertyValueSpecification\",\"valueRequired\":true,\"valueName\":\"search_term_string\"}}],\"inLanguage\":\"it-IT\"}]}<\/script>\n<!-- \/ Yoast SEO plugin. -->","yoast_head_json":{"title":"Avis des Joueurs R\u00e9els sur le Jeu Aviator","description":"Recensioni verificate dai giocatori reali dei casin\u00f2 online sul gioco crash Aviator. Panoramica del gioco Aviator nei casin\u00f2 online. Opinioni dei giocatori su Aviator.","robots":{"index":"index","follow":"follow","max-snippet":"max-snippet:-1","max-image-preview":"max-image-preview:large","max-video-preview":"max-video-preview:-1"},"canonical":"https:\/\/luckyaviator-win.com\/it\/real-player-reviews-about-the-game-aviator\/","og_locale":"it_IT","og_type":"article","og_title":"Avis des Joueurs R\u00e9els sur le Jeu Aviator","og_description":"Avis v\u00e9rifi\u00e9s de joueurs r\u00e9els de casinos en ligne sur le jeu crash Aviator. Aper\u00e7u du jeu Aviator dans les casinos en ligne. Avis des joueurs sur Aviator.","og_url":"https:\/\/luckyaviator-win.com\/it\/real-player-reviews-about-the-game-aviator\/","og_site_name":"Aviator","article_modified_time":"2024-05-28T01:07:53+00:00","twitter_card":"summary_large_image","twitter_misc":{"Tempo di lettura stimato":"18 minuti"},"schema":{"@context":"https:\/\/schema.org","@graph":[{"@type":"WebPage","@id":"https:\/\/luckyaviator-win.com\/fr\/real-player-reviews-about-the-game-aviator\/","url":"https:\/\/luckyaviator-win.com\/fr\/real-player-reviews-about-the-game-aviator\/","name":"Avis des Joueurs R\u00e9els sur le Jeu Aviator","isPartOf":{"@id":"https:\/\/luckyaviator-win.com\/#website"},"datePublished":"2024-05-27T13:48:50+00:00","dateModified":"2024-05-28T01:07:53+00:00","description":"Avis v\u00e9rifi\u00e9s de joueurs r\u00e9els de casinos en ligne sur le jeu crash Aviator. Aper\u00e7u du jeu Aviator dans les casinos en ligne. Avis des joueurs sur Aviator.","breadcrumb":{"@id":"https:\/\/luckyaviator-win.com\/fr\/real-player-reviews-about-the-game-aviator\/#breadcrumb"},"inLanguage":"it-IT","potentialAction":[{"@type":"ReadAction","target":["https:\/\/luckyaviator-win.com\/fr\/real-player-reviews-about-the-game-aviator\/"]}]},{"@type":"BreadcrumbList","@id":"https:\/\/luckyaviator-win.com\/fr\/real-player-reviews-about-the-game-aviator\/#breadcrumb","itemListElement":[{"@type":"ListItem","position":1,"name":"\u0413\u043b\u0430\u0432\u043d\u0430\u044f \u0441\u0442\u0440\u0430\u043d\u0438\u0446\u0430","item":"https:\/\/luckyaviator-win.com\/"},{"@type":"ListItem","position":2,"name":"Avis de Joueurs R\u00e9els sur le Jeu Aviator"}]},{"@type":"WebSite","@id":"https:\/\/luckyaviator-win.com\/#website","url":"https:\/\/luckyaviator-win.com\/","name":"Aviator","description":"","potentialAction":[{"@type":"SearchAction","target":{"@type":"EntryPoint","urlTemplate":"https:\/\/luckyaviator-win.com\/?s={search_term_string}"},"query-input":{"@type":"PropertyValueSpecification","valueRequired":true,"valueName":"search_term_string"}}],"inLanguage":"it-IT"}]}},"_links":{"self":[{"href":"https:\/\/luckyaviator-win.com\/it\/wp-json\/wp\/v2\/pages\/12","targetHints":{"allow":["GET"]}}],"collection":[{"href":"https:\/\/luckyaviator-win.com\/it\/wp-json\/wp\/v2\/pages"}],"about":[{"href":"https:\/\/luckyaviator-win.com\/it\/wp-json\/wp\/v2\/types\/page"}],"author":[{"embeddable":true,"href":"https:\/\/luckyaviator-win.com\/it\/wp-json\/wp\/v2\/users\/1"}],"replies":[{"embeddable":true,"href":"https:\/\/luckyaviator-win.com\/it\/wp-json\/wp\/v2\/comments?post=12"}],"version-history":[{"count":22,"href":"https:\/\/luckyaviator-win.com\/it\/wp-json\/wp\/v2\/pages\/12\/revisions"}],"predecessor-version":[{"id":117,"href":"https:\/\/luckyaviator-win.com\/it\/wp-json\/wp\/v2\/pages\/12\/revisions\/117"}],"wp:attachment":[{"href":"https:\/\/luckyaviator-win.com\/it\/wp-json\/wp\/v2\/media?parent=12"}],"curies":[{"name":"wp","href":"https:\/\/api.w.org\/{rel}","templated":true}]}}