{"id":7,"date":"2024-05-27T16:44:08","date_gmt":"2024-05-27T13:44:08","guid":{"rendered":"https:\/\/luckyaviator-win.com\/?page_id=7"},"modified":"2024-05-28T04:30:36","modified_gmt":"2024-05-28T01:30:36","slug":"what-is-the-game-aviator","status":"publish","type":"page","link":"https:\/\/luckyaviator-win.com\/it\/","title":{"rendered":"Cos&#8217;\u00e8 il Gioco Aviator?"},"content":{"rendered":"<p><span style=\"font-weight: 400;\">Aviator \u00e8 un innovativo gioco online di crash che ti toglie il fiato fin dai primi secondi. L&#8217;obiettivo principale del giocatore \u00e8 prevedere quando l&#8217;aereo raggiunger\u00e0 la massima altezza e incassare in tempo per vincere. Ogni round inizia con il decollo dell&#8217;aereo, che sale pi\u00f9 in alto e il moltiplicatore della scommessa aumenta. Ma fai attenzione: l&#8217;aereo pu\u00f2 schiantarsi in qualsiasi momento e se non incassi in tempo, perderai tutto.<\/span><\/p>\n<h2><b>Come giocare e vincere in Aviator?<\/b><\/h2>\n<h3><b>Come giocare:<\/b><\/h3>\n<ol>\n<li style=\"font-weight: 400;\" aria-level=\"1\"><b>Fai una scommessa<\/b><span style=\"font-weight: 400;\">: Scegli l&#8217;importo della tua scommessa e clicca sul pulsante &#8220;Fai una scommessa&#8221;.<\/span><\/li>\n<li style=\"font-weight: 400;\" aria-level=\"1\"><b>Guarda il volo<\/b><span style=\"font-weight: 400;\">: Osserva come l&#8217;aereo sale pi\u00f9 in alto e il moltiplicatore per la tua scommessa cresce.<\/span><\/li>\n<li style=\"font-weight: 400;\" aria-level=\"1\"><b>Incassa<\/b><span style=\"font-weight: 400;\">: Clicca sul pulsante &#8220;Incassa&#8221; prima che l&#8217;aereo si schianti per assicurarti la vincita.<\/span><\/li>\n<\/ol>\n<h3><b>Consigli per vincere:<\/b><\/h3>\n<ul>\n<li style=\"font-weight: 400;\" aria-level=\"1\"><b>Analizza i round precedenti<\/b><span style=\"font-weight: 400;\">: Presta attenzione alla storia dei voli per cercare di prevedere quando l&#8217;aereo si schianter\u00e0.<\/span><\/li>\n<li style=\"font-weight: 400;\" aria-level=\"1\"><b>Usa una strategia di scommessa<\/b><span style=\"font-weight: 400;\">: Considera l&#8217;uso di strategie come il Martingale per gestire le tue scommesse.<\/span><\/li>\n<li style=\"font-weight: 400;\" aria-level=\"1\"><b>Gioca responsabilmente<\/b><span style=\"font-weight: 400;\">: Imposta limiti per le tue perdite e vincite per controllare le tue spese ed evitare di lasciarti prendere dal gioco.<\/span><\/li>\n<\/ul>\n<h2><b>Scommesse in Aviator<\/b><\/h2>\n<p><span style=\"font-weight: 400;\">Scommettere in Aviator \u00e8 incredibilmente semplice e flessibile. Puoi scegliere l&#8217;importo che desideri scommettere e cambiarlo prima di ogni round. Pi\u00f9 alta \u00e8 la scommessa, maggiore \u00e8 la vincita potenziale, ma anche il rischio \u00e8 maggiore. Il gioco offre la possibilit\u00e0 di fare due scommesse simultaneamente, permettendoti di diversificare i rischi e aumentare le tue probabilit\u00e0 di vincita.<\/span><\/p>\n<h2><b>Gioca a Aviator gratuitamente<\/b><\/h2>\n<p><span style=\"font-weight: 400;\">Per i nuovi giocatori e coloro che vogliono testare il gioco senza rischi finanziari, \u00e8 disponibile una modalit\u00e0 demo gratuita. Puoi provare Aviator senza rischiare soldi veri. Questa \u00e8 un&#8217;ottima opportunit\u00e0 per comprendere le meccaniche del gioco, sviluppare la tua strategia e divertirti senza costi.<\/span><\/p>\n<h2><b>Domande frequenti su Aviator<\/b><\/h2>\n<ol>\n<li><b>Quali sono le probabilit\u00e0 di vincita in Aviator?<\/b><\/li>\n<\/ol>\n<p><span style=\"font-weight: 400;\">Le probabilit\u00e0 di vincita dipendono dalla tua capacit\u00e0 di incassare in tempo. Pi\u00f9 a lungo l&#8217;aereo vola, maggiore \u00e8 il moltiplicatore, ma aumenta anche il rischio.<\/span><\/p>\n<ol start=\"2\">\n<li><b>\u00c8 possibile prevedere quando l&#8217;aereo si schianter\u00e0?<\/b><\/li>\n<\/ol>\n<p><span style=\"font-weight: 400;\">Sebbene sia impossibile prevedere il momento esatto dello schianto, puoi analizzare la storia dei voli precedenti e utilizzare strategie di scommessa per aumentare le tue probabilit\u00e0 di successo.<\/span><\/p>\n<ol start=\"3\">\n<li><b>Quali strategie sono pi\u00f9 efficaci in Aviator?<\/b><\/li>\n<\/ol>\n<p><span style=\"font-weight: 400;\">Le strategie popolari includono Martingale, Fibonacci e scommesse fisse. Ognuna ha i suoi pro e contro e la scelta dipende dal tuo stile di gioco e dalla tua tolleranza al rischio.<\/span><\/p>\n<ol start=\"4\">\n<li><b>Si pu\u00f2 giocare ad Aviator sui dispositivi mobili?<\/b><\/li>\n<\/ol>\n<p><span style=\"font-weight: 400;\">S\u00ec, il gioco \u00e8 completamente ottimizzato per i dispositivi mobili. Puoi divertirti a giocare su smartphone e tablet in qualsiasi momento e ovunque.<\/span><\/p>\n<ol start=\"5\">\n<li><b>Come posso ottenere bonus e promozioni in Aviator?<\/b><\/li>\n<\/ol>\n<p><span style=\"font-weight: 400;\">Rimani aggiornato sul nostro sito web e iscriviti alla nostra newsletter per essere il primo a conoscere offerte speciali, bonus e promozioni per i giocatori di Aviator.<\/span><\/p>\n<p><span style=\"font-weight: 400;\">Unisciti a migliaia di giocatori che hanno gi\u00e0 scoperto l&#8217;entusiasmante mondo di Aviator. Inizia a giocare ora e vivi tutta la magia di questo avvincente gioco di crash!<\/span><\/p>\n","protected":false},"excerpt":{"rendered":"<p>Aviator \u00e8 un innovativo gioco online di crash che ti toglie il fiato fin dai primi secondi. L&#8217;obiettivo principale del giocatore \u00e8<span class=\"more-button\"><a href=\"https:\/\/luckyaviator-win.com\/it\/\" class=\"more-link more-icon\">Continue reading<span class=\"screen-reader-text\">Cos&#8217;\u00e8 il Gioco Aviator?<\/span><\/a><\/span><\/p>\n","protected":false},"author":1,"featured_media":0,"parent":0,"menu_order":0,"comment_status":"closed","ping_status":"closed","template":"","meta":{"footnotes":""},"class_list":["post-7","page","type-page","status-publish","hentry"],"yoast_head":"<!-- This site is optimized with the Yoast SEO plugin v27.2 - https:\/\/yoast.com\/product\/yoast-seo-wordpress\/ -->\n<title>\u041a\u0440\u0430\u0448 \u0438\u0433\u0440\u0430 \u0410\u0432\u0438\u0430\u0442\u043e\u0440<\/title>\n<meta name=\"description\" content=\"Gioca al Gioco Crash Aviator. Gioco online Aviator nei casin\u00f2 online. Gioca gratuitamente e per soldi veri. Domande e risposte sul gioco Aviator. Gioca e vinci.\" \/>\n<meta name=\"robots\" content=\"index, follow, max-snippet:-1, max-image-preview:large, max-video-preview:-1\" \/>\n<link rel=\"canonical\" href=\"https:\/\/luckyaviator-win.com\/it\/\" \/>\n<meta property=\"og:locale\" content=\"it_IT\" \/>\n<meta property=\"og:locale:alternate\" content=\"ru_RU\" \/>\n<meta property=\"og:locale:alternate\" content=\"en_US\" \/>\n<meta property=\"og:locale:alternate\" content=\"pt_PT\" \/>\n<meta property=\"og:locale:alternate\" content=\"es_ES\" \/>\n<meta property=\"og:locale:alternate\" content=\"fr_FR\" \/>\n<meta property=\"og:locale:alternate\" content=\"de_DE\" \/>\n<meta property=\"og:locale:alternate\" content=\"ro_RO\" \/>\n<meta property=\"og:locale:alternate\" content=\"sr_RS\" \/>\n<meta property=\"og:locale:alternate\" content=\"bg_BG\" \/>\n<meta property=\"og:type\" content=\"article\" \/>\n<meta property=\"og:title\" content=\"\u041a\u0440\u0430\u0448 \u0438\u0433\u0440\u0430 \u0410\u0432\u0438\u0430\u0442\u043e\u0440\" \/>\n<meta property=\"og:description\" content=\"\u0418\u0433\u0440\u0430\u0442\u044c \u0432 \u043a\u0440\u0430\u0448 \u0438\u0433\u0440\u0443 \u0410\u0432\u0438\u0430\u0442\u043e\u0440. \u041e\u043d\u043b\u0430\u0439\u043d \u0438\u0433\u0440\u0430 Aviator \u0432 \u043e\u043d\u043b\u0430\u0439\u043d \u043a\u0430\u0437\u0438\u043d\u043e. \u0418\u0433\u0440\u0430\u0442\u044c \u0431\u0435\u0441\u043f\u043b\u0430\u0442\u043d\u043e \u0438 \u043d\u0430 \u0440\u0435\u0430\u043b\u044c\u043d\u044b\u0435 \u0434\u0435\u043d\u044c\u0433\u0438. \u0412\u043e\u043f\u0440\u043e\u0441\u044b \u0438 \u043e\u0442\u0432\u0435\u0442\u044b \u043e\u0431 \u0438\u0433\u0440\u0435 \u0410\u0432\u0438\u0430\u0442\u043e\u0440. \u0418\u0433\u0440\u0430\u0442\u044c \u0438 \u043f\u043e\u0431\u0435\u0436\u0434\u0430\u0442\u044c\" \/>\n<meta property=\"og:url\" content=\"https:\/\/luckyaviator-win.com\/it\/\" \/>\n<meta property=\"og:site_name\" content=\"Aviator\" \/>\n<meta property=\"article:modified_time\" content=\"2024-05-28T01:30:36+00:00\" \/>\n<meta name=\"twitter:card\" content=\"summary_large_image\" \/>\n<meta name=\"twitter:label1\" content=\"Tempo di lettura stimato\" \/>\n\t<meta name=\"twitter:data1\" content=\"19 minuti\" \/>\n<script type=\"application\/ld+json\" class=\"yoast-schema-graph\">{\"@context\":\"https:\/\/schema.org\",\"@graph\":[{\"@type\":\"WebPage\",\"@id\":\"https:\/\/luckyaviator-win.com\/\",\"url\":\"https:\/\/luckyaviator-win.com\/\",\"name\":\"\u041a\u0440\u0430\u0448 \u0438\u0433\u0440\u0430 \u0410\u0432\u0438\u0430\u0442\u043e\u0440\",\"isPartOf\":{\"@id\":\"https:\/\/luckyaviator-win.com\/#website\"},\"datePublished\":\"2024-05-27T13:44:08+00:00\",\"dateModified\":\"2024-05-28T01:30:36+00:00\",\"description\":\"\u0418\u0433\u0440\u0430\u0442\u044c \u0432 \u043a\u0440\u0430\u0448 \u0438\u0433\u0440\u0443 \u0410\u0432\u0438\u0430\u0442\u043e\u0440. \u041e\u043d\u043b\u0430\u0439\u043d \u0438\u0433\u0440\u0430 Aviator \u0432 \u043e\u043d\u043b\u0430\u0439\u043d \u043a\u0430\u0437\u0438\u043d\u043e. \u0418\u0433\u0440\u0430\u0442\u044c \u0431\u0435\u0441\u043f\u043b\u0430\u0442\u043d\u043e \u0438 \u043d\u0430 \u0440\u0435\u0430\u043b\u044c\u043d\u044b\u0435 \u0434\u0435\u043d\u044c\u0433\u0438. \u0412\u043e\u043f\u0440\u043e\u0441\u044b \u0438 \u043e\u0442\u0432\u0435\u0442\u044b \u043e\u0431 \u0438\u0433\u0440\u0435 \u0410\u0432\u0438\u0430\u0442\u043e\u0440. \u0418\u0433\u0440\u0430\u0442\u044c \u0438 \u043f\u043e\u0431\u0435\u0436\u0434\u0430\u0442\u044c\",\"breadcrumb\":{\"@id\":\"https:\/\/luckyaviator-win.com\/#breadcrumb\"},\"inLanguage\":\"it-IT\",\"potentialAction\":[{\"@type\":\"ReadAction\",\"target\":[\"https:\/\/luckyaviator-win.com\/\"]}]},{\"@type\":\"BreadcrumbList\",\"@id\":\"https:\/\/luckyaviator-win.com\/#breadcrumb\",\"itemListElement\":[{\"@type\":\"ListItem\",\"position\":1,\"name\":\"\u0413\u043b\u0430\u0432\u043d\u0430\u044f \u0441\u0442\u0440\u0430\u043d\u0438\u0446\u0430\",\"item\":\"https:\/\/luckyaviator-win.com\/\"},{\"@type\":\"ListItem\",\"position\":2,\"name\":\"\u0427\u0442\u043e \u0442\u0430\u043a\u043e\u0435 \u0438\u0433\u0440\u0430 \u0410\u0432\u0438\u0430\u0442\u043e\u0440?\"}]},{\"@type\":\"WebSite\",\"@id\":\"https:\/\/luckyaviator-win.com\/#website\",\"url\":\"https:\/\/luckyaviator-win.com\/\",\"name\":\"Aviator\",\"description\":\"\",\"potentialAction\":[{\"@type\":\"SearchAction\",\"target\":{\"@type\":\"EntryPoint\",\"urlTemplate\":\"https:\/\/luckyaviator-win.com\/?s={search_term_string}\"},\"query-input\":{\"@type\":\"PropertyValueSpecification\",\"valueRequired\":true,\"valueName\":\"search_term_string\"}}],\"inLanguage\":\"it-IT\"}]}<\/script>\n<!-- \/ Yoast SEO plugin. -->","yoast_head_json":{"title":"\u041a\u0440\u0430\u0448 \u0438\u0433\u0440\u0430 \u0410\u0432\u0438\u0430\u0442\u043e\u0440","description":"Gioca al Gioco Crash Aviator. Gioco online Aviator nei casin\u00f2 online. Gioca gratuitamente e per soldi veri. Domande e risposte sul gioco Aviator. Gioca e vinci.","robots":{"index":"index","follow":"follow","max-snippet":"max-snippet:-1","max-image-preview":"max-image-preview:large","max-video-preview":"max-video-preview:-1"},"canonical":"https:\/\/luckyaviator-win.com\/it\/","og_locale":"it_IT","og_type":"article","og_title":"\u041a\u0440\u0430\u0448 \u0438\u0433\u0440\u0430 \u0410\u0432\u0438\u0430\u0442\u043e\u0440","og_description":"\u0418\u0433\u0440\u0430\u0442\u044c \u0432 \u043a\u0440\u0430\u0448 \u0438\u0433\u0440\u0443 \u0410\u0432\u0438\u0430\u0442\u043e\u0440. \u041e\u043d\u043b\u0430\u0439\u043d \u0438\u0433\u0440\u0430 Aviator \u0432 \u043e\u043d\u043b\u0430\u0439\u043d \u043a\u0430\u0437\u0438\u043d\u043e. \u0418\u0433\u0440\u0430\u0442\u044c \u0431\u0435\u0441\u043f\u043b\u0430\u0442\u043d\u043e \u0438 \u043d\u0430 \u0440\u0435\u0430\u043b\u044c\u043d\u044b\u0435 \u0434\u0435\u043d\u044c\u0433\u0438. \u0412\u043e\u043f\u0440\u043e\u0441\u044b \u0438 \u043e\u0442\u0432\u0435\u0442\u044b \u043e\u0431 \u0438\u0433\u0440\u0435 \u0410\u0432\u0438\u0430\u0442\u043e\u0440. \u0418\u0433\u0440\u0430\u0442\u044c \u0438 \u043f\u043e\u0431\u0435\u0436\u0434\u0430\u0442\u044c","og_url":"https:\/\/luckyaviator-win.com\/it\/","og_site_name":"Aviator","article_modified_time":"2024-05-28T01:30:36+00:00","twitter_card":"summary_large_image","twitter_misc":{"Tempo di lettura stimato":"19 minuti"},"schema":{"@context":"https:\/\/schema.org","@graph":[{"@type":"WebPage","@id":"https:\/\/luckyaviator-win.com\/","url":"https:\/\/luckyaviator-win.com\/","name":"\u041a\u0440\u0430\u0448 \u0438\u0433\u0440\u0430 \u0410\u0432\u0438\u0430\u0442\u043e\u0440","isPartOf":{"@id":"https:\/\/luckyaviator-win.com\/#website"},"datePublished":"2024-05-27T13:44:08+00:00","dateModified":"2024-05-28T01:30:36+00:00","description":"\u0418\u0433\u0440\u0430\u0442\u044c \u0432 \u043a\u0440\u0430\u0448 \u0438\u0433\u0440\u0443 \u0410\u0432\u0438\u0430\u0442\u043e\u0440. \u041e\u043d\u043b\u0430\u0439\u043d \u0438\u0433\u0440\u0430 Aviator \u0432 \u043e\u043d\u043b\u0430\u0439\u043d \u043a\u0430\u0437\u0438\u043d\u043e. \u0418\u0433\u0440\u0430\u0442\u044c \u0431\u0435\u0441\u043f\u043b\u0430\u0442\u043d\u043e \u0438 \u043d\u0430 \u0440\u0435\u0430\u043b\u044c\u043d\u044b\u0435 \u0434\u0435\u043d\u044c\u0433\u0438. \u0412\u043e\u043f\u0440\u043e\u0441\u044b \u0438 \u043e\u0442\u0432\u0435\u0442\u044b \u043e\u0431 \u0438\u0433\u0440\u0435 \u0410\u0432\u0438\u0430\u0442\u043e\u0440. \u0418\u0433\u0440\u0430\u0442\u044c \u0438 \u043f\u043e\u0431\u0435\u0436\u0434\u0430\u0442\u044c","breadcrumb":{"@id":"https:\/\/luckyaviator-win.com\/#breadcrumb"},"inLanguage":"it-IT","potentialAction":[{"@type":"ReadAction","target":["https:\/\/luckyaviator-win.com\/"]}]},{"@type":"BreadcrumbList","@id":"https:\/\/luckyaviator-win.com\/#breadcrumb","itemListElement":[{"@type":"ListItem","position":1,"name":"\u0413\u043b\u0430\u0432\u043d\u0430\u044f \u0441\u0442\u0440\u0430\u043d\u0438\u0446\u0430","item":"https:\/\/luckyaviator-win.com\/"},{"@type":"ListItem","position":2,"name":"\u0427\u0442\u043e \u0442\u0430\u043a\u043e\u0435 \u0438\u0433\u0440\u0430 \u0410\u0432\u0438\u0430\u0442\u043e\u0440?"}]},{"@type":"WebSite","@id":"https:\/\/luckyaviator-win.com\/#website","url":"https:\/\/luckyaviator-win.com\/","name":"Aviator","description":"","potentialAction":[{"@type":"SearchAction","target":{"@type":"EntryPoint","urlTemplate":"https:\/\/luckyaviator-win.com\/?s={search_term_string}"},"query-input":{"@type":"PropertyValueSpecification","valueRequired":true,"valueName":"search_term_string"}}],"inLanguage":"it-IT"}]}},"_links":{"self":[{"href":"https:\/\/luckyaviator-win.com\/it\/wp-json\/wp\/v2\/pages\/7","targetHints":{"allow":["GET"]}}],"collection":[{"href":"https:\/\/luckyaviator-win.com\/it\/wp-json\/wp\/v2\/pages"}],"about":[{"href":"https:\/\/luckyaviator-win.com\/it\/wp-json\/wp\/v2\/types\/page"}],"author":[{"embeddable":true,"href":"https:\/\/luckyaviator-win.com\/it\/wp-json\/wp\/v2\/users\/1"}],"replies":[{"embeddable":true,"href":"https:\/\/luckyaviator-win.com\/it\/wp-json\/wp\/v2\/comments?post=7"}],"version-history":[{"count":19,"href":"https:\/\/luckyaviator-win.com\/it\/wp-json\/wp\/v2\/pages\/7\/revisions"}],"predecessor-version":[{"id":116,"href":"https:\/\/luckyaviator-win.com\/it\/wp-json\/wp\/v2\/pages\/7\/revisions\/116"}],"wp:attachment":[{"href":"https:\/\/luckyaviator-win.com\/it\/wp-json\/wp\/v2\/media?parent=7"}],"curies":[{"name":"wp","href":"https:\/\/api.w.org\/{rel}","templated":true}]}}