{"id":7,"date":"2024-05-27T16:44:08","date_gmt":"2024-05-27T13:44:08","guid":{"rendered":"https:\/\/luckyaviator-win.com\/?page_id=7"},"modified":"2024-05-28T04:30:36","modified_gmt":"2024-05-28T01:30:36","slug":"what-is-the-game-aviator","status":"publish","type":"page","link":"https:\/\/luckyaviator-win.com\/pt\/","title":{"rendered":"O que \u00e9 o Jogo Aviator?"},"content":{"rendered":"<p><span style=\"font-weight: 400;\">Aviator \u00e9 um jogo de crash online inovador que tira o f\u00f4lego desde os primeiros segundos. O objetivo principal do jogador \u00e9 prever quando o avi\u00e3o atingir\u00e1 sua altura m\u00e1xima e retirar o dinheiro a tempo para ganhar. Cada rodada come\u00e7a com a decolagem do avi\u00e3o, subindo mais alto, e o multiplicador da aposta aumenta. Mas tenha cuidado: o avi\u00e3o pode cair a qualquer momento, e se voc\u00ea n\u00e3o retirar o dinheiro a tempo, perder\u00e1 tudo.<\/span><\/p>\n<h2><b>Como Jogar e Vencer no Aviator?<\/b><\/h2>\n<h3><b>Como Jogar:<\/b><\/h3>\n<ol>\n<li style=\"font-weight: 400;\" aria-level=\"1\"><b>Fa\u00e7a uma Aposta<\/b><span style=\"font-weight: 400;\">: Escolha o valor da aposta e clique no bot\u00e3o &#8220;Fazer Aposta&#8221;.<\/span><\/li>\n<li style=\"font-weight: 400;\" aria-level=\"1\"><b>Observe o Voo<\/b><span style=\"font-weight: 400;\">: Observe enquanto o avi\u00e3o sobe e o multiplicador da sua aposta cresce.<\/span><\/li>\n<li style=\"font-weight: 400;\" aria-level=\"1\"><b>Retire o Dinheiro<\/b><span style=\"font-weight: 400;\">: Clique no bot\u00e3o &#8220;Retirar Dinheiro&#8221; antes que o avi\u00e3o caia para garantir seus ganhos.<\/span><\/li>\n<\/ol>\n<h3><b>Dicas para Vencer:<\/b><\/h3>\n<ul>\n<li style=\"font-weight: 400;\" aria-level=\"1\"><b>Analise Rodadas Anteriores<\/b><span style=\"font-weight: 400;\">: Preste aten\u00e7\u00e3o ao hist\u00f3rico de voos para tentar prever quando o avi\u00e3o cair\u00e1.<\/span><\/li>\n<li style=\"font-weight: 400;\" aria-level=\"1\"><b>Use uma Estrat\u00e9gia de Apostas<\/b><span style=\"font-weight: 400;\">: Considere usar estrat\u00e9gias como Martingale para gerenciar suas apostas.<\/span><\/li>\n<li style=\"font-weight: 400;\" aria-level=\"1\"><b>Jogue com Responsabilidade<\/b><span style=\"font-weight: 400;\">: Defina limites para suas perdas e ganhos para controlar seus gastos e evitar se empolgar demais.<\/span><\/li>\n<\/ul>\n<h2><b>Apostas no Aviator<\/b><\/h2>\n<p><span style=\"font-weight: 400;\">Apostar no Aviator \u00e9 incrivelmente simples e flex\u00edvel. Voc\u00ea pode escolher o valor que deseja apostar e alter\u00e1-lo antes de cada rodada. Quanto maior a aposta, maior o potencial de ganho, mas o risco tamb\u00e9m \u00e9 maior. O jogo oferece a possibilidade de fazer duas apostas simultaneamente, permitindo diversificar os riscos e aumentar suas chances de ganhar.<\/span><\/p>\n<h2><b>Jogue Aviator Gratuitamente<\/b><\/h2>\n<p><span style=\"font-weight: 400;\">Para novos jogadores e aqueles que querem testar o jogo sem risco financeiro, um modo de demonstra\u00e7\u00e3o gratuito est\u00e1 dispon\u00edvel. Voc\u00ea pode testar suas habilidades no Aviator sem arriscar dinheiro real. Esta \u00e9 uma \u00f3tima oportunidade para entender a mec\u00e2nica do jogo, desenvolver sua estrat\u00e9gia e se divertir sem custos.<\/span><\/p>\n<h2><b>Perguntas Frequentes no Aviator<\/b><\/h2>\n<ol>\n<li><b>Quais s\u00e3o as chances de ganhar no Aviator?<\/b><\/li>\n<\/ol>\n<p><span style=\"font-weight: 400;\">As chances de ganhar dependem da sua capacidade de retirar o dinheiro a tempo. Quanto mais tempo o avi\u00e3o voar, maior o multiplicador, mas o risco tamb\u00e9m aumenta.<\/span><\/p>\n<ol start=\"2\">\n<li><b>\u00c9 poss\u00edvel prever quando o avi\u00e3o cair\u00e1?<\/b><\/li>\n<\/ol>\n<p><span style=\"font-weight: 400;\">Embora seja imposs\u00edvel prever o momento exato da queda, voc\u00ea pode analisar o hist\u00f3rico de voos anteriores e usar estrat\u00e9gias de apostas para aumentar suas chances de sucesso.<\/span><\/p>\n<ol start=\"3\">\n<li><b>Quais estrat\u00e9gias s\u00e3o mais eficazes no Aviator?<\/b><\/li>\n<\/ol>\n<p><span style=\"font-weight: 400;\">Estrat\u00e9gias populares incluem Martingale, Fibonacci e apostas fixas. Cada uma tem seus pr\u00f3s e contras, e a escolha depende do seu estilo de jogo e toler\u00e2ncia ao risco.<\/span><\/p>\n<ol start=\"4\">\n<li><b>\u00c9 poss\u00edvel jogar Aviator em dispositivos m\u00f3veis?<\/b><\/li>\n<\/ol>\n<p><span style=\"font-weight: 400;\">Sim, o jogo \u00e9 totalmente otimizado para dispositivos m\u00f3veis. Voc\u00ea pode aproveitar o jogo em smartphones e tablets a qualquer hora e em qualquer lugar.<\/span><\/p>\n<ol start=\"5\">\n<li><b>Como posso obter b\u00f4nus e promo\u00e7\u00f5es no Aviator?<\/b><\/li>\n<\/ol>\n<p><span style=\"font-weight: 400;\">Fique atento ao nosso site e assine nossa newsletter para ser o primeiro a saber sobre ofertas especiais, b\u00f4nus e promo\u00e7\u00f5es para jogadores do Aviator.<\/span><\/p>\n<p><span style=\"font-weight: 400;\">Junte-se a milhares de jogadores que j\u00e1 descobriram o emocionante mundo do Aviator. Comece a jogar agora e experimente toda a magia deste emocionante jogo de crash!<\/span><\/p>\n","protected":false},"excerpt":{"rendered":"<p>Aviator \u00e9 um jogo de crash online inovador que tira o f\u00f4lego desde os primeiros segundos. O objetivo principal do jogador \u00e9<span class=\"more-button\"><a href=\"https:\/\/luckyaviator-win.com\/pt\/\" class=\"more-link more-icon\">Continue reading<span class=\"screen-reader-text\">O que \u00e9 o Jogo Aviator?<\/span><\/a><\/span><\/p>\n","protected":false},"author":1,"featured_media":0,"parent":0,"menu_order":0,"comment_status":"closed","ping_status":"closed","template":"","meta":{"footnotes":""},"class_list":["post-7","page","type-page","status-publish","hentry"],"yoast_head":"<!-- This site is optimized with the Yoast SEO plugin v27.2 - https:\/\/yoast.com\/product\/yoast-seo-wordpress\/ -->\n<title>\u041a\u0440\u0430\u0448 \u0438\u0433\u0440\u0430 \u0410\u0432\u0438\u0430\u0442\u043e\u0440<\/title>\n<meta name=\"description\" content=\"Jogue o Jogo Crash Aviator. Jogo online Aviator em cassinos online. Jogue de gra\u00e7a e por dinheiro real. Perguntas e respostas sobre o jogo Aviator. Jogue e ganhe.\" \/>\n<meta name=\"robots\" content=\"index, follow, max-snippet:-1, max-image-preview:large, max-video-preview:-1\" \/>\n<link rel=\"canonical\" href=\"https:\/\/luckyaviator-win.com\/pt\/\" \/>\n<meta property=\"og:locale\" content=\"pt_PT\" \/>\n<meta property=\"og:locale:alternate\" content=\"ru_RU\" \/>\n<meta property=\"og:locale:alternate\" content=\"en_US\" \/>\n<meta property=\"og:locale:alternate\" content=\"es_ES\" \/>\n<meta property=\"og:locale:alternate\" content=\"fr_FR\" \/>\n<meta property=\"og:locale:alternate\" content=\"de_DE\" \/>\n<meta property=\"og:locale:alternate\" content=\"ro_RO\" \/>\n<meta property=\"og:locale:alternate\" content=\"sr_RS\" \/>\n<meta property=\"og:locale:alternate\" content=\"bg_BG\" \/>\n<meta property=\"og:locale:alternate\" content=\"it_IT\" \/>\n<meta property=\"og:type\" content=\"article\" \/>\n<meta property=\"og:title\" content=\"\u041a\u0440\u0430\u0448 \u0438\u0433\u0440\u0430 \u0410\u0432\u0438\u0430\u0442\u043e\u0440\" \/>\n<meta property=\"og:description\" content=\"\u0418\u0433\u0440\u0430\u0442\u044c \u0432 \u043a\u0440\u0430\u0448 \u0438\u0433\u0440\u0443 \u0410\u0432\u0438\u0430\u0442\u043e\u0440. \u041e\u043d\u043b\u0430\u0439\u043d \u0438\u0433\u0440\u0430 Aviator \u0432 \u043e\u043d\u043b\u0430\u0439\u043d \u043a\u0430\u0437\u0438\u043d\u043e. \u0418\u0433\u0440\u0430\u0442\u044c \u0431\u0435\u0441\u043f\u043b\u0430\u0442\u043d\u043e \u0438 \u043d\u0430 \u0440\u0435\u0430\u043b\u044c\u043d\u044b\u0435 \u0434\u0435\u043d\u044c\u0433\u0438. \u0412\u043e\u043f\u0440\u043e\u0441\u044b \u0438 \u043e\u0442\u0432\u0435\u0442\u044b \u043e\u0431 \u0438\u0433\u0440\u0435 \u0410\u0432\u0438\u0430\u0442\u043e\u0440. \u0418\u0433\u0440\u0430\u0442\u044c \u0438 \u043f\u043e\u0431\u0435\u0436\u0434\u0430\u0442\u044c\" \/>\n<meta property=\"og:url\" content=\"https:\/\/luckyaviator-win.com\/pt\/\" \/>\n<meta property=\"og:site_name\" content=\"Aviator\" \/>\n<meta property=\"article:modified_time\" content=\"2024-05-28T01:30:36+00:00\" \/>\n<meta name=\"twitter:card\" content=\"summary_large_image\" \/>\n<meta name=\"twitter:label1\" content=\"Tempo estimado de leitura\" \/>\n\t<meta name=\"twitter:data1\" content=\"19 minutos\" \/>\n<script type=\"application\/ld+json\" class=\"yoast-schema-graph\">{\"@context\":\"https:\/\/schema.org\",\"@graph\":[{\"@type\":\"WebPage\",\"@id\":\"https:\/\/luckyaviator-win.com\/\",\"url\":\"https:\/\/luckyaviator-win.com\/\",\"name\":\"\u041a\u0440\u0430\u0448 \u0438\u0433\u0440\u0430 \u0410\u0432\u0438\u0430\u0442\u043e\u0440\",\"isPartOf\":{\"@id\":\"https:\/\/luckyaviator-win.com\/#website\"},\"datePublished\":\"2024-05-27T13:44:08+00:00\",\"dateModified\":\"2024-05-28T01:30:36+00:00\",\"description\":\"\u0418\u0433\u0440\u0430\u0442\u044c \u0432 \u043a\u0440\u0430\u0448 \u0438\u0433\u0440\u0443 \u0410\u0432\u0438\u0430\u0442\u043e\u0440. \u041e\u043d\u043b\u0430\u0439\u043d \u0438\u0433\u0440\u0430 Aviator \u0432 \u043e\u043d\u043b\u0430\u0439\u043d \u043a\u0430\u0437\u0438\u043d\u043e. \u0418\u0433\u0440\u0430\u0442\u044c \u0431\u0435\u0441\u043f\u043b\u0430\u0442\u043d\u043e \u0438 \u043d\u0430 \u0440\u0435\u0430\u043b\u044c\u043d\u044b\u0435 \u0434\u0435\u043d\u044c\u0433\u0438. \u0412\u043e\u043f\u0440\u043e\u0441\u044b \u0438 \u043e\u0442\u0432\u0435\u0442\u044b \u043e\u0431 \u0438\u0433\u0440\u0435 \u0410\u0432\u0438\u0430\u0442\u043e\u0440. \u0418\u0433\u0440\u0430\u0442\u044c \u0438 \u043f\u043e\u0431\u0435\u0436\u0434\u0430\u0442\u044c\",\"breadcrumb\":{\"@id\":\"https:\/\/luckyaviator-win.com\/#breadcrumb\"},\"inLanguage\":\"pt-PT\",\"potentialAction\":[{\"@type\":\"ReadAction\",\"target\":[\"https:\/\/luckyaviator-win.com\/\"]}]},{\"@type\":\"BreadcrumbList\",\"@id\":\"https:\/\/luckyaviator-win.com\/#breadcrumb\",\"itemListElement\":[{\"@type\":\"ListItem\",\"position\":1,\"name\":\"\u0413\u043b\u0430\u0432\u043d\u0430\u044f \u0441\u0442\u0440\u0430\u043d\u0438\u0446\u0430\",\"item\":\"https:\/\/luckyaviator-win.com\/\"},{\"@type\":\"ListItem\",\"position\":2,\"name\":\"\u0427\u0442\u043e \u0442\u0430\u043a\u043e\u0435 \u0438\u0433\u0440\u0430 \u0410\u0432\u0438\u0430\u0442\u043e\u0440?\"}]},{\"@type\":\"WebSite\",\"@id\":\"https:\/\/luckyaviator-win.com\/#website\",\"url\":\"https:\/\/luckyaviator-win.com\/\",\"name\":\"Aviator\",\"description\":\"\",\"potentialAction\":[{\"@type\":\"SearchAction\",\"target\":{\"@type\":\"EntryPoint\",\"urlTemplate\":\"https:\/\/luckyaviator-win.com\/?s={search_term_string}\"},\"query-input\":{\"@type\":\"PropertyValueSpecification\",\"valueRequired\":true,\"valueName\":\"search_term_string\"}}],\"inLanguage\":\"pt-PT\"}]}<\/script>\n<!-- \/ Yoast SEO plugin. -->","yoast_head_json":{"title":"\u041a\u0440\u0430\u0448 \u0438\u0433\u0440\u0430 \u0410\u0432\u0438\u0430\u0442\u043e\u0440","description":"Jogue o Jogo Crash Aviator. Jogo online Aviator em cassinos online. Jogue de gra\u00e7a e por dinheiro real. Perguntas e respostas sobre o jogo Aviator. Jogue e ganhe.","robots":{"index":"index","follow":"follow","max-snippet":"max-snippet:-1","max-image-preview":"max-image-preview:large","max-video-preview":"max-video-preview:-1"},"canonical":"https:\/\/luckyaviator-win.com\/pt\/","og_locale":"pt_PT","og_type":"article","og_title":"\u041a\u0440\u0430\u0448 \u0438\u0433\u0440\u0430 \u0410\u0432\u0438\u0430\u0442\u043e\u0440","og_description":"\u0418\u0433\u0440\u0430\u0442\u044c \u0432 \u043a\u0440\u0430\u0448 \u0438\u0433\u0440\u0443 \u0410\u0432\u0438\u0430\u0442\u043e\u0440. \u041e\u043d\u043b\u0430\u0439\u043d \u0438\u0433\u0440\u0430 Aviator \u0432 \u043e\u043d\u043b\u0430\u0439\u043d \u043a\u0430\u0437\u0438\u043d\u043e. \u0418\u0433\u0440\u0430\u0442\u044c \u0431\u0435\u0441\u043f\u043b\u0430\u0442\u043d\u043e \u0438 \u043d\u0430 \u0440\u0435\u0430\u043b\u044c\u043d\u044b\u0435 \u0434\u0435\u043d\u044c\u0433\u0438. \u0412\u043e\u043f\u0440\u043e\u0441\u044b \u0438 \u043e\u0442\u0432\u0435\u0442\u044b \u043e\u0431 \u0438\u0433\u0440\u0435 \u0410\u0432\u0438\u0430\u0442\u043e\u0440. \u0418\u0433\u0440\u0430\u0442\u044c \u0438 \u043f\u043e\u0431\u0435\u0436\u0434\u0430\u0442\u044c","og_url":"https:\/\/luckyaviator-win.com\/pt\/","og_site_name":"Aviator","article_modified_time":"2024-05-28T01:30:36+00:00","twitter_card":"summary_large_image","twitter_misc":{"Tempo estimado de leitura":"19 minutos"},"schema":{"@context":"https:\/\/schema.org","@graph":[{"@type":"WebPage","@id":"https:\/\/luckyaviator-win.com\/","url":"https:\/\/luckyaviator-win.com\/","name":"\u041a\u0440\u0430\u0448 \u0438\u0433\u0440\u0430 \u0410\u0432\u0438\u0430\u0442\u043e\u0440","isPartOf":{"@id":"https:\/\/luckyaviator-win.com\/#website"},"datePublished":"2024-05-27T13:44:08+00:00","dateModified":"2024-05-28T01:30:36+00:00","description":"\u0418\u0433\u0440\u0430\u0442\u044c \u0432 \u043a\u0440\u0430\u0448 \u0438\u0433\u0440\u0443 \u0410\u0432\u0438\u0430\u0442\u043e\u0440. \u041e\u043d\u043b\u0430\u0439\u043d \u0438\u0433\u0440\u0430 Aviator \u0432 \u043e\u043d\u043b\u0430\u0439\u043d \u043a\u0430\u0437\u0438\u043d\u043e. \u0418\u0433\u0440\u0430\u0442\u044c \u0431\u0435\u0441\u043f\u043b\u0430\u0442\u043d\u043e \u0438 \u043d\u0430 \u0440\u0435\u0430\u043b\u044c\u043d\u044b\u0435 \u0434\u0435\u043d\u044c\u0433\u0438. \u0412\u043e\u043f\u0440\u043e\u0441\u044b \u0438 \u043e\u0442\u0432\u0435\u0442\u044b \u043e\u0431 \u0438\u0433\u0440\u0435 \u0410\u0432\u0438\u0430\u0442\u043e\u0440. \u0418\u0433\u0440\u0430\u0442\u044c \u0438 \u043f\u043e\u0431\u0435\u0436\u0434\u0430\u0442\u044c","breadcrumb":{"@id":"https:\/\/luckyaviator-win.com\/#breadcrumb"},"inLanguage":"pt-PT","potentialAction":[{"@type":"ReadAction","target":["https:\/\/luckyaviator-win.com\/"]}]},{"@type":"BreadcrumbList","@id":"https:\/\/luckyaviator-win.com\/#breadcrumb","itemListElement":[{"@type":"ListItem","position":1,"name":"\u0413\u043b\u0430\u0432\u043d\u0430\u044f \u0441\u0442\u0440\u0430\u043d\u0438\u0446\u0430","item":"https:\/\/luckyaviator-win.com\/"},{"@type":"ListItem","position":2,"name":"\u0427\u0442\u043e \u0442\u0430\u043a\u043e\u0435 \u0438\u0433\u0440\u0430 \u0410\u0432\u0438\u0430\u0442\u043e\u0440?"}]},{"@type":"WebSite","@id":"https:\/\/luckyaviator-win.com\/#website","url":"https:\/\/luckyaviator-win.com\/","name":"Aviator","description":"","potentialAction":[{"@type":"SearchAction","target":{"@type":"EntryPoint","urlTemplate":"https:\/\/luckyaviator-win.com\/?s={search_term_string}"},"query-input":{"@type":"PropertyValueSpecification","valueRequired":true,"valueName":"search_term_string"}}],"inLanguage":"pt-PT"}]}},"_links":{"self":[{"href":"https:\/\/luckyaviator-win.com\/pt\/wp-json\/wp\/v2\/pages\/7","targetHints":{"allow":["GET"]}}],"collection":[{"href":"https:\/\/luckyaviator-win.com\/pt\/wp-json\/wp\/v2\/pages"}],"about":[{"href":"https:\/\/luckyaviator-win.com\/pt\/wp-json\/wp\/v2\/types\/page"}],"author":[{"embeddable":true,"href":"https:\/\/luckyaviator-win.com\/pt\/wp-json\/wp\/v2\/users\/1"}],"replies":[{"embeddable":true,"href":"https:\/\/luckyaviator-win.com\/pt\/wp-json\/wp\/v2\/comments?post=7"}],"version-history":[{"count":19,"href":"https:\/\/luckyaviator-win.com\/pt\/wp-json\/wp\/v2\/pages\/7\/revisions"}],"predecessor-version":[{"id":116,"href":"https:\/\/luckyaviator-win.com\/pt\/wp-json\/wp\/v2\/pages\/7\/revisions\/116"}],"wp:attachment":[{"href":"https:\/\/luckyaviator-win.com\/pt\/wp-json\/wp\/v2\/media?parent=7"}],"curies":[{"name":"wp","href":"https:\/\/api.w.org\/{rel}","templated":true}]}}