{"id":7,"date":"2024-05-27T16:44:08","date_gmt":"2024-05-27T13:44:08","guid":{"rendered":"https:\/\/luckyaviator-win.com\/?page_id=7"},"modified":"2024-05-28T04:30:36","modified_gmt":"2024-05-28T01:30:36","slug":"what-is-the-game-aviator","status":"publish","type":"page","link":"https:\/\/luckyaviator-win.com\/ro\/","title":{"rendered":"Ce este Jocul Aviator?"},"content":{"rendered":"<p><span style=\"font-weight: 400;\">Aviator este un joc online inovator de tip crash care \u00ee\u021bi taie respira\u021bia din primele secunde. Obiectivul principal pentru juc\u0103tor este s\u0103 prezic\u0103 momentul c\u00e2nd avionul va atinge \u00een\u0103l\u021bimea maxim\u0103 \u0219i s\u0103 retrag\u0103 pariul la timp pentru a c\u00e2\u0219tiga. Fiecare rund\u0103 \u00eencepe cu decolarea avionului, care urc\u0103 tot mai sus, iar multiplicatorul pariului cre\u0219te. Dar fii atent: avionul se poate pr\u0103bu\u0219i \u00een orice moment, \u0219i dac\u0103 nu retragi pariul la timp, vei pierde totul.<\/span><\/p>\n<h2><b>Cum s\u0103 joci \u0219i s\u0103 c\u00e2\u0219tigi \u00een Aviator?<\/b><\/h2>\n<h3><b>Cum s\u0103 joci:<\/b><\/h3>\n<ol>\n<li style=\"font-weight: 400;\" aria-level=\"1\"><b>Plaseaz\u0103 un pariu<\/b><span style=\"font-weight: 400;\">: Alege suma pariului \u0219i apas\u0103 butonul &#8222;Plaseaz\u0103 pariu&#8221;.<\/span><\/li>\n<li style=\"font-weight: 400;\" aria-level=\"1\"><b>Urm\u0103re\u0219te zborul<\/b><span style=\"font-weight: 400;\">: Observ\u0103 cum avionul urc\u0103 tot mai sus \u0219i multiplicatorul pariului t\u0103u cre\u0219te.<\/span><\/li>\n<li style=\"font-weight: 400;\" aria-level=\"1\"><b>Retrage pariu<\/b><span style=\"font-weight: 400;\">: Apas\u0103 butonul &#8222;Retrage pariu&#8221; \u00eenainte ca avionul s\u0103 se pr\u0103bu\u0219easc\u0103 pentru a-\u021bi asigura c\u00e2\u0219tigurile.<\/span><\/li>\n<\/ol>\n<h3><b>Sfaturi pentru c\u00e2\u0219tig:<\/b><\/h3>\n<ul>\n<li style=\"font-weight: 400;\" aria-level=\"1\"><b>Analizeaz\u0103 rundele anterioare<\/b><span style=\"font-weight: 400;\">: Acord\u0103 aten\u021bie istoricului zborurilor pentru a \u00eencerca s\u0103 prezici c\u00e2nd se va pr\u0103bu\u0219i avionul.<\/span><\/li>\n<li style=\"font-weight: 400;\" aria-level=\"1\"><b>Folose\u0219te o strategie de pariere<\/b><span style=\"font-weight: 400;\">: Ia \u00een considerare utilizarea unor strategii, cum ar fi Martingale, pentru a-\u021bi gestiona pariurile.<\/span><\/li>\n<li style=\"font-weight: 400;\" aria-level=\"1\"><b>Joac\u0103 responsabil<\/b><span style=\"font-weight: 400;\">: Stabile\u0219te limite pentru pierderi \u0219i c\u00e2\u0219tiguri pentru a-\u021bi controla cheltuielile \u0219i a evita s\u0103 te la\u0219i dus de val.<\/span><\/li>\n<\/ul>\n<h2><b>Pariuri \u00een Aviator<\/b><\/h2>\n<p><span style=\"font-weight: 400;\">Parierea \u00een Aviator este incredibil de simpl\u0103 \u0219i flexibil\u0103. Po\u021bi alege suma pe care vrei s\u0103 o pariezi \u0219i s\u0103 o schimbi \u00eenainte de fiecare rund\u0103. Cu c\u00e2t pariezi mai mult, cu at\u00e2t c\u00e2\u0219tigurile poten\u021biale sunt mai mari, dar \u0219i riscul este mai mare. Jocul ofer\u0103 posibilitatea de a plasa dou\u0103 pariuri simultan, permi\u021b\u00e2ndu-\u021bi s\u0103 diversifici riscurile \u0219i s\u0103-\u021bi m\u0103re\u0219ti \u0219ansele de c\u00e2\u0219tig.<\/span><\/p>\n<h2><b>Joac\u0103 Aviator gratuit<\/b><\/h2>\n<p><span style=\"font-weight: 400;\">Pentru juc\u0103torii noi \u0219i cei care doresc s\u0103 testeze jocul f\u0103r\u0103 riscuri financiare, este disponibil un mod demo gratuit. Po\u021bi \u00eencerca s\u0103 joci Aviator f\u0103r\u0103 a risca bani reali. Aceasta este o oportunitate excelent\u0103 de a \u00een\u021belege mecanica jocului, de a-\u021bi dezvolta strategia \u0219i de a te bucura de joc f\u0103r\u0103 costuri.<\/span><\/p>\n<h2><b>\u00centreb\u0103ri frecvente \u00een Aviator<\/b><\/h2>\n<ol>\n<li><b>Care sunt \u0219ansele de c\u00e2\u0219tig \u00een Aviator?<\/b><\/li>\n<\/ol>\n<p><span style=\"font-weight: 400;\">\u0218ansele de c\u00e2\u0219tig depind de abilitatea ta de a retrage pariul la timp. Cu c\u00e2t avionul zboar\u0103 mai mult, cu at\u00e2t multiplicatorul este mai mare, dar \u0219i riscul cre\u0219te.<\/span><\/p>\n<ol start=\"2\">\n<li><b>Se poate prezice c\u00e2nd se va pr\u0103bu\u0219i avionul?<\/b><\/li>\n<\/ol>\n<p><span style=\"font-weight: 400;\">De\u0219i este imposibil s\u0103 prezici momentul exact al pr\u0103bu\u0219irii, po\u021bi analiza istoricul zborurilor anterioare \u0219i s\u0103 folose\u0219ti strategii de pariere pentru a-\u021bi m\u0103ri \u0219ansele de succes.<\/span><\/p>\n<ol start=\"3\">\n<li><b>Ce strategii sunt cele mai eficiente \u00een Aviator?<\/b><\/li>\n<\/ol>\n<p><span style=\"font-weight: 400;\">Strategiile populare includ Martingale, Fibonacci \u0219i pariurile fixe. Fiecare dintre ele are avantajele \u0219i dezavantajele sale, iar alegerea depinde de stilul t\u0103u de joc \u0219i toleran\u021ba la risc.<\/span><\/p>\n<ol start=\"4\">\n<li><b>Se poate juca Aviator pe dispozitive mobile?<\/b><\/li>\n<\/ol>\n<p><span style=\"font-weight: 400;\">Da, jocul este complet optimizat pentru dispozitive mobile. Te po\u021bi bucura de joc pe smartphone-uri \u0219i tablete oric\u00e2nd \u0219i oriunde.<\/span><\/p>\n<ol start=\"5\">\n<li><b>Cum pot ob\u021bine bonusuri \u0219i promo\u021bii \u00een Aviator?<\/b><\/li>\n<\/ol>\n<p><span style=\"font-weight: 400;\">R\u0103m\u00e2i conectat la site-ul nostru \u0219i aboneaz\u0103-te la newsletter pentru a fi primul care afl\u0103 despre ofertele speciale, bonusuri \u0219i promo\u021bii pentru juc\u0103torii de Aviator.<\/span><\/p>\n<p><span style=\"font-weight: 400;\">Al\u0103tur\u0103-te miilor de juc\u0103tori care au descoperit deja lumea captivant\u0103 a Aviatorului. \u00cencepe s\u0103 joci acum \u0219i experimenteaz\u0103 toat\u0103 magia acestui joc palpitant de tip crash!<\/span><\/p>\n","protected":false},"excerpt":{"rendered":"<p>Aviator este un joc online inovator de tip crash care \u00ee\u021bi taie respira\u021bia din primele secunde. Obiectivul principal pentru juc\u0103tor este s\u0103<span class=\"more-button\"><a href=\"https:\/\/luckyaviator-win.com\/ro\/\" class=\"more-link more-icon\">Continue reading<span class=\"screen-reader-text\">Ce este Jocul Aviator?<\/span><\/a><\/span><\/p>\n","protected":false},"author":1,"featured_media":0,"parent":0,"menu_order":0,"comment_status":"closed","ping_status":"closed","template":"","meta":{"footnotes":""},"class_list":["post-7","page","type-page","status-publish","hentry"],"yoast_head":"<!-- This site is optimized with the Yoast SEO plugin v27.2 - https:\/\/yoast.com\/product\/yoast-seo-wordpress\/ -->\n<title>\u041a\u0440\u0430\u0448 \u0438\u0433\u0440\u0430 \u0410\u0432\u0438\u0430\u0442\u043e\u0440<\/title>\n<meta name=\"description\" content=\"Juca\u021bi Jocul Crash Aviator. Joc online Aviator \u00een cazinouri online. Juca\u021bi gratuit \u0219i pe bani reali. \u00centreb\u0103ri \u0219i r\u0103spunsuri despre jocul Aviator. Juca\u021bi \u0219i c\u00e2\u0219tiga\u021bi.\" \/>\n<meta name=\"robots\" content=\"index, follow, max-snippet:-1, max-image-preview:large, max-video-preview:-1\" \/>\n<link rel=\"canonical\" href=\"https:\/\/luckyaviator-win.com\/ro\/\" \/>\n<meta property=\"og:locale\" content=\"ro_RO\" \/>\n<meta property=\"og:locale:alternate\" content=\"ru_RU\" \/>\n<meta property=\"og:locale:alternate\" content=\"en_US\" \/>\n<meta property=\"og:locale:alternate\" content=\"pt_PT\" \/>\n<meta property=\"og:locale:alternate\" content=\"es_ES\" \/>\n<meta property=\"og:locale:alternate\" content=\"fr_FR\" \/>\n<meta property=\"og:locale:alternate\" content=\"de_DE\" \/>\n<meta property=\"og:locale:alternate\" content=\"sr_RS\" \/>\n<meta property=\"og:locale:alternate\" content=\"bg_BG\" \/>\n<meta property=\"og:locale:alternate\" content=\"it_IT\" \/>\n<meta property=\"og:type\" content=\"article\" \/>\n<meta property=\"og:title\" content=\"\u041a\u0440\u0430\u0448 \u0438\u0433\u0440\u0430 \u0410\u0432\u0438\u0430\u0442\u043e\u0440\" \/>\n<meta property=\"og:description\" content=\"\u0418\u0433\u0440\u0430\u0442\u044c \u0432 \u043a\u0440\u0430\u0448 \u0438\u0433\u0440\u0443 \u0410\u0432\u0438\u0430\u0442\u043e\u0440. \u041e\u043d\u043b\u0430\u0439\u043d \u0438\u0433\u0440\u0430 Aviator \u0432 \u043e\u043d\u043b\u0430\u0439\u043d \u043a\u0430\u0437\u0438\u043d\u043e. \u0418\u0433\u0440\u0430\u0442\u044c \u0431\u0435\u0441\u043f\u043b\u0430\u0442\u043d\u043e \u0438 \u043d\u0430 \u0440\u0435\u0430\u043b\u044c\u043d\u044b\u0435 \u0434\u0435\u043d\u044c\u0433\u0438. \u0412\u043e\u043f\u0440\u043e\u0441\u044b \u0438 \u043e\u0442\u0432\u0435\u0442\u044b \u043e\u0431 \u0438\u0433\u0440\u0435 \u0410\u0432\u0438\u0430\u0442\u043e\u0440. \u0418\u0433\u0440\u0430\u0442\u044c \u0438 \u043f\u043e\u0431\u0435\u0436\u0434\u0430\u0442\u044c\" \/>\n<meta property=\"og:url\" content=\"https:\/\/luckyaviator-win.com\/ro\/\" \/>\n<meta property=\"og:site_name\" content=\"Aviator\" \/>\n<meta property=\"article:modified_time\" content=\"2024-05-28T01:30:36+00:00\" \/>\n<meta name=\"twitter:card\" content=\"summary_large_image\" \/>\n<meta name=\"twitter:label1\" content=\"Timp estimat pentru citire\" \/>\n\t<meta name=\"twitter:data1\" content=\"19 minute\" \/>\n<script type=\"application\/ld+json\" class=\"yoast-schema-graph\">{\"@context\":\"https:\/\/schema.org\",\"@graph\":[{\"@type\":\"WebPage\",\"@id\":\"https:\/\/luckyaviator-win.com\/\",\"url\":\"https:\/\/luckyaviator-win.com\/\",\"name\":\"\u041a\u0440\u0430\u0448 \u0438\u0433\u0440\u0430 \u0410\u0432\u0438\u0430\u0442\u043e\u0440\",\"isPartOf\":{\"@id\":\"https:\/\/luckyaviator-win.com\/#website\"},\"datePublished\":\"2024-05-27T13:44:08+00:00\",\"dateModified\":\"2024-05-28T01:30:36+00:00\",\"description\":\"\u0418\u0433\u0440\u0430\u0442\u044c \u0432 \u043a\u0440\u0430\u0448 \u0438\u0433\u0440\u0443 \u0410\u0432\u0438\u0430\u0442\u043e\u0440. \u041e\u043d\u043b\u0430\u0439\u043d \u0438\u0433\u0440\u0430 Aviator \u0432 \u043e\u043d\u043b\u0430\u0439\u043d \u043a\u0430\u0437\u0438\u043d\u043e. \u0418\u0433\u0440\u0430\u0442\u044c \u0431\u0435\u0441\u043f\u043b\u0430\u0442\u043d\u043e \u0438 \u043d\u0430 \u0440\u0435\u0430\u043b\u044c\u043d\u044b\u0435 \u0434\u0435\u043d\u044c\u0433\u0438. \u0412\u043e\u043f\u0440\u043e\u0441\u044b \u0438 \u043e\u0442\u0432\u0435\u0442\u044b \u043e\u0431 \u0438\u0433\u0440\u0435 \u0410\u0432\u0438\u0430\u0442\u043e\u0440. \u0418\u0433\u0440\u0430\u0442\u044c \u0438 \u043f\u043e\u0431\u0435\u0436\u0434\u0430\u0442\u044c\",\"breadcrumb\":{\"@id\":\"https:\/\/luckyaviator-win.com\/#breadcrumb\"},\"inLanguage\":\"ro-RO\",\"potentialAction\":[{\"@type\":\"ReadAction\",\"target\":[\"https:\/\/luckyaviator-win.com\/\"]}]},{\"@type\":\"BreadcrumbList\",\"@id\":\"https:\/\/luckyaviator-win.com\/#breadcrumb\",\"itemListElement\":[{\"@type\":\"ListItem\",\"position\":1,\"name\":\"\u0413\u043b\u0430\u0432\u043d\u0430\u044f \u0441\u0442\u0440\u0430\u043d\u0438\u0446\u0430\",\"item\":\"https:\/\/luckyaviator-win.com\/\"},{\"@type\":\"ListItem\",\"position\":2,\"name\":\"\u0427\u0442\u043e \u0442\u0430\u043a\u043e\u0435 \u0438\u0433\u0440\u0430 \u0410\u0432\u0438\u0430\u0442\u043e\u0440?\"}]},{\"@type\":\"WebSite\",\"@id\":\"https:\/\/luckyaviator-win.com\/#website\",\"url\":\"https:\/\/luckyaviator-win.com\/\",\"name\":\"Aviator\",\"description\":\"\",\"potentialAction\":[{\"@type\":\"SearchAction\",\"target\":{\"@type\":\"EntryPoint\",\"urlTemplate\":\"https:\/\/luckyaviator-win.com\/?s={search_term_string}\"},\"query-input\":{\"@type\":\"PropertyValueSpecification\",\"valueRequired\":true,\"valueName\":\"search_term_string\"}}],\"inLanguage\":\"ro-RO\"}]}<\/script>\n<!-- \/ Yoast SEO plugin. -->","yoast_head_json":{"title":"\u041a\u0440\u0430\u0448 \u0438\u0433\u0440\u0430 \u0410\u0432\u0438\u0430\u0442\u043e\u0440","description":"Juca\u021bi Jocul Crash Aviator. Joc online Aviator \u00een cazinouri online. Juca\u021bi gratuit \u0219i pe bani reali. \u00centreb\u0103ri \u0219i r\u0103spunsuri despre jocul Aviator. Juca\u021bi \u0219i c\u00e2\u0219tiga\u021bi.","robots":{"index":"index","follow":"follow","max-snippet":"max-snippet:-1","max-image-preview":"max-image-preview:large","max-video-preview":"max-video-preview:-1"},"canonical":"https:\/\/luckyaviator-win.com\/ro\/","og_locale":"ro_RO","og_type":"article","og_title":"\u041a\u0440\u0430\u0448 \u0438\u0433\u0440\u0430 \u0410\u0432\u0438\u0430\u0442\u043e\u0440","og_description":"\u0418\u0433\u0440\u0430\u0442\u044c \u0432 \u043a\u0440\u0430\u0448 \u0438\u0433\u0440\u0443 \u0410\u0432\u0438\u0430\u0442\u043e\u0440. \u041e\u043d\u043b\u0430\u0439\u043d \u0438\u0433\u0440\u0430 Aviator \u0432 \u043e\u043d\u043b\u0430\u0439\u043d \u043a\u0430\u0437\u0438\u043d\u043e. \u0418\u0433\u0440\u0430\u0442\u044c \u0431\u0435\u0441\u043f\u043b\u0430\u0442\u043d\u043e \u0438 \u043d\u0430 \u0440\u0435\u0430\u043b\u044c\u043d\u044b\u0435 \u0434\u0435\u043d\u044c\u0433\u0438. \u0412\u043e\u043f\u0440\u043e\u0441\u044b \u0438 \u043e\u0442\u0432\u0435\u0442\u044b \u043e\u0431 \u0438\u0433\u0440\u0435 \u0410\u0432\u0438\u0430\u0442\u043e\u0440. \u0418\u0433\u0440\u0430\u0442\u044c \u0438 \u043f\u043e\u0431\u0435\u0436\u0434\u0430\u0442\u044c","og_url":"https:\/\/luckyaviator-win.com\/ro\/","og_site_name":"Aviator","article_modified_time":"2024-05-28T01:30:36+00:00","twitter_card":"summary_large_image","twitter_misc":{"Timp estimat pentru citire":"19 minute"},"schema":{"@context":"https:\/\/schema.org","@graph":[{"@type":"WebPage","@id":"https:\/\/luckyaviator-win.com\/","url":"https:\/\/luckyaviator-win.com\/","name":"\u041a\u0440\u0430\u0448 \u0438\u0433\u0440\u0430 \u0410\u0432\u0438\u0430\u0442\u043e\u0440","isPartOf":{"@id":"https:\/\/luckyaviator-win.com\/#website"},"datePublished":"2024-05-27T13:44:08+00:00","dateModified":"2024-05-28T01:30:36+00:00","description":"\u0418\u0433\u0440\u0430\u0442\u044c \u0432 \u043a\u0440\u0430\u0448 \u0438\u0433\u0440\u0443 \u0410\u0432\u0438\u0430\u0442\u043e\u0440. \u041e\u043d\u043b\u0430\u0439\u043d \u0438\u0433\u0440\u0430 Aviator \u0432 \u043e\u043d\u043b\u0430\u0439\u043d \u043a\u0430\u0437\u0438\u043d\u043e. \u0418\u0433\u0440\u0430\u0442\u044c \u0431\u0435\u0441\u043f\u043b\u0430\u0442\u043d\u043e \u0438 \u043d\u0430 \u0440\u0435\u0430\u043b\u044c\u043d\u044b\u0435 \u0434\u0435\u043d\u044c\u0433\u0438. \u0412\u043e\u043f\u0440\u043e\u0441\u044b \u0438 \u043e\u0442\u0432\u0435\u0442\u044b \u043e\u0431 \u0438\u0433\u0440\u0435 \u0410\u0432\u0438\u0430\u0442\u043e\u0440. \u0418\u0433\u0440\u0430\u0442\u044c \u0438 \u043f\u043e\u0431\u0435\u0436\u0434\u0430\u0442\u044c","breadcrumb":{"@id":"https:\/\/luckyaviator-win.com\/#breadcrumb"},"inLanguage":"ro-RO","potentialAction":[{"@type":"ReadAction","target":["https:\/\/luckyaviator-win.com\/"]}]},{"@type":"BreadcrumbList","@id":"https:\/\/luckyaviator-win.com\/#breadcrumb","itemListElement":[{"@type":"ListItem","position":1,"name":"\u0413\u043b\u0430\u0432\u043d\u0430\u044f \u0441\u0442\u0440\u0430\u043d\u0438\u0446\u0430","item":"https:\/\/luckyaviator-win.com\/"},{"@type":"ListItem","position":2,"name":"\u0427\u0442\u043e \u0442\u0430\u043a\u043e\u0435 \u0438\u0433\u0440\u0430 \u0410\u0432\u0438\u0430\u0442\u043e\u0440?"}]},{"@type":"WebSite","@id":"https:\/\/luckyaviator-win.com\/#website","url":"https:\/\/luckyaviator-win.com\/","name":"Aviator","description":"","potentialAction":[{"@type":"SearchAction","target":{"@type":"EntryPoint","urlTemplate":"https:\/\/luckyaviator-win.com\/?s={search_term_string}"},"query-input":{"@type":"PropertyValueSpecification","valueRequired":true,"valueName":"search_term_string"}}],"inLanguage":"ro-RO"}]}},"_links":{"self":[{"href":"https:\/\/luckyaviator-win.com\/ro\/wp-json\/wp\/v2\/pages\/7","targetHints":{"allow":["GET"]}}],"collection":[{"href":"https:\/\/luckyaviator-win.com\/ro\/wp-json\/wp\/v2\/pages"}],"about":[{"href":"https:\/\/luckyaviator-win.com\/ro\/wp-json\/wp\/v2\/types\/page"}],"author":[{"embeddable":true,"href":"https:\/\/luckyaviator-win.com\/ro\/wp-json\/wp\/v2\/users\/1"}],"replies":[{"embeddable":true,"href":"https:\/\/luckyaviator-win.com\/ro\/wp-json\/wp\/v2\/comments?post=7"}],"version-history":[{"count":19,"href":"https:\/\/luckyaviator-win.com\/ro\/wp-json\/wp\/v2\/pages\/7\/revisions"}],"predecessor-version":[{"id":116,"href":"https:\/\/luckyaviator-win.com\/ro\/wp-json\/wp\/v2\/pages\/7\/revisions\/116"}],"wp:attachment":[{"href":"https:\/\/luckyaviator-win.com\/ro\/wp-json\/wp\/v2\/media?parent=7"}],"curies":[{"name":"wp","href":"https:\/\/api.w.org\/{rel}","templated":true}]}}