{"id":12,"date":"2024-05-27T16:48:50","date_gmt":"2024-05-27T13:48:50","guid":{"rendered":"https:\/\/luckyaviator-win.com\/?page_id=12"},"modified":"2024-05-28T04:07:53","modified_gmt":"2024-05-28T01:07:53","slug":"real-player-reviews-about-the-game-aviator","status":"publish","type":"page","link":"https:\/\/luckyaviator-win.com\/sr\/real-player-reviews-about-the-game-aviator\/","title":{"rendered":"\u0420\u0435\u0446\u0435\u043d\u0437\u0438\u0458\u0435 \u041f\u0440\u0430\u0432\u0438\u0445 \u0418\u0433\u0440\u0430\u0447\u0430 \u043e \u0418\u0433\u0440\u0438 \u0410\u0432\u0438\u0430\u0442\u043e\u0440"},"content":{"rendered":"<h3><b>\u0422\u0435\u043c\u0430: \u0423\u0437\u0431\u0443\u0434\u0459\u0438\u0432\u043e\u0441\u0442 \u0438 \u0430\u0434\u0440\u0435\u043d\u0430\u043b\u0438\u043d \u0441\u0430 \u0441\u0432\u0430\u043a\u0438\u043c \u043b\u0435\u0442\u043e\u043c!<\/b><\/h3>\n<p><b>\u041f\u0440\u0435\u0433\u043b\u0435\u0434:<\/b><span style=\"font-weight: 400;\"> &#8222;\u0410\u0432\u0438\u0458\u0430\u0442\u043e\u0440 \u0458\u0435 \u043f\u0440\u0430\u0432\u043e \u043e\u0442\u043a\u0440\u0438\u045b\u0435 \u0437\u0430 \u0459\u0443\u0431\u0438\u0442\u0435\u0459\u0435 \u0430\u0434\u0440\u0435\u043d\u0430\u043b\u0438\u043d\u0430. \u0421\u0432\u0430\u043a\u0438 \u043b\u0435\u0442 \u0432\u0430\u0441 \u0434\u0440\u0436\u0438 \u043d\u0430 \u0438\u0432\u0438\u0446\u0438, \u0438 \u0442\u0440\u0435\u043d\u0443\u0442\u0430\u043a \u043a\u0430\u0434\u0430 \u0442\u0440\u0435\u0431\u0430 \u043e\u0434\u043b\u0443\u0447\u0438\u0442\u0438 \u0434\u0430 \u0441\u0435 \u043f\u043e\u0432\u0443\u0447\u0435\u0442\u0435 \u0438\u0437 \u0438\u0433\u0440\u0435 \u0458\u0435 \u043d\u0435\u0432\u0435\u0440\u043e\u0432\u0430\u0442\u043d\u043e \u0443\u0437\u0431\u0443\u0434\u0459\u0438\u0432. \u0418\u0433\u0440\u0430\u043c \u0441\u0432\u0430\u043a\u043e \u0432\u0435\u0447\u0435 \u0438 \u043d\u0438\u043a\u0430\u0434 \u043d\u0435 \u0437\u043d\u0430\u043c \u043a\u0430\u043a\u043e \u045b\u0435 \u0437\u0430\u0432\u0440\u0448\u0438\u0442\u0438 \u0441\u0432\u0430\u043a\u0438 \u043b\u0435\u0442!&#8220; <\/span><br \/>\n<span style=\"font-weight: 400;\">\u0410\u043b\u0435\u043a\u0441\u0435\u0458, 29 \u0433\u043e\u0434\u0438\u043d\u0430<\/span><\/p>\n<h3><b>\u0422\u0435\u043c\u0430: \u0408\u0435\u0434\u043d\u043e\u0441\u0442\u0430\u0432\u043d\u043e\u0441\u0442 \u0438 \u043b\u0430\u043a\u043e\u045b\u0430 \u0438\u0433\u0440\u0435<\/b><\/h3>\n<p><b>\u041f\u0440\u0435\u0433\u043b\u0435\u0434:<\/b><span style=\"font-weight: 400;\"> &#8222;\u0421\u0432\u0438\u0452\u0430 \u043c\u0438 \u0441\u0435 \u0448\u0442\u043e \u0458\u0435 \u0410\u0432\u0438\u0458\u0430\u0442\u043e\u0440 \u0432\u0435\u043e\u043c\u0430 \u043b\u0430\u043a \u0437\u0430 \u0441\u0445\u0432\u0430\u0442\u0430\u045a\u0435. \u041d\u0435\u043c\u0430 \u043a\u043e\u043c\u043f\u043b\u0438\u043a\u043e\u0432\u0430\u043d\u0438\u0445 \u043f\u0440\u0430\u0432\u0438\u043b\u0430 \u0438 \u0441\u0432\u0430\u043a\u043e \u043c\u043e\u0436\u0435 \u043f\u043e\u0447\u0435\u0442\u0438 \u0438\u0433\u0440\u0430\u0442\u0438 \u0441\u043a\u043e\u0440\u043e \u043e\u0434\u043c\u0430\u0445. \u041e\u0434\u043b\u0438\u0447\u043d\u043e \u0437\u0430\u043d\u0438\u043c\u0430\u045a\u0435, \u043f\u043e\u0441\u0435\u0431\u043d\u043e \u043a\u0430\u0434\u0430 \u0436\u0435\u043b\u0438\u0442\u0435 \u0434\u0430 \u0441\u0435 \u043e\u0434\u043c\u043e\u0440\u0438\u0442\u0435 \u043e\u0434 \u0441\u0432\u0430\u043a\u043e\u0434\u043d\u0435\u0432\u043d\u0438\u0445 \u0431\u0440\u0438\u0433\u0430.&#8220; <\/span><br \/>\n<span style=\"font-weight: 400;\">\u041c\u0430\u0440\u0438\u0458\u0430, 34 \u0433\u043e\u0434\u0438\u043d\u0435<\/span><\/p>\n<h3><b>\u0422\u0435\u043c\u0430: \u0418\u0437\u0432\u0430\u043d\u0440\u0435\u0434\u043d\u0430 \u0433\u0440\u0430\u0444\u0438\u043a\u0430 \u0438 \u0438\u043d\u0442\u0435\u0440\u0444\u0435\u0458\u0441<\/b><\/h3>\n<p><b>\u041f\u0440\u0435\u0433\u043b\u0435\u0434:<\/b><span style=\"font-weight: 400;\"> &#8222;\u0418\u0433\u0440\u0430 \u0458\u0435 \u0444\u0430\u043d\u0442\u0430\u0441\u0442\u0438\u0447\u043d\u0430! \u0413\u0440\u0430\u0444\u0438\u043a\u0430 \u0458\u0435 \u043d\u0430\u0458\u0432\u0438\u0448\u0435 \u043a\u0432\u0430\u043b\u0438\u0442\u0435\u0442\u0430, \u0430 \u0438\u043d\u0442\u0435\u0440\u0444\u0435\u0458\u0441 \u0458\u0435 \u0438\u043d\u0442\u0443\u0438\u0442\u0438\u0432\u0430\u043d. \u0411\u0440\u0437\u043e \u0441\u0430\u043c \u0441\u0435 \u043d\u0430\u0432\u0438\u043a\u043b\u0430 \u043d\u0430 \u043a\u043e\u043d\u0442\u0440\u043e\u043b\u0435 \u0438 \u0441\u0430\u0434\u0430 \u0443\u0436\u0438\u0432\u0430\u043c \u0443 \u0441\u0432\u0430\u043a\u043e\u043c \u043a\u0440\u0443\u0433\u0443. \u0425\u0432\u0430\u043b\u0430 \u0434\u0435\u0432\u0435\u043b\u043e\u043f\u0435\u0440\u0438\u043c\u0430 \u043d\u0430 \u0442\u0430\u043a\u0432\u043e\u0458 \u0432\u0438\u0441\u043e\u043a\u043e \u043a\u0432\u0430\u043b\u0438\u0442\u0435\u0442\u043d\u043e\u0458 \u0438\u0433\u0440\u0438!&#8220;<\/span><br \/>\n<span style=\"font-weight: 400;\">\u0414\u043c\u0438\u0442\u0440\u0438\u0458, 26 \u0433\u043e\u0434\u0438\u043d\u0430<\/span><\/p>\n<h3><b>\u0422\u0435\u043c\u0430: \u041c\u043e\u0433\u0443\u045b\u043d\u043e\u0441\u0442 \u0432\u0435\u043b\u0438\u043a\u043e\u0433 \u0434\u043e\u0431\u0438\u0442\u043a\u0430<\/b><\/h3>\n<p><b>\u041f\u0440\u0435\u0433\u043b\u0435\u0434:<\/b><span style=\"font-weight: 400;\"> &#8222;\u0410\u0432\u0438\u0458\u0430\u0442\u043e\u0440 \u043d\u0438\u0458\u0435 \u0441\u0430\u043c\u043e \u0438\u0433\u0440\u0430 \u0432\u0435\u045b \u0438 \u0448\u0430\u043d\u0441\u0430 \u0437\u0430 \u043e\u0441\u0432\u0430\u0458\u0430\u045a\u0435 \u0441\u0442\u0432\u0430\u0440\u043d\u043e\u0433 \u043d\u043e\u0432\u0446\u0430. \u041d\u0435\u043a\u043e\u043b\u0438\u043a\u043e \u043f\u0443\u0442\u0430 \u0441\u0430\u043c \u0443\u0434\u0432\u043e\u0441\u0442\u0440\u0443\u0447\u0438\u043e \u0443\u043b\u043e\u0433\u0435 \u0438 \u043f\u043e\u0432\u0443\u043a\u0430\u043e \u0441\u0432\u043e\u0458\u0435 \u0434\u043e\u0431\u0438\u0442\u043a\u0435. \u0413\u043b\u0430\u0432\u043d\u043e \u0458\u0435 \u0437\u0430\u0443\u0441\u0442\u0430\u0432\u0438\u0442\u0438 \u0441\u0435 \u043d\u0430 \u0432\u0440\u0435\u043c\u0435 \u0438 \u043d\u0435 \u0431\u0438\u0442\u0438 \u0441\u0438\u0442\u043d\u0438\u0447\u0430\u0432. \u041f\u0440\u0435\u043f\u043e\u0440\u0443\u0447\u0443\u0458\u0435\u043c \u0433\u0430 \u0441\u0432\u0438\u043c\u0430 \u043a\u043e\u0458\u0438 \u0432\u043e\u043b\u0435 \u0440\u0438\u0437\u0438\u043a!&#8220; <\/span><br \/>\n<span style=\"font-weight: 400;\">\u0418\u0433\u043e\u0440, 31 \u0433\u043e\u0434\u0438\u043d\u0443<\/span><\/p>\n<h3><b>\u0422\u0435\u043c\u0430: \u0417\u0430\u043d\u0438\u043c\u0459\u0438\u0432 \u043f\u0440\u043e\u0446\u0435\u0441 \u0438 \u0443\u0437\u0431\u0443\u0434\u0459\u0438\u0432\u043e\u0441\u0442<\/b><\/h3>\n<p><b>\u041f\u0440\u0435\u0433\u043b\u0435\u0434:<\/b><span style=\"font-weight: 400;\"> &#8222;\u0421\u0432\u0430\u043a\u0438 \u043a\u0440\u0443\u0433 \u0443 \u0410\u0432\u0438\u0458\u0430\u0442\u043e\u0440\u0443 \u0458\u0435 \u043f\u043e\u0441\u0435\u0431\u043d\u0430 \u043f\u0440\u0438\u0447\u0430. \u0423\u0437\u0431\u0443\u0434\u0459\u0435\u045a\u0435 \u0432\u0430\u0441 \u043e\u0431\u0443\u0437\u0438\u043c\u0430 \u043a\u0430\u0434\u0430 \u0433\u043b\u0435\u0434\u0430\u0442\u0435 \u043f\u043e\u043b\u0435\u0442\u0435\u0459\u043a\u0443 \u0438 \u0447\u0435\u043a\u0430\u0442\u0435 \u0442\u0440\u0435\u043d\u0443\u0442\u0430\u043a \u0434\u0430 \u0441\u0435 \u043f\u043e\u0432\u0443\u0447\u0435\u0442\u0435 \u0438\u0437 \u0438\u0433\u0440\u0435. \u0418\u0433\u0440\u0430 \u0437\u0430\u0438\u0441\u0442\u0430 \u0437\u0430\u0440\u043e\u0431\u0459\u0430\u0432\u0430 \u0438 \u0437\u0430\u0431\u0430\u0432\u0459\u0430 \u0432\u0430\u0441.&#8220;<\/span><br \/>\n<span style=\"font-weight: 400;\">\u041e\u043b\u0433\u0430, 28 \u0433\u043e\u0434\u0438\u043d\u0430<\/span><\/p>\n<h3><b>\u0422\u0435\u043c\u0430: \u0418\u0434\u0435\u0430\u043b\u043d\u0430 \u0438\u0433\u0440\u0430 \u0437\u0430 \u043a\u0440\u0430\u0442\u043a\u0435 \u043f\u0430\u0443\u0437\u0435<\/b><\/h3>\n<p><b>\u041f\u0440\u0435\u0433\u043b\u0435\u0434:<\/b><span style=\"font-weight: 400;\"> &#8222;\u0418\u0433\u0440\u0430\u043c \u0410\u0432\u0438\u0458\u0430\u0442\u043e\u0440\u0430 \u0437\u0430 \u0432\u0440\u0435\u043c\u0435 \u043f\u0430\u0443\u0437\u0430 \u043d\u0430 \u043f\u043e\u0441\u043b\u0443. \u041a\u0440\u0443\u0433\u043e\u0432\u0438 \u0441\u0443 \u043a\u0440\u0430\u0442\u043a\u0438, \u0438 \u0431\u0440\u0437\u043e \u043c\u043e\u0436\u0435\u0442\u0435 \u0441\u0435 \u043e\u043f\u0443\u0441\u0442\u0438\u0442\u0438 \u0438 \u0434\u043e\u0431\u0438\u0442\u0438 \u0434\u043e\u0437\u0443 \u0430\u0434\u0440\u0435\u043d\u0430\u043b\u0438\u043d\u0430. \u041e\u0434\u043b\u0438\u0447\u0430\u043d \u043d\u0430\u0447\u0438\u043d \u0437\u0430 \u043e\u043f\u0443\u0448\u0442\u0430\u045a\u0435 \u0438 \u043f\u0443\u043d\u0435\u045a\u0435 \u0437\u0430 \u043e\u0441\u0442\u0430\u0442\u0430\u043a \u0434\u0430\u043d\u0430.&#8220;<\/span><br \/>\n<span style=\"font-weight: 400;\">\u041c\u0430\u043a\u0441\u0438\u043c, 35 \u0433\u043e\u0434\u0438\u043d\u0430<\/span><\/p>\n<h3><b>\u0422\u0435\u043c\u0430: \u041f\u043e\u0434\u0440\u0448\u043a\u0430 \u0437\u0430 \u043c\u043e\u0431\u0438\u043b\u043d\u0435 \u0443\u0440\u0435\u0452\u0430\u0458\u0435<\/b><\/h3>\n<p><b>\u041f\u0440\u0435\u0433\u043b\u0435\u0434:<\/b><span style=\"font-weight: 400;\"> &#8222;\u0412\u0435\u043e\u043c\u0430 \u0458\u0435 \u043f\u0440\u0430\u043a\u0442\u0438\u0447\u043d\u043e \u0438\u0433\u0440\u0430\u0442\u0438 \u0410\u0432\u0438\u0458\u0430\u0442\u043e\u0440\u0430 \u043d\u0430 \u0432\u0430\u0448\u0435\u043c \u0442\u0435\u043b\u0435\u0444\u043e\u043d\u0443. \u0427\u0435\u0441\u0442\u043e \u0438\u0433\u0440\u0430\u043c \u0434\u043e\u043a \u043f\u0443\u0442\u0443\u0458\u0435\u043c \u0438\u043b\u0438 \u0448\u0435\u0442\u0430\u043c. \u041c\u043e\u0431\u0438\u043b\u043d\u0430 \u0432\u0435\u0440\u0437\u0438\u0458\u0430 \u0440\u0430\u0434\u0438 \u0441\u0458\u0430\u0458\u043d\u043e, \u0431\u0435\u0437 \u0437\u0430\u043a\u0430\u0448\u045a\u0435\u045a\u0430 \u0438\u043b\u0438 \u043f\u0440\u043e\u0431\u043b\u0435\u043c\u0430. \u0425\u0432\u0430\u043b\u0430 \u043d\u0430 \u0442\u0430\u043a\u0432\u043e\u0458 \u043f\u0440\u0438\u043b\u0438\u0446\u0438!&#8220; <\/span><br \/>\n<span style=\"font-weight: 400;\">\u0410\u043d\u0430\u0441\u0442\u0430\u0441\u0438\u0458\u0430, 24 \u0433\u043e\u0434\u0438\u043d\u0435<\/span><\/p>\n<h3><b>\u0422\u0435\u043c\u0430: \u041f\u043e\u0443\u0437\u0434\u0430\u043d\u0430 \u0438\u0433\u0440\u0430\u0447\u043a\u0430 \u043f\u043b\u0430\u0442\u0444\u043e\u0440\u043c\u0430<\/b><\/h3>\n<p><b>\u041f\u0440\u0435\u0433\u043b\u0435\u0434:<\/b><span style=\"font-weight: 400;\"> &#8222;\u0418\u0433\u0440\u0430\u043c \u0410\u0432\u0438\u0458\u0430\u0442\u043e\u0440\u0430 \u0432\u0435\u045b \u043d\u0435\u043a\u043e\u043b\u0438\u043a\u043e \u043c\u0435\u0441\u0435\u0446\u0438. \u0417\u0430 \u0442\u043e \u0432\u0440\u0435\u043c\u0435, \u043d\u0438\u0458\u0435 \u0431\u0438\u043b\u043e \u043d\u0438 \u0458\u0435\u0434\u043d\u043e\u0433 \u043a\u0430\u0448\u045a\u0435\u045a\u0430 \u0443 \u0438\u0441\u043f\u043b\u0430\u0442\u0430\u043c\u0430 \u0438\u043b\u0438 \u043f\u0440\u043e\u0431\u043b\u0435\u043c\u0430 \u0441\u0430 \u0438\u0433\u0440\u043e\u043c. \u041f\u043b\u0430\u0442\u0444\u043e\u0440\u043c\u0430 \u0458\u0435 \u043f\u043e\u0443\u0437\u0434\u0430\u043d\u0430, \u0438 \u0438\u043c\u0430\u043c \u043f\u043e\u0442\u043f\u0443\u043d\u043e \u043f\u043e\u0432\u0435\u0440\u0435\u045a\u0435 \u0434\u0430 \u0441\u0443 \u043c\u043e\u0458\u0438 \u043d\u043e\u0432\u0446\u0438 \u0431\u0435\u0437\u0431\u0435\u0434\u043d\u0438.&#8220; \u0412\u043b\u0430\u0434\u0438\u043c\u0438\u0440, 32 \u0433\u043e\u0434\u0438\u043d\u0435<\/span><\/p>\n<h3><b>\u0422\u0435\u043c\u0430: \u041f\u0440\u0438\u0458\u0430\u0442\u043d\u0438 \u0431\u043e\u043d\u0443\u0441\u0438 \u0438 \u043f\u0440\u043e\u043c\u043e\u0446\u0438\u0458\u0435<\/b><\/h3>\n<p><b>\u041f\u0440\u0435\u0433\u043b\u0435\u0434:<\/b><span style=\"font-weight: 400;\"> &#8222;\u0412\u0435\u043e\u043c\u0430 \u0441\u0430\u043c \u0437\u0430\u0434\u043e\u0432\u043e\u0459\u043d\u0430 \u0440\u0435\u0434\u043e\u0432\u043d\u0438\u043c \u0431\u043e\u043d\u0443\u0441\u0438\u043c\u0430 \u0438 \u043f\u0440\u043e\u043c\u043e\u0446\u0438\u0458\u0430\u043c\u0430. \u0422\u043e \u043c\u0438 \u043e\u043c\u043e\u0433\u0443\u045b\u0430\u0432\u0430 \u0434\u0430 \u0438\u0433\u0440\u0430\u043c \u0434\u0443\u0436\u0435 \u0438 \u0434\u043e\u0431\u0438\u0458\u0435\u043c \u0434\u043e\u0434\u0430\u0442\u043d\u0435 \u0448\u0430\u043d\u0441\u0435 \u0437\u0430 \u043f\u043e\u0431\u0435\u0434\u0443. \u0411\u043e\u043d\u0443\u0441\u0435 \u043a\u043e\u0440\u0438\u0441\u0442\u0438\u043c \u0443 \u043f\u0443\u043d\u043e\u043c \u043e\u0431\u0438\u043c\u0443 \u0438 \u0437\u0430\u0434\u043e\u0432\u043e\u0459\u043d\u0430 \u0441\u0430\u043c \u0440\u0435\u0437\u0443\u043b\u0442\u0430\u0442\u043e\u043c.&#8220; <\/span><br \/>\n<span style=\"font-weight: 400;\">\u0421\u0432\u0435\u0442\u043b\u0430\u043d\u0430, <\/span><span style=\"font-weight: 400;\">27 \u0433\u043e\u0434\u0438\u043d\u0430<\/span><\/p>\n<h3><b>\u0422\u0435\u043c\u0430: \u041e\u0434\u043b\u0438\u0447\u0430\u043d \u043d\u0430\u0447\u0438\u043d \u0437\u0430 \u043e\u043f\u0443\u0448\u0442\u0430\u045a\u0435<\/b><\/h3>\n<p><b>\u041f\u0440\u0435\u0433\u043b\u0435\u0434:<\/b><span style=\"font-weight: 400;\"> &#8222;\u0410\u0432\u0438\u0458\u0430\u0442\u043e\u0440 \u0458\u0435 \u043f\u043e\u0441\u0442\u0430\u043e \u043c\u043e\u0458 \u043e\u043c\u0438\u0459\u0435\u043d\u0438 \u043d\u0430\u0447\u0438\u043d \u0434\u0430 \u0441\u0435 \u043e\u043f\u0443\u0441\u0442\u0438\u043c \u043d\u0430\u043a\u043e\u043d \u043d\u0430\u043f\u043e\u0440\u043d\u043e\u0433 \u0434\u0430\u043d\u0430. \u0411\u0438\u043b\u043e \u0434\u0430 \u043f\u043e\u0431\u0435\u0434\u0438\u043c \u0438\u043b\u0438 \u0438\u0437\u0433\u0443\u0431\u0438\u043c, \u0441\u0430\u043c\u0430 \u0438\u0433\u0440\u0430 \u043c\u0438 \u0434\u043e\u043d\u043e\u0441\u0438 \u043e\u0433\u0440\u043e\u043c\u043d\u043e \u0437\u0430\u0434\u043e\u0432\u043e\u0459\u0441\u0442\u0432\u043e. \u0425\u0432\u0430\u043b\u0430 \u043d\u0430 \u0442\u0430\u043a\u043e\u0458 \u043e\u0434\u043b\u0438\u0447\u043d\u043e\u0458 \u0438\u0433\u0440\u0438!&#8220; <\/span><br \/>\n<span style=\"font-weight: 400;\">\u0415\u0432\u0433\u0435\u043d\u0438\u0458, 30 \u0433\u043e\u0434\u0438\u043d\u0430<\/span><br \/>\n<span style=\"font-weight: 400;\">\u041e\u0432\u0435 \u0440\u0435\u0446\u0435\u043d\u0437\u0438\u0458\u0435 \u043f\u043e\u043a\u0430\u0437\u0443\u0458\u0443 \u043a\u043e\u043b\u0438\u043a\u043e \u0440\u0430\u0437\u043b\u0438\u0447\u0438\u0442\u0430 \u043c\u043e\u0433\u0443 \u0431\u0438\u0442\u0438 \u0438\u0441\u043a\u0443\u0441\u0442\u0432\u0430 \u0438\u0433\u0440\u0430\u0447\u0430 \u0441\u0430 \u0438\u0433\u0440\u043e\u043c \u0410\u0432\u0438\u0458\u0430\u0442\u043e\u0440. \u0411\u0435\u0437 \u043e\u0431\u0437\u0438\u0440\u0430 \u043d\u0430 \u0433\u043e\u0434\u0438\u043d\u0435 \u0438 \u043f\u0440\u0435\u0444\u0435\u0440\u0435\u043d\u0446\u0435, \u0441\u0432\u0438 \u043d\u0430\u043b\u0430\u0437\u0435 \u043d\u0435\u0448\u0442\u043e \u0437\u0430 \u0441\u0435\u0431\u0435 \u0443 \u043e\u0432\u043e\u0458 \u0438\u0433\u0440\u0438, \u0431\u0438\u043b\u043e \u0434\u0430 \u0458\u0435 \u0442\u043e \u0430\u0434\u0440\u0435\u043d\u0430\u043b\u0438\u043d, \u0458\u0435\u0434\u043d\u043e\u0441\u0442\u0430\u0432\u043d\u043e\u0441\u0442 \u0438\u0433\u0440\u0435 \u0438\u043b\u0438 \u043c\u043e\u0433\u0443\u045b\u043d\u043e\u0441\u0442 \u043f\u043e\u0431\u0435\u0434\u0435.<\/span><\/p>\n","protected":false},"excerpt":{"rendered":"<p>\u0422\u0435\u043c\u0430: \u0423\u0437\u0431\u0443\u0434\u0459\u0438\u0432\u043e\u0441\u0442 \u0438 \u0430\u0434\u0440\u0435\u043d\u0430\u043b\u0438\u043d \u0441\u0430 \u0441\u0432\u0430\u043a\u0438\u043c \u043b\u0435\u0442\u043e\u043c! \u041f\u0440\u0435\u0433\u043b\u0435\u0434: &#8222;\u0410\u0432\u0438\u0458\u0430\u0442\u043e\u0440 \u0458\u0435 \u043f\u0440\u0430\u0432\u043e \u043e\u0442\u043a\u0440\u0438\u045b\u0435 \u0437\u0430 \u0459\u0443\u0431\u0438\u0442\u0435\u0459\u0435 \u0430\u0434\u0440\u0435\u043d\u0430\u043b\u0438\u043d\u0430. \u0421\u0432\u0430\u043a\u0438 \u043b\u0435\u0442 \u0432\u0430\u0441 \u0434\u0440\u0436\u0438 \u043d\u0430 \u0438\u0432\u0438\u0446\u0438, \u0438<span class=\"more-button\"><a href=\"https:\/\/luckyaviator-win.com\/sr\/real-player-reviews-about-the-game-aviator\/\" class=\"more-link more-icon\">Continue reading<span class=\"screen-reader-text\">\u0420\u0435\u0446\u0435\u043d\u0437\u0438\u0458\u0435 \u041f\u0440\u0430\u0432\u0438\u0445 \u0418\u0433\u0440\u0430\u0447\u0430 \u043e \u0418\u0433\u0440\u0438 \u0410\u0432\u0438\u0430\u0442\u043e\u0440<\/span><\/a><\/span><\/p>\n","protected":false},"author":1,"featured_media":0,"parent":0,"menu_order":0,"comment_status":"closed","ping_status":"closed","template":"","meta":{"footnotes":""},"class_list":["post-12","page","type-page","status-publish","hentry"],"yoast_head":"<!-- This site is optimized with the Yoast SEO plugin v27.2 - https:\/\/yoast.com\/product\/yoast-seo-wordpress\/ -->\n<title>Avis des Joueurs R\u00e9els sur le Jeu Aviator<\/title>\n<meta name=\"description\" content=\"\u041f\u0440\u043e\u0432\u0435\u0440\u0435\u043d\u0435 \u0440\u0435\u0446\u0435\u043d\u0437\u0438\u0458\u0435 \u043f\u0440\u0430\u0432\u0438\u0445 \u0438\u0433\u0440\u0430\u0447\u0430 \u043e\u043d\u043b\u0430\u0458\u043d \u043a\u0430\u0437\u0438\u043d\u0430 \u043e \u043a\u0440\u0430\u0448 \u0438\u0433\u0440\u0438 \u0410\u0432\u0438\u0430\u0442\u043e\u0440. \u041f\u0440\u0435\u0433\u043b\u0435\u0434 \u0438\u0433\u0440\u0435 \u0410\u0432\u0438\u0430\u0442\u043e\u0440 \u0443 \u043e\u043d\u043b\u0430\u0458\u043d \u043a\u0430\u0437\u0438\u043d\u0438\u043c\u0430. \u041c\u0438\u0448\u0459\u0435\u045a\u0430 \u0438\u0433\u0440\u0430\u0447\u0430 \u043e \u0410\u0432\u0438\u0430\u0442\u043e\u0440\u0443.\" \/>\n<meta name=\"robots\" content=\"index, follow, max-snippet:-1, max-image-preview:large, max-video-preview:-1\" \/>\n<link rel=\"canonical\" href=\"https:\/\/luckyaviator-win.com\/sr\/real-player-reviews-about-the-game-aviator\/\" \/>\n<meta property=\"og:locale\" content=\"sr_RS\" \/>\n<meta property=\"og:locale:alternate\" content=\"ru_RU\" \/>\n<meta property=\"og:locale:alternate\" content=\"en_US\" \/>\n<meta property=\"og:locale:alternate\" content=\"pt_PT\" \/>\n<meta property=\"og:locale:alternate\" content=\"es_ES\" \/>\n<meta property=\"og:locale:alternate\" content=\"fr_FR\" \/>\n<meta property=\"og:locale:alternate\" content=\"de_DE\" \/>\n<meta property=\"og:locale:alternate\" content=\"ro_RO\" \/>\n<meta property=\"og:locale:alternate\" content=\"bg_BG\" \/>\n<meta property=\"og:locale:alternate\" content=\"it_IT\" \/>\n<meta property=\"og:type\" content=\"article\" \/>\n<meta property=\"og:title\" content=\"Avis des Joueurs R\u00e9els sur le Jeu Aviator\" \/>\n<meta property=\"og:description\" content=\"Avis v\u00e9rifi\u00e9s de joueurs r\u00e9els de casinos en ligne sur le jeu crash Aviator. Aper\u00e7u du jeu Aviator dans les casinos en ligne. Avis des joueurs sur Aviator.\" \/>\n<meta property=\"og:url\" content=\"https:\/\/luckyaviator-win.com\/sr\/real-player-reviews-about-the-game-aviator\/\" \/>\n<meta property=\"og:site_name\" content=\"Aviator\" \/>\n<meta property=\"article:modified_time\" content=\"2024-05-28T01:07:53+00:00\" \/>\n<meta name=\"twitter:card\" content=\"summary_large_image\" \/>\n<meta name=\"twitter:label1\" content=\"\u041f\u0440\u043e\u0446\u0435\u045a\u0435\u043d\u043e \u0432\u0440\u0435\u043c\u0435 \u0447\u0438\u0442\u0430\u045a\u0430\" \/>\n\t<meta name=\"twitter:data1\" content=\"18 \u043c\u0438\u043d\u0443\u0442\u0430\" \/>\n<script type=\"application\/ld+json\" class=\"yoast-schema-graph\">{\"@context\":\"https:\/\/schema.org\",\"@graph\":[{\"@type\":\"WebPage\",\"@id\":\"https:\/\/luckyaviator-win.com\/fr\/real-player-reviews-about-the-game-aviator\/\",\"url\":\"https:\/\/luckyaviator-win.com\/fr\/real-player-reviews-about-the-game-aviator\/\",\"name\":\"Avis des Joueurs R\u00e9els sur le Jeu Aviator\",\"isPartOf\":{\"@id\":\"https:\/\/luckyaviator-win.com\/#website\"},\"datePublished\":\"2024-05-27T13:48:50+00:00\",\"dateModified\":\"2024-05-28T01:07:53+00:00\",\"description\":\"Avis v\u00e9rifi\u00e9s de joueurs r\u00e9els de casinos en ligne sur le jeu crash Aviator. Aper\u00e7u du jeu Aviator dans les casinos en ligne. Avis des joueurs sur Aviator.\",\"breadcrumb\":{\"@id\":\"https:\/\/luckyaviator-win.com\/fr\/real-player-reviews-about-the-game-aviator\/#breadcrumb\"},\"inLanguage\":\"sr-RS\",\"potentialAction\":[{\"@type\":\"ReadAction\",\"target\":[\"https:\/\/luckyaviator-win.com\/fr\/real-player-reviews-about-the-game-aviator\/\"]}]},{\"@type\":\"BreadcrumbList\",\"@id\":\"https:\/\/luckyaviator-win.com\/fr\/real-player-reviews-about-the-game-aviator\/#breadcrumb\",\"itemListElement\":[{\"@type\":\"ListItem\",\"position\":1,\"name\":\"\u0413\u043b\u0430\u0432\u043d\u0430\u044f \u0441\u0442\u0440\u0430\u043d\u0438\u0446\u0430\",\"item\":\"https:\/\/luckyaviator-win.com\/\"},{\"@type\":\"ListItem\",\"position\":2,\"name\":\"Avis de Joueurs R\u00e9els sur le Jeu Aviator\"}]},{\"@type\":\"WebSite\",\"@id\":\"https:\/\/luckyaviator-win.com\/#website\",\"url\":\"https:\/\/luckyaviator-win.com\/\",\"name\":\"Aviator\",\"description\":\"\",\"potentialAction\":[{\"@type\":\"SearchAction\",\"target\":{\"@type\":\"EntryPoint\",\"urlTemplate\":\"https:\/\/luckyaviator-win.com\/?s={search_term_string}\"},\"query-input\":{\"@type\":\"PropertyValueSpecification\",\"valueRequired\":true,\"valueName\":\"search_term_string\"}}],\"inLanguage\":\"sr-RS\"}]}<\/script>\n<!-- \/ Yoast SEO plugin. -->","yoast_head_json":{"title":"Avis des Joueurs R\u00e9els sur le Jeu Aviator","description":"\u041f\u0440\u043e\u0432\u0435\u0440\u0435\u043d\u0435 \u0440\u0435\u0446\u0435\u043d\u0437\u0438\u0458\u0435 \u043f\u0440\u0430\u0432\u0438\u0445 \u0438\u0433\u0440\u0430\u0447\u0430 \u043e\u043d\u043b\u0430\u0458\u043d \u043a\u0430\u0437\u0438\u043d\u0430 \u043e \u043a\u0440\u0430\u0448 \u0438\u0433\u0440\u0438 \u0410\u0432\u0438\u0430\u0442\u043e\u0440. \u041f\u0440\u0435\u0433\u043b\u0435\u0434 \u0438\u0433\u0440\u0435 \u0410\u0432\u0438\u0430\u0442\u043e\u0440 \u0443 \u043e\u043d\u043b\u0430\u0458\u043d \u043a\u0430\u0437\u0438\u043d\u0438\u043c\u0430. \u041c\u0438\u0448\u0459\u0435\u045a\u0430 \u0438\u0433\u0440\u0430\u0447\u0430 \u043e \u0410\u0432\u0438\u0430\u0442\u043e\u0440\u0443.","robots":{"index":"index","follow":"follow","max-snippet":"max-snippet:-1","max-image-preview":"max-image-preview:large","max-video-preview":"max-video-preview:-1"},"canonical":"https:\/\/luckyaviator-win.com\/sr\/real-player-reviews-about-the-game-aviator\/","og_locale":"sr_RS","og_type":"article","og_title":"Avis des Joueurs R\u00e9els sur le Jeu Aviator","og_description":"Avis v\u00e9rifi\u00e9s de joueurs r\u00e9els de casinos en ligne sur le jeu crash Aviator. Aper\u00e7u du jeu Aviator dans les casinos en ligne. Avis des joueurs sur Aviator.","og_url":"https:\/\/luckyaviator-win.com\/sr\/real-player-reviews-about-the-game-aviator\/","og_site_name":"Aviator","article_modified_time":"2024-05-28T01:07:53+00:00","twitter_card":"summary_large_image","twitter_misc":{"\u041f\u0440\u043e\u0446\u0435\u045a\u0435\u043d\u043e \u0432\u0440\u0435\u043c\u0435 \u0447\u0438\u0442\u0430\u045a\u0430":"18 \u043c\u0438\u043d\u0443\u0442\u0430"},"schema":{"@context":"https:\/\/schema.org","@graph":[{"@type":"WebPage","@id":"https:\/\/luckyaviator-win.com\/fr\/real-player-reviews-about-the-game-aviator\/","url":"https:\/\/luckyaviator-win.com\/fr\/real-player-reviews-about-the-game-aviator\/","name":"Avis des Joueurs R\u00e9els sur le Jeu Aviator","isPartOf":{"@id":"https:\/\/luckyaviator-win.com\/#website"},"datePublished":"2024-05-27T13:48:50+00:00","dateModified":"2024-05-28T01:07:53+00:00","description":"Avis v\u00e9rifi\u00e9s de joueurs r\u00e9els de casinos en ligne sur le jeu crash Aviator. Aper\u00e7u du jeu Aviator dans les casinos en ligne. Avis des joueurs sur Aviator.","breadcrumb":{"@id":"https:\/\/luckyaviator-win.com\/fr\/real-player-reviews-about-the-game-aviator\/#breadcrumb"},"inLanguage":"sr-RS","potentialAction":[{"@type":"ReadAction","target":["https:\/\/luckyaviator-win.com\/fr\/real-player-reviews-about-the-game-aviator\/"]}]},{"@type":"BreadcrumbList","@id":"https:\/\/luckyaviator-win.com\/fr\/real-player-reviews-about-the-game-aviator\/#breadcrumb","itemListElement":[{"@type":"ListItem","position":1,"name":"\u0413\u043b\u0430\u0432\u043d\u0430\u044f \u0441\u0442\u0440\u0430\u043d\u0438\u0446\u0430","item":"https:\/\/luckyaviator-win.com\/"},{"@type":"ListItem","position":2,"name":"Avis de Joueurs R\u00e9els sur le Jeu Aviator"}]},{"@type":"WebSite","@id":"https:\/\/luckyaviator-win.com\/#website","url":"https:\/\/luckyaviator-win.com\/","name":"Aviator","description":"","potentialAction":[{"@type":"SearchAction","target":{"@type":"EntryPoint","urlTemplate":"https:\/\/luckyaviator-win.com\/?s={search_term_string}"},"query-input":{"@type":"PropertyValueSpecification","valueRequired":true,"valueName":"search_term_string"}}],"inLanguage":"sr-RS"}]}},"_links":{"self":[{"href":"https:\/\/luckyaviator-win.com\/sr\/wp-json\/wp\/v2\/pages\/12","targetHints":{"allow":["GET"]}}],"collection":[{"href":"https:\/\/luckyaviator-win.com\/sr\/wp-json\/wp\/v2\/pages"}],"about":[{"href":"https:\/\/luckyaviator-win.com\/sr\/wp-json\/wp\/v2\/types\/page"}],"author":[{"embeddable":true,"href":"https:\/\/luckyaviator-win.com\/sr\/wp-json\/wp\/v2\/users\/1"}],"replies":[{"embeddable":true,"href":"https:\/\/luckyaviator-win.com\/sr\/wp-json\/wp\/v2\/comments?post=12"}],"version-history":[{"count":22,"href":"https:\/\/luckyaviator-win.com\/sr\/wp-json\/wp\/v2\/pages\/12\/revisions"}],"predecessor-version":[{"id":117,"href":"https:\/\/luckyaviator-win.com\/sr\/wp-json\/wp\/v2\/pages\/12\/revisions\/117"}],"wp:attachment":[{"href":"https:\/\/luckyaviator-win.com\/sr\/wp-json\/wp\/v2\/media?parent=12"}],"curies":[{"name":"wp","href":"https:\/\/api.w.org\/{rel}","templated":true}]}}